{"id":13463,"date":"2026-03-02T17:41:03","date_gmt":"2026-03-02T14:41:03","guid":{"rendered":"https:\/\/casetti.wpevi.com\/arched-cam-vazo-kucuk-boy\/"},"modified":"2026-03-02T17:42:13","modified_gmt":"2026-03-02T14:42:13","slug":"arched-cam-vazo-kucuk-boy","status":"publish","type":"product","link":"https:\/\/casetti.wpevi.com\/en\/arched-cam-vazo-kucuk-boy\/","title":{"rendered":"Arched Glass Vase, Small Size"},"content":{"rendered":"<p>Product Dimensions<br \/>Y\u00fckseklik : 23 cm<br \/>Geni\u015flik : 12 cm<\/p>\n<p>Modern Siyah Cam Vazo, \u015eeffaf Dalgal\u0131 Detayl\u0131 Dekoratif Tasar\u0131m Vazo, L\u00fcks Salon ve Masa \u00dcst\u00fc Ev Dekorasyonu Aksesuar\u0131<\/p>\n<p><strong>Description:<\/strong><br \/> Modern siyah cam vazo, \u015feffaf dalgal\u0131 cam detaylar\u0131yla tasarlanm\u0131\u015f sanatsal ve l\u00fcks bir dekoratif objedir. \u00c7a\u011fda\u015f ev dekorasyonu i\u00e7in \u00f6zel olarak tasarlanan bu \u015f\u0131k cam vazo; salon, yemek masas\u0131, konsol ve ofis dekorasyonunda dikkat \u00e7ekici bir tamamlay\u0131c\u0131d\u0131r. Estetik formu ve g\u00fc\u00e7l\u00fc duru\u015fu ile bulundu\u011fu ortama sofistike bir hava katar.<\/p>","protected":false},"excerpt":{"rendered":"<p>\u00dcr\u00fcn \u00d6l\u00e7\u00fcleriY\u00fckseklik : 23 cmGeni\u015flik : 12 cm Modern Siyah Cam Vazo, \u015eeffaf Dalgal\u0131 Detayl\u0131 Dekoratif Tasar\u0131m Vazo, L\u00fcks Salon ve Masa \u00dcst\u00fc Ev Dekorasyonu Aksesuar\u0131 Description: Modern siyah cam vazo, \u015feffaf dalgal\u0131 cam detaylar\u0131yla tasarlanm\u0131\u015f sanatsal ve l\u00fcks bir dekoratif objedir. \u00c7a\u011fda\u015f ev dekorasyonu i\u00e7in \u00f6zel olarak tasarlanan bu \u015f\u0131k cam vazo; salon, yemek &hellip; <a href=\"https:\/\/casetti.wpevi.com\/en\/arched-cam-vazo-kucuk-boy\/\" class=\"more-link\">Continue reading <span class=\"screen-reader-text\">Arched Glass Vase, Small Size<\/span><\/a><\/p>","protected":false},"featured_media":13467,"comment_status":"open","ping_status":"closed","template":"","meta":[],"product_brand":[217],"product_cat":[213],"product_tag":[],"class_list":{"0":"post-13463","1":"product","2":"type-product","3":"status-publish","4":"has-post-thumbnail","6":"product_brand-casetti","7":"product_cat-cam-ve-kristal-urunler","10":"instock","11":"taxable","12":"shipping-taxable","13":"purchasable","14":"product-type-simple"},"_links":{"self":[{"href":"https:\/\/casetti.wpevi.com\/en\/wp-json\/wp\/v2\/product\/13463","targetHints":{"allow":["GET"]}}],"collection":[{"href":"https:\/\/casetti.wpevi.com\/en\/wp-json\/wp\/v2\/product"}],"about":[{"href":"https:\/\/casetti.wpevi.com\/en\/wp-json\/wp\/v2\/types\/product"}],"replies":[{"embeddable":true,"href":"https:\/\/casetti.wpevi.com\/en\/wp-json\/wp\/v2\/comments?post=13463"}],"version-history":[{"count":0,"href":"https:\/\/casetti.wpevi.com\/en\/wp-json\/wp\/v2\/product\/13463\/revisions"}],"wp:featuredmedia":[{"embeddable":true,"href":"https:\/\/casetti.wpevi.com\/en\/wp-json\/wp\/v2\/media\/13467"}],"wp:attachment":[{"href":"https:\/\/casetti.wpevi.com\/en\/wp-json\/wp\/v2\/media?parent=13463"}],"wp:term":[{"taxonomy":"product_brand","embeddable":true,"href":"https:\/\/casetti.wpevi.com\/en\/wp-json\/wp\/v2\/product_brand?post=13463"},{"taxonomy":"product_cat","embeddable":true,"href":"https:\/\/casetti.wpevi.com\/en\/wp-json\/wp\/v2\/product_cat?post=13463"},{"taxonomy":"product_tag","embeddable":true,"href":"https:\/\/casetti.wpevi.com\/en\/wp-json\/wp\/v2\/product_tag?post=13463"}],"curies":[{"name":"wp","href":"https:\/\/api.w.org\/{rel}","templated":true}]}}