{"id":13453,"date":"2026-03-02T17:31:07","date_gmt":"2026-03-02T14:31:07","guid":{"rendered":"https:\/\/casetti.wpevi.com\/arched-cam-vazo\/"},"modified":"2026-03-07T17:50:30","modified_gmt":"2026-03-07T14:50:30","slug":"arched-cam-vazo-buyuk-boy","status":"publish","type":"product","link":"https:\/\/casetti.wpevi.com\/en\/arched-cam-vazo-buyuk-boy\/","title":{"rendered":"Arched Glass Vase, Large Size"},"content":{"rendered":"<p>Product Dimensions<br \/>Height: 29 cm<br \/>Geni\u015flik : 13 cm<\/p>\n<p>Modern siyah cam vazo, \u015feffaf dalgal\u0131 cam detaylar\u0131yla tasarlanm\u0131\u015f sanatsal ve l\u00fcks bir dekoratif objedir. \u00c7a\u011fda\u015f ev dekorasyonu i\u00e7in \u00f6zel olarak tasarlanan bu \u015f\u0131k cam vazo; salon, yemek masas\u0131, konsol ve ofis dekorasyonunda dikkat \u00e7ekici bir tamamlay\u0131c\u0131d\u0131r. Estetik formu ve g\u00fc\u00e7l\u00fc duru\u015fu ile bulundu\u011fu ortama sofistike bir hava katar.&nbsp;<\/p>","protected":false},"excerpt":{"rendered":"<p>\u00dcr\u00fcn \u00d6l\u00e7\u00fcleriY\u00fckseklik : 29 cmGeni\u015flik : 13 cm Modern siyah cam vazo, \u015feffaf dalgal\u0131 cam detaylar\u0131yla tasarlanm\u0131\u015f sanatsal ve l\u00fcks bir dekoratif objedir. \u00c7a\u011fda\u015f ev dekorasyonu i\u00e7in \u00f6zel olarak tasarlanan bu \u015f\u0131k cam vazo; salon, yemek masas\u0131, konsol ve ofis dekorasyonunda dikkat \u00e7ekici bir tamamlay\u0131c\u0131d\u0131r. Estetik formu ve g\u00fc\u00e7l\u00fc duru\u015fu ile bulundu\u011fu ortama sofistike bir &hellip; <a href=\"https:\/\/casetti.wpevi.com\/en\/arched-cam-vazo-buyuk-boy\/\" class=\"more-link\">Continue reading <span class=\"screen-reader-text\">Arched Glass Vase, Large Size<\/span><\/a><\/p>","protected":false},"featured_media":14534,"comment_status":"open","ping_status":"closed","template":"","meta":[],"product_brand":[217],"product_cat":[213],"product_tag":[],"class_list":{"0":"post-13453","1":"product","2":"type-product","3":"status-publish","4":"has-post-thumbnail","6":"product_brand-casetti","7":"product_cat-cam-ve-kristal-urunler","10":"instock","11":"taxable","12":"shipping-taxable","13":"purchasable","14":"product-type-simple"},"_links":{"self":[{"href":"https:\/\/casetti.wpevi.com\/en\/wp-json\/wp\/v2\/product\/13453","targetHints":{"allow":["GET"]}}],"collection":[{"href":"https:\/\/casetti.wpevi.com\/en\/wp-json\/wp\/v2\/product"}],"about":[{"href":"https:\/\/casetti.wpevi.com\/en\/wp-json\/wp\/v2\/types\/product"}],"replies":[{"embeddable":true,"href":"https:\/\/casetti.wpevi.com\/en\/wp-json\/wp\/v2\/comments?post=13453"}],"version-history":[{"count":1,"href":"https:\/\/casetti.wpevi.com\/en\/wp-json\/wp\/v2\/product\/13453\/revisions"}],"predecessor-version":[{"id":14527,"href":"https:\/\/casetti.wpevi.com\/en\/wp-json\/wp\/v2\/product\/13453\/revisions\/14527"}],"wp:featuredmedia":[{"embeddable":true,"href":"https:\/\/casetti.wpevi.com\/en\/wp-json\/wp\/v2\/media\/14534"}],"wp:attachment":[{"href":"https:\/\/casetti.wpevi.com\/en\/wp-json\/wp\/v2\/media?parent=13453"}],"wp:term":[{"taxonomy":"product_brand","embeddable":true,"href":"https:\/\/casetti.wpevi.com\/en\/wp-json\/wp\/v2\/product_brand?post=13453"},{"taxonomy":"product_cat","embeddable":true,"href":"https:\/\/casetti.wpevi.com\/en\/wp-json\/wp\/v2\/product_cat?post=13453"},{"taxonomy":"product_tag","embeddable":true,"href":"https:\/\/casetti.wpevi.com\/en\/wp-json\/wp\/v2\/product_tag?post=13453"}],"curies":[{"name":"wp","href":"https:\/\/api.w.org\/{rel}","templated":true}]}}