{"id":13446,"date":"2026-03-02T13:37:03","date_gmt":"2026-03-02T10:37:03","guid":{"rendered":"https:\/\/casetti.wpevi.com\/calyra-cam-vazo\/"},"modified":"2026-03-12T22:02:22","modified_gmt":"2026-03-12T19:02:22","slug":"calyra-cam-vazo","status":"publish","type":"product","link":"https:\/\/casetti.wpevi.com\/en\/calyra-cam-vazo\/","title":{"rendered":"Calyra Cam Vazo"},"content":{"rendered":"<p>Product Dimensions<br \/>Y\u00fckseklik : 28 cm&nbsp;<br \/>Geni\u015flik : 20 cm<\/p>\n<p>28 cm y\u00fcksekli\u011fe sahip bu <strong>dekoratif cam vazo<\/strong>, mavi ve turkuaz ge\u00e7i\u015fli renk tasar\u0131m\u0131yla modern ev dekorasyonuna zarif bir dokunu\u015f katar. Dalga efektli cam dokusu, \u0131\u015f\u0131kla birlikte hareket eden yans\u0131malar olu\u015fturarak bulundu\u011fu mek\u00e2nda dikkat \u00e7ekici bir odak noktas\u0131 yarat\u0131r.<\/p>\n<p>El i\u015f\u00e7ili\u011fi hissi veren y\u00fczey formu sayesinde hem <strong>modern salon dekorasyonu<\/strong>, hem <strong>l\u00fcks villa projeleri<\/strong>, hem de <strong>ofis ve konsol \u00fcst\u00fc dekorasyon<\/strong> i\u00e7in ideal bir tamamlay\u0131c\u0131d\u0131r. \u015eeffaf \u00fcst ge\u00e7i\u015f ve yo\u011fun mavi alt ton, \u00fcr\u00fcne derinlik kazand\u0131r\u0131r ve premium bir g\u00f6r\u00fcn\u00fcm sunar.<\/p>","protected":false},"excerpt":{"rendered":"<p>\u00dcr\u00fcn \u00d6l\u00e7\u00fcleriY\u00fckseklik : 28 cm&nbsp;Geni\u015flik : 20 cm 28 cm y\u00fcksekli\u011fe sahip bu dekoratif cam vazo, mavi ve turkuaz ge\u00e7i\u015fli renk tasar\u0131m\u0131yla modern ev dekorasyonuna zarif bir dokunu\u015f katar. Dalga efektli cam dokusu, \u0131\u015f\u0131kla birlikte hareket eden yans\u0131malar olu\u015fturarak bulundu\u011fu mek\u00e2nda dikkat \u00e7ekici bir odak noktas\u0131 yarat\u0131r. El i\u015f\u00e7ili\u011fi hissi veren y\u00fczey formu sayesinde hem &hellip; <a href=\"https:\/\/casetti.wpevi.com\/en\/calyra-cam-vazo\/\" class=\"more-link\">Continue reading <span class=\"screen-reader-text\">Calyra Cam Vazo<\/span><\/a><\/p>","protected":false},"featured_media":15923,"comment_status":"open","ping_status":"closed","template":"","meta":[],"product_brand":[217],"product_cat":[213],"product_tag":[],"class_list":{"0":"post-13446","1":"product","2":"type-product","3":"status-publish","4":"has-post-thumbnail","6":"product_brand-casetti","7":"product_cat-cam-ve-kristal-urunler","10":"instock","11":"taxable","12":"shipping-taxable","13":"purchasable","14":"product-type-simple"},"_links":{"self":[{"href":"https:\/\/casetti.wpevi.com\/en\/wp-json\/wp\/v2\/product\/13446","targetHints":{"allow":["GET"]}}],"collection":[{"href":"https:\/\/casetti.wpevi.com\/en\/wp-json\/wp\/v2\/product"}],"about":[{"href":"https:\/\/casetti.wpevi.com\/en\/wp-json\/wp\/v2\/types\/product"}],"replies":[{"embeddable":true,"href":"https:\/\/casetti.wpevi.com\/en\/wp-json\/wp\/v2\/comments?post=13446"}],"version-history":[{"count":0,"href":"https:\/\/casetti.wpevi.com\/en\/wp-json\/wp\/v2\/product\/13446\/revisions"}],"wp:featuredmedia":[{"embeddable":true,"href":"https:\/\/casetti.wpevi.com\/en\/wp-json\/wp\/v2\/media\/15923"}],"wp:attachment":[{"href":"https:\/\/casetti.wpevi.com\/en\/wp-json\/wp\/v2\/media?parent=13446"}],"wp:term":[{"taxonomy":"product_brand","embeddable":true,"href":"https:\/\/casetti.wpevi.com\/en\/wp-json\/wp\/v2\/product_brand?post=13446"},{"taxonomy":"product_cat","embeddable":true,"href":"https:\/\/casetti.wpevi.com\/en\/wp-json\/wp\/v2\/product_cat?post=13446"},{"taxonomy":"product_tag","embeddable":true,"href":"https:\/\/casetti.wpevi.com\/en\/wp-json\/wp\/v2\/product_tag?post=13446"}],"curies":[{"name":"wp","href":"https:\/\/api.w.org\/{rel}","templated":true}]}}