{"id":13438,"date":"2026-03-02T13:30:05","date_gmt":"2026-03-02T10:30:05","guid":{"rendered":"https:\/\/casetti.wpevi.com\/luxera-cam-obje-set\/"},"modified":"2026-03-02T13:32:22","modified_gmt":"2026-03-02T10:32:22","slug":"luxera-cam-obje-set","status":"publish","type":"product","link":"https:\/\/casetti.wpevi.com\/en\/luxera-cam-obje-set\/","title":{"rendered":"Luxera Cam Obje Set"},"content":{"rendered":"<p>Product Dimensions&nbsp;<br \/>Y\u00fckseklik :<br \/>B\u00fcy\u00fck : 30 cm<br \/>K\u00fc\u00e7\u00fck : 21 cm<\/p>\n<p>Formu ve ak\u0131\u015fkan y\u00fczey dokusuyla tasarlanan bu <strong>soyut cam obje seti<\/strong>, modern ve l\u00fcks dekorasyon anlay\u0131\u015f\u0131n\u0131 yans\u0131tan \u00f6zel bir tasar\u0131md\u0131r. El i\u015f\u00e7ili\u011fi cam formu, siyah ve derin bordo tonlar\u0131n\u0131n i\u00e7 i\u00e7e ge\u00e7ti\u011fi dinamik yap\u0131s\u0131yla mek\u00e2na g\u00fc\u00e7l\u00fc bir karakter kazand\u0131r\u0131r.<\/p>\n<p>Minimalist, modern, contemporary ve l\u00fcks i\u00e7 mek\u00e2n dekorasyonlar\u0131nda rahatl\u0131kla kullan\u0131labilen bu <strong>dekoratif cam obje seti<\/strong>, konsol, dresuar, orta sehpa, ofis masas\u0131 ve vitrin dekorasyonu i\u00e7in ideal bir tamamlay\u0131c\u0131d\u0131r. I\u015f\u0131\u011fa g\u00f6re de\u011fi\u015fen yans\u0131malar\u0131 sayesinde bulundu\u011fu ortamda dikkat \u00e7ekici bir odak noktas\u0131 olu\u015fturur.<\/p>","protected":false},"excerpt":{"rendered":"<p>\u00dcr\u00fcn \u00d6l\u00e7\u00fcleri&nbsp;Y\u00fckseklik :B\u00fcy\u00fck : 30 cmK\u00fc\u00e7\u00fck : 21 cm Formu ve ak\u0131\u015fkan y\u00fczey dokusuyla tasarlanan bu soyut cam obje seti, modern ve l\u00fcks dekorasyon anlay\u0131\u015f\u0131n\u0131 yans\u0131tan \u00f6zel bir tasar\u0131md\u0131r. El i\u015f\u00e7ili\u011fi cam formu, siyah ve derin bordo tonlar\u0131n\u0131n i\u00e7 i\u00e7e ge\u00e7ti\u011fi dinamik yap\u0131s\u0131yla mek\u00e2na g\u00fc\u00e7l\u00fc bir karakter kazand\u0131r\u0131r. Minimalist, modern, contemporary ve l\u00fcks i\u00e7 mek\u00e2n &hellip; <a href=\"https:\/\/casetti.wpevi.com\/en\/luxera-cam-obje-set\/\" class=\"more-link\">Continue reading <span class=\"screen-reader-text\">Luxera Cam Obje Set<\/span><\/a><\/p>","protected":false},"featured_media":13444,"comment_status":"open","ping_status":"closed","template":"","meta":[],"product_brand":[217],"product_cat":[213],"product_tag":[],"class_list":{"0":"post-13438","1":"product","2":"type-product","3":"status-publish","4":"has-post-thumbnail","6":"product_brand-casetti","7":"product_cat-cam-ve-kristal-urunler","10":"instock","11":"taxable","12":"shipping-taxable","13":"purchasable","14":"product-type-simple"},"_links":{"self":[{"href":"https:\/\/casetti.wpevi.com\/en\/wp-json\/wp\/v2\/product\/13438","targetHints":{"allow":["GET"]}}],"collection":[{"href":"https:\/\/casetti.wpevi.com\/en\/wp-json\/wp\/v2\/product"}],"about":[{"href":"https:\/\/casetti.wpevi.com\/en\/wp-json\/wp\/v2\/types\/product"}],"replies":[{"embeddable":true,"href":"https:\/\/casetti.wpevi.com\/en\/wp-json\/wp\/v2\/comments?post=13438"}],"version-history":[{"count":1,"href":"https:\/\/casetti.wpevi.com\/en\/wp-json\/wp\/v2\/product\/13438\/revisions"}],"predecessor-version":[{"id":13441,"href":"https:\/\/casetti.wpevi.com\/en\/wp-json\/wp\/v2\/product\/13438\/revisions\/13441"}],"wp:featuredmedia":[{"embeddable":true,"href":"https:\/\/casetti.wpevi.com\/en\/wp-json\/wp\/v2\/media\/13444"}],"wp:attachment":[{"href":"https:\/\/casetti.wpevi.com\/en\/wp-json\/wp\/v2\/media?parent=13438"}],"wp:term":[{"taxonomy":"product_brand","embeddable":true,"href":"https:\/\/casetti.wpevi.com\/en\/wp-json\/wp\/v2\/product_brand?post=13438"},{"taxonomy":"product_cat","embeddable":true,"href":"https:\/\/casetti.wpevi.com\/en\/wp-json\/wp\/v2\/product_cat?post=13438"},{"taxonomy":"product_tag","embeddable":true,"href":"https:\/\/casetti.wpevi.com\/en\/wp-json\/wp\/v2\/product_tag?post=13438"}],"curies":[{"name":"wp","href":"https:\/\/api.w.org\/{rel}","templated":true}]}}