{"id":13414,"date":"2026-03-02T12:33:05","date_gmt":"2026-03-02T09:33:05","guid":{"rendered":"https:\/\/casetti.wpevi.com\/wave-cam-disk-set\/"},"modified":"2026-03-02T12:52:08","modified_gmt":"2026-03-02T09:52:08","slug":"wave-cam-disk-set","status":"publish","type":"product","link":"https:\/\/casetti.wpevi.com\/en\/wave-cam-disk-set\/","title":{"rendered":"Wave Cam Disk Set"},"content":{"rendered":"<p>\u00dcr\u00fcn \u00d6l\u00e7\u00fcleri :<br \/>Y\u00fckseklik : <br \/>B\u00fcy\u00fck Boy : 35 cm&nbsp;<br \/>K\u00fc\u00e7\u00fck Boy :&nbsp; 29 cm&nbsp;<br \/>Geni\u015flik :<br \/>B\u00fcy\u00fck Boy : 36 cm<br \/>K\u00fc\u00e7\u00fck Boy : 30 cm&nbsp;<\/p>","protected":false},"excerpt":{"rendered":"<p>\u00dcr\u00fcn \u00d6l\u00e7\u00fcleri :Y\u00fckseklik : B\u00fcy\u00fck Boy : 35 cm&nbsp;K\u00fc\u00e7\u00fck Boy :&nbsp; 29 cm&nbsp;Geni\u015flik :B\u00fcy\u00fck Boy : 36 cmK\u00fc\u00e7\u00fck Boy : 30 cm&nbsp;<\/p>","protected":false},"featured_media":13427,"comment_status":"open","ping_status":"closed","template":"","meta":[],"product_brand":[217],"product_cat":[213],"product_tag":[],"class_list":{"0":"post-13414","1":"product","2":"type-product","3":"status-publish","4":"has-post-thumbnail","6":"product_brand-casetti","7":"product_cat-cam-ve-kristal-urunler","10":"instock","11":"taxable","12":"shipping-taxable","13":"purchasable","14":"product-type-simple"},"_links":{"self":[{"href":"https:\/\/casetti.wpevi.com\/en\/wp-json\/wp\/v2\/product\/13414","targetHints":{"allow":["GET"]}}],"collection":[{"href":"https:\/\/casetti.wpevi.com\/en\/wp-json\/wp\/v2\/product"}],"about":[{"href":"https:\/\/casetti.wpevi.com\/en\/wp-json\/wp\/v2\/types\/product"}],"replies":[{"embeddable":true,"href":"https:\/\/casetti.wpevi.com\/en\/wp-json\/wp\/v2\/comments?post=13414"}],"version-history":[{"count":0,"href":"https:\/\/casetti.wpevi.com\/en\/wp-json\/wp\/v2\/product\/13414\/revisions"}],"wp:featuredmedia":[{"embeddable":true,"href":"https:\/\/casetti.wpevi.com\/en\/wp-json\/wp\/v2\/media\/13427"}],"wp:attachment":[{"href":"https:\/\/casetti.wpevi.com\/en\/wp-json\/wp\/v2\/media?parent=13414"}],"wp:term":[{"taxonomy":"product_brand","embeddable":true,"href":"https:\/\/casetti.wpevi.com\/en\/wp-json\/wp\/v2\/product_brand?post=13414"},{"taxonomy":"product_cat","embeddable":true,"href":"https:\/\/casetti.wpevi.com\/en\/wp-json\/wp\/v2\/product_cat?post=13414"},{"taxonomy":"product_tag","embeddable":true,"href":"https:\/\/casetti.wpevi.com\/en\/wp-json\/wp\/v2\/product_tag?post=13414"}],"curies":[{"name":"wp","href":"https:\/\/api.w.org\/{rel}","templated":true}]}}