{"id":13361,"date":"2026-02-28T17:18:03","date_gmt":"2026-02-28T14:18:03","guid":{"rendered":"https:\/\/casetti.wpevi.com\/verde-cam-kemer\/"},"modified":"2026-03-05T12:08:56","modified_gmt":"2026-03-05T09:08:56","slug":"verde-cam-kemer-kucuk-boy","status":"publish","type":"product","link":"https:\/\/casetti.wpevi.com\/en\/verde-cam-kemer-kucuk-boy\/","title":{"rendered":"Verde Cam Kemer K\u00fc\u00e7\u00fck Boy"},"content":{"rendered":"<p>Product Dimensions<br \/>Y\u00fckseklik : 15 cm&nbsp;<br \/>Geni\u015flik : 17 cm&nbsp;<\/p>\n<p>Verde, do\u011fan\u0131n ham g\u00fcc\u00fcnden ilham alan organik bir kemer formudur. Katmanl\u0131 ve ak\u0131\u015fkan cam bloklar\u0131n \u00fcst \u00fcste dizilmesiyle olu\u015fturulan yap\u0131, hem ilkel hem modern bir mimari dili bir araya getirir.<\/p>\n<p>Zeytin-ye\u015fili ton ge\u00e7i\u015fleri, kristalin i\u00e7indeki damar dokusuyla birle\u015ferek do\u011fal ta\u015f hissi yarat\u0131r. Her bir segmentin d\u00fczensiz formu, tasar\u0131ma bilin\u00e7li bir asimetri ve hareket kazand\u0131r\u0131r. I\u015f\u0131\u011f\u0131 farkl\u0131 a\u00e7\u0131larda k\u0131ran y\u00fczey, objeyi g\u00fcn \u0131\u015f\u0131\u011f\u0131nda daha \u015feffaf, lo\u015f ortamda ise daha yo\u011fun ve gizemli g\u00f6sterir.<\/p>\n<p>Verde Monolith yaln\u0131zca bir dekoratif obje de\u011fil; bulundu\u011fu mek\u00e2nda bir ge\u00e7i\u015f sembol\u00fcd\u00fcr. Modern villalarda, sanat koleksiyonu olan alanlarda ve g\u00fc\u00e7l\u00fc mimari konseptlerde heykelsi bir odak noktas\u0131 olu\u015fturur.<\/p>\n<p><\/p>","protected":false},"excerpt":{"rendered":"<p>\u00dcr\u00fcn \u00d6l\u00e7\u00fcleriY\u00fckseklik : 15 cm&nbsp;Geni\u015flik : 17 cm&nbsp; Verde, do\u011fan\u0131n ham g\u00fcc\u00fcnden ilham alan organik bir kemer formudur. Katmanl\u0131 ve ak\u0131\u015fkan cam bloklar\u0131n \u00fcst \u00fcste dizilmesiyle olu\u015fturulan yap\u0131, hem ilkel hem modern bir mimari dili bir araya getirir. Zeytin-ye\u015fili ton ge\u00e7i\u015fleri, kristalin i\u00e7indeki damar dokusuyla birle\u015ferek do\u011fal ta\u015f hissi yarat\u0131r. Her bir segmentin d\u00fczensiz formu, &hellip; <a href=\"https:\/\/casetti.wpevi.com\/en\/verde-cam-kemer-kucuk-boy\/\" class=\"more-link\">Continue reading <span class=\"screen-reader-text\">Verde Cam Kemer K\u00fc\u00e7\u00fck Boy<\/span><\/a><\/p>","protected":false},"featured_media":14017,"comment_status":"open","ping_status":"closed","template":"","meta":[],"product_brand":[217],"product_cat":[213],"product_tag":[],"class_list":{"0":"post-13361","1":"product","2":"type-product","3":"status-publish","4":"has-post-thumbnail","6":"product_brand-casetti","7":"product_cat-cam-ve-kristal-urunler","10":"instock","11":"taxable","12":"shipping-taxable","13":"purchasable","14":"product-type-simple"},"_links":{"self":[{"href":"https:\/\/casetti.wpevi.com\/en\/wp-json\/wp\/v2\/product\/13361","targetHints":{"allow":["GET"]}}],"collection":[{"href":"https:\/\/casetti.wpevi.com\/en\/wp-json\/wp\/v2\/product"}],"about":[{"href":"https:\/\/casetti.wpevi.com\/en\/wp-json\/wp\/v2\/types\/product"}],"replies":[{"embeddable":true,"href":"https:\/\/casetti.wpevi.com\/en\/wp-json\/wp\/v2\/comments?post=13361"}],"version-history":[{"count":1,"href":"https:\/\/casetti.wpevi.com\/en\/wp-json\/wp\/v2\/product\/13361\/revisions"}],"predecessor-version":[{"id":13364,"href":"https:\/\/casetti.wpevi.com\/en\/wp-json\/wp\/v2\/product\/13361\/revisions\/13364"}],"wp:featuredmedia":[{"embeddable":true,"href":"https:\/\/casetti.wpevi.com\/en\/wp-json\/wp\/v2\/media\/14017"}],"wp:attachment":[{"href":"https:\/\/casetti.wpevi.com\/en\/wp-json\/wp\/v2\/media?parent=13361"}],"wp:term":[{"taxonomy":"product_brand","embeddable":true,"href":"https:\/\/casetti.wpevi.com\/en\/wp-json\/wp\/v2\/product_brand?post=13361"},{"taxonomy":"product_cat","embeddable":true,"href":"https:\/\/casetti.wpevi.com\/en\/wp-json\/wp\/v2\/product_cat?post=13361"},{"taxonomy":"product_tag","embeddable":true,"href":"https:\/\/casetti.wpevi.com\/en\/wp-json\/wp\/v2\/product_tag?post=13361"}],"curies":[{"name":"wp","href":"https:\/\/api.w.org\/{rel}","templated":true}]}}