{"id":13347,"date":"2026-02-28T17:07:16","date_gmt":"2026-02-28T14:07:16","guid":{"rendered":"https:\/\/casetti.wpevi.com\/?post_type=product&#038;p=13347"},"modified":"2026-03-12T21:47:07","modified_gmt":"2026-03-12T18:47:07","slug":"aqual-cam-vazo-buyuk-boy","status":"publish","type":"product","link":"https:\/\/casetti.wpevi.com\/en\/aqual-cam-vazo-buyuk-boy\/","title":{"rendered":"Aqua Glass Vase, Large Size"},"content":{"rendered":"<p>Product Dimensions<br \/>Y\u00fckseklik : 28 cm&nbsp;<br \/>Width: 15 cm<\/p>\n<p>Aqual, suyun ritmini ve \u0131\u015f\u0131\u011f\u0131n ak\u0131\u015f\u0131n\u0131 cam formunda bulu\u015fturan heykelsi bir tasar\u0131m. G\u00f6vde \u00fczerindeki dalgal\u0131, katmanl\u0131 dokular; su y\u00fczeyindeki titre\u015fimi and\u0131ran hareketli bir dinamizm yarat\u0131r. Her a\u00e7\u0131dan bak\u0131ld\u0131\u011f\u0131nda farkl\u0131 bir ak\u0131\u015f hissi sunar.<\/p>\n<p>\u00dcst b\u00f6l\u00fcmdeki organik ve hafif k\u0131vr\u0131ml\u0131 a\u011f\u0131z formu, tasar\u0131ma do\u011fal bir serbestlik katarken; g\u00f6vdedeki ak\u0131\u015fkan \u00e7izgiler cam\u0131n i\u00e7indeki derinli\u011fi g\u00f6r\u00fcn\u00fcr k\u0131lar. Turkuaz-mavi ton ge\u00e7i\u015fleri \u0131\u015f\u0131\u011f\u0131 yakalar ve y\u00fczey boyunca canl\u0131 bir hareket olu\u015fturur.<\/p>","protected":false},"excerpt":{"rendered":"<p>\u00dcr\u00fcn \u00d6l\u00e7\u00fcleriY\u00fckseklik : 28 cm&nbsp;Geni\u015flik : 15 cm Aqual, suyun ritmini ve \u0131\u015f\u0131\u011f\u0131n ak\u0131\u015f\u0131n\u0131 cam formunda bulu\u015fturan heykelsi bir tasar\u0131m. G\u00f6vde \u00fczerindeki dalgal\u0131, katmanl\u0131 dokular; su y\u00fczeyindeki titre\u015fimi and\u0131ran hareketli bir dinamizm yarat\u0131r. Her a\u00e7\u0131dan bak\u0131ld\u0131\u011f\u0131nda farkl\u0131 bir ak\u0131\u015f hissi sunar. \u00dcst b\u00f6l\u00fcmdeki organik ve hafif k\u0131vr\u0131ml\u0131 a\u011f\u0131z formu, tasar\u0131ma do\u011fal bir serbestlik katarken; g\u00f6vdedeki &hellip; <a href=\"https:\/\/casetti.wpevi.com\/en\/aqual-cam-vazo-buyuk-boy\/\" class=\"more-link\">Continue reading <span class=\"screen-reader-text\">Aqua Glass Vase, Large Size<\/span><\/a><\/p>","protected":false},"featured_media":15912,"comment_status":"open","ping_status":"closed","template":"","meta":[],"product_brand":[217],"product_cat":[213],"product_tag":[],"class_list":{"0":"post-13347","1":"product","2":"type-product","3":"status-publish","4":"has-post-thumbnail","6":"product_brand-casetti","7":"product_cat-cam-ve-kristal-urunler","10":"instock","11":"taxable","12":"shipping-taxable","13":"purchasable","14":"product-type-simple"},"_links":{"self":[{"href":"https:\/\/casetti.wpevi.com\/en\/wp-json\/wp\/v2\/product\/13347","targetHints":{"allow":["GET"]}}],"collection":[{"href":"https:\/\/casetti.wpevi.com\/en\/wp-json\/wp\/v2\/product"}],"about":[{"href":"https:\/\/casetti.wpevi.com\/en\/wp-json\/wp\/v2\/types\/product"}],"replies":[{"embeddable":true,"href":"https:\/\/casetti.wpevi.com\/en\/wp-json\/wp\/v2\/comments?post=13347"}],"version-history":[{"count":1,"href":"https:\/\/casetti.wpevi.com\/en\/wp-json\/wp\/v2\/product\/13347\/revisions"}],"predecessor-version":[{"id":13350,"href":"https:\/\/casetti.wpevi.com\/en\/wp-json\/wp\/v2\/product\/13347\/revisions\/13350"}],"wp:featuredmedia":[{"embeddable":true,"href":"https:\/\/casetti.wpevi.com\/en\/wp-json\/wp\/v2\/media\/15912"}],"wp:attachment":[{"href":"https:\/\/casetti.wpevi.com\/en\/wp-json\/wp\/v2\/media?parent=13347"}],"wp:term":[{"taxonomy":"product_brand","embeddable":true,"href":"https:\/\/casetti.wpevi.com\/en\/wp-json\/wp\/v2\/product_brand?post=13347"},{"taxonomy":"product_cat","embeddable":true,"href":"https:\/\/casetti.wpevi.com\/en\/wp-json\/wp\/v2\/product_cat?post=13347"},{"taxonomy":"product_tag","embeddable":true,"href":"https:\/\/casetti.wpevi.com\/en\/wp-json\/wp\/v2\/product_tag?post=13347"}],"curies":[{"name":"wp","href":"https:\/\/api.w.org\/{rel}","templated":true}]}}