{"id":13304,"date":"2026-02-28T15:34:05","date_gmt":"2026-02-28T12:34:05","guid":{"rendered":"https:\/\/casetti.wpevi.com\/gravis-cam-diffuser\/"},"modified":"2026-03-12T21:05:35","modified_gmt":"2026-03-12T18:05:35","slug":"gravis-cam-diffuser","status":"publish","type":"product","link":"https:\/\/casetti.wpevi.com\/en\/gravis-cam-diffuser\/","title":{"rendered":"Gravis Cam Diffuser"},"content":{"rendered":"<p>Product Dimensions<br \/>Y\u00fckseklik : 15 cm<br \/>Geni\u015flik : 16 cm<br \/>Gravis, ad\u0131n\u0131 Latince \u201ca\u011f\u0131rl\u0131k ve ciddiyet\u201d anlam\u0131na gelen kelimeden al\u0131r. Yo\u011fun ve kal\u0131n kristal cam g\u00f6vdesiyle s\u0131radan oda kokular\u0131ndan ayr\u0131l\u0131r; elinize ald\u0131\u011f\u0131n\u0131z anda hissedilen k\u00fctlesel a\u011f\u0131rl\u0131k, tasar\u0131m\u0131n prestijini ortaya koyar.<\/p>\n<p>Derin z\u00fcmr\u00fct tonlu cam, \u0131\u015f\u0131\u011f\u0131 katmanl\u0131 bi\u00e7imde k\u0131rarak i\u00e7 dokudaki dalgal\u0131 formu g\u00f6r\u00fcn\u00fcr k\u0131lar. Bu hacimli yap\u0131, \u00fcr\u00fcn\u00fc yaln\u0131zca fonksiyonel bir diffuser de\u011fil; mek\u00e2na karakter kazand\u0131ran heykelsi bir obje haline getirir.<\/p>\n<p>Siyah \u00e7ubuklar ve gold metal detaylar, cam\u0131n so\u011fuk derinli\u011fiyle g\u00fc\u00e7l\u00fc bir kontrast olu\u015fturur. Gravis; y\u00f6netici ofislerinde, modern villalarda ve se\u00e7kin ya\u015fam alanlar\u0131nda hem koku hem tasar\u0131m imzas\u0131 olarak \u00f6ne \u00e7\u0131kar.<\/p>","protected":false},"excerpt":{"rendered":"<p>\u00dcr\u00fcn \u00d6l\u00e7\u00fcleriY\u00fckseklik : 15 cmGeni\u015flik : 16 cmGravis, ad\u0131n\u0131 Latince \u201ca\u011f\u0131rl\u0131k ve ciddiyet\u201d anlam\u0131na gelen kelimeden al\u0131r. Yo\u011fun ve kal\u0131n kristal cam g\u00f6vdesiyle s\u0131radan oda kokular\u0131ndan ayr\u0131l\u0131r; elinize ald\u0131\u011f\u0131n\u0131z anda hissedilen k\u00fctlesel a\u011f\u0131rl\u0131k, tasar\u0131m\u0131n prestijini ortaya koyar. Derin z\u00fcmr\u00fct tonlu cam, \u0131\u015f\u0131\u011f\u0131 katmanl\u0131 bi\u00e7imde k\u0131rarak i\u00e7 dokudaki dalgal\u0131 formu g\u00f6r\u00fcn\u00fcr k\u0131lar. Bu hacimli yap\u0131, \u00fcr\u00fcn\u00fc &hellip; <a href=\"https:\/\/casetti.wpevi.com\/en\/gravis-cam-diffuser\/\" class=\"more-link\">Continue reading <span class=\"screen-reader-text\">Gravis Cam Diffuser<\/span><\/a><\/p>","protected":false},"featured_media":15840,"comment_status":"open","ping_status":"closed","template":"","meta":[],"product_brand":[217],"product_cat":[213],"product_tag":[],"class_list":{"0":"post-13304","1":"product","2":"type-product","3":"status-publish","4":"has-post-thumbnail","6":"product_brand-casetti","7":"product_cat-cam-ve-kristal-urunler","10":"instock","11":"taxable","12":"shipping-taxable","13":"purchasable","14":"product-type-simple"},"_links":{"self":[{"href":"https:\/\/casetti.wpevi.com\/en\/wp-json\/wp\/v2\/product\/13304","targetHints":{"allow":["GET"]}}],"collection":[{"href":"https:\/\/casetti.wpevi.com\/en\/wp-json\/wp\/v2\/product"}],"about":[{"href":"https:\/\/casetti.wpevi.com\/en\/wp-json\/wp\/v2\/types\/product"}],"replies":[{"embeddable":true,"href":"https:\/\/casetti.wpevi.com\/en\/wp-json\/wp\/v2\/comments?post=13304"}],"version-history":[{"count":1,"href":"https:\/\/casetti.wpevi.com\/en\/wp-json\/wp\/v2\/product\/13304\/revisions"}],"predecessor-version":[{"id":13309,"href":"https:\/\/casetti.wpevi.com\/en\/wp-json\/wp\/v2\/product\/13304\/revisions\/13309"}],"wp:featuredmedia":[{"embeddable":true,"href":"https:\/\/casetti.wpevi.com\/en\/wp-json\/wp\/v2\/media\/15840"}],"wp:attachment":[{"href":"https:\/\/casetti.wpevi.com\/en\/wp-json\/wp\/v2\/media?parent=13304"}],"wp:term":[{"taxonomy":"product_brand","embeddable":true,"href":"https:\/\/casetti.wpevi.com\/en\/wp-json\/wp\/v2\/product_brand?post=13304"},{"taxonomy":"product_cat","embeddable":true,"href":"https:\/\/casetti.wpevi.com\/en\/wp-json\/wp\/v2\/product_cat?post=13304"},{"taxonomy":"product_tag","embeddable":true,"href":"https:\/\/casetti.wpevi.com\/en\/wp-json\/wp\/v2\/product_tag?post=13304"}],"curies":[{"name":"wp","href":"https:\/\/api.w.org\/{rel}","templated":true}]}}