{"id":13296,"date":"2026-02-28T15:31:15","date_gmt":"2026-02-28T12:31:15","guid":{"rendered":"https:\/\/casetti.wpevi.com\/gravis-cam-vazo\/"},"modified":"2026-03-12T21:05:19","modified_gmt":"2026-03-12T18:05:19","slug":"gravis-cam-vazo","status":"publish","type":"product","link":"https:\/\/casetti.wpevi.com\/en\/gravis-cam-vazo\/","title":{"rendered":"Gravis Cam Vazo"},"content":{"rendered":"<p>Product Dimensions<br \/>Y\u00fckseklik : 20 cm<br \/>Width: 15 cm<\/p>\n<p>Gravis , ad\u0131n\u0131 Latince \u201ca\u011f\u0131rl\u0131k, ciddiyet ve ihti\u015fam\u201d anlam\u0131na gelen <em>gravis<\/em> kelimesinden al\u0131r. Yo\u011fun kristal k\u00fctlesiyle s\u0131radan cam objelerden ayr\u0131l\u0131r; elinize ald\u0131\u011f\u0131n\u0131z anda hissedilen belirgin a\u011f\u0131rl\u0131k, tasar\u0131m\u0131n g\u00fcc\u00fcn\u00fc fiziksel olarak ortaya koyar.<\/p>\n<p>Derin z\u00fcmr\u00fct tonlar\u0131, kal\u0131n kristal yap\u0131n\u0131n i\u00e7inde katmanl\u0131 bir \u0131\u015f\u0131k oyunu olu\u015fturur. \u0130\u00e7teki dalgal\u0131 form, cam\u0131n ustal\u0131kla \u015fekillendirilmi\u015f hacmini g\u00f6sterirken; alt b\u00f6l\u00fcmdeki berrak kesim kristal taban, par\u00e7aya dengeli ve heykelsi bir duru\u015f kazand\u0131r\u0131r.<\/p>","protected":false},"excerpt":{"rendered":"<p>\u00dcr\u00fcn \u00d6l\u00e7\u00fcleriY\u00fckseklik : 20 cmGeni\u015flik : 15 cm Gravis , ad\u0131n\u0131 Latince \u201ca\u011f\u0131rl\u0131k, ciddiyet ve ihti\u015fam\u201d anlam\u0131na gelen gravis kelimesinden al\u0131r. Yo\u011fun kristal k\u00fctlesiyle s\u0131radan cam objelerden ayr\u0131l\u0131r; elinize ald\u0131\u011f\u0131n\u0131z anda hissedilen belirgin a\u011f\u0131rl\u0131k, tasar\u0131m\u0131n g\u00fcc\u00fcn\u00fc fiziksel olarak ortaya koyar. Derin z\u00fcmr\u00fct tonlar\u0131, kal\u0131n kristal yap\u0131n\u0131n i\u00e7inde katmanl\u0131 bir \u0131\u015f\u0131k oyunu olu\u015fturur. \u0130\u00e7teki dalgal\u0131 form, &hellip; <a href=\"https:\/\/casetti.wpevi.com\/en\/gravis-cam-vazo\/\" class=\"more-link\">Continue reading <span class=\"screen-reader-text\">Gravis Cam Vazo<\/span><\/a><\/p>","protected":false},"featured_media":15834,"comment_status":"open","ping_status":"closed","template":"","meta":[],"product_brand":[],"product_cat":[15],"product_tag":[],"class_list":{"0":"post-13296","1":"product","2":"type-product","3":"status-publish","4":"has-post-thumbnail","6":"product_cat-uncategorized","9":"instock","10":"taxable","11":"shipping-taxable","12":"purchasable","13":"product-type-simple"},"_links":{"self":[{"href":"https:\/\/casetti.wpevi.com\/en\/wp-json\/wp\/v2\/product\/13296","targetHints":{"allow":["GET"]}}],"collection":[{"href":"https:\/\/casetti.wpevi.com\/en\/wp-json\/wp\/v2\/product"}],"about":[{"href":"https:\/\/casetti.wpevi.com\/en\/wp-json\/wp\/v2\/types\/product"}],"replies":[{"embeddable":true,"href":"https:\/\/casetti.wpevi.com\/en\/wp-json\/wp\/v2\/comments?post=13296"}],"version-history":[{"count":1,"href":"https:\/\/casetti.wpevi.com\/en\/wp-json\/wp\/v2\/product\/13296\/revisions"}],"predecessor-version":[{"id":13301,"href":"https:\/\/casetti.wpevi.com\/en\/wp-json\/wp\/v2\/product\/13296\/revisions\/13301"}],"wp:featuredmedia":[{"embeddable":true,"href":"https:\/\/casetti.wpevi.com\/en\/wp-json\/wp\/v2\/media\/15834"}],"wp:attachment":[{"href":"https:\/\/casetti.wpevi.com\/en\/wp-json\/wp\/v2\/media?parent=13296"}],"wp:term":[{"taxonomy":"product_brand","embeddable":true,"href":"https:\/\/casetti.wpevi.com\/en\/wp-json\/wp\/v2\/product_brand?post=13296"},{"taxonomy":"product_cat","embeddable":true,"href":"https:\/\/casetti.wpevi.com\/en\/wp-json\/wp\/v2\/product_cat?post=13296"},{"taxonomy":"product_tag","embeddable":true,"href":"https:\/\/casetti.wpevi.com\/en\/wp-json\/wp\/v2\/product_tag?post=13296"}],"curies":[{"name":"wp","href":"https:\/\/api.w.org\/{rel}","templated":true}]}}