{"id":13277,"date":"2026-02-28T15:11:07","date_gmt":"2026-02-28T12:11:07","guid":{"rendered":"https:\/\/casetti.wpevi.com\/soffio-verde-samdan-buyuk-boy\/"},"modified":"2026-03-12T22:29:31","modified_gmt":"2026-03-12T19:29:31","slug":"soffio-verde-cam-samdan-buyuk-boy","status":"publish","type":"product","link":"https:\/\/casetti.wpevi.com\/en\/soffio-verde-cam-samdan-buyuk-boy\/","title":{"rendered":"Soffio Verde Cam \u015eamdan B\u00fcy\u00fck Boy"},"content":{"rendered":"<p>Product Dimensions<br \/>Y\u00fckseklik : 28 cm <br \/>Soffio Verde, ad\u0131n\u0131 \u0130talyanca \u201c\u00fcfleme\u201d anlam\u0131na gelen <em>soffio<\/em> kelimesinden al\u0131r. Geleneksel cam \u00fcfleme tekni\u011fiyle \u015fekillendirilen organik formlar, her par\u00e7ay\u0131 benzersiz k\u0131lar. Ak\u0131\u015fkan, do\u011fal ve hafif dalgal\u0131 y\u00fczeyler; cam\u0131n ate\u015fle bulu\u015ftu\u011fu an\u0131n izlerini ta\u015f\u0131r.<\/p>\n<p>Ye\u015fil tonlu g\u00f6vde, do\u011fan\u0131n derinli\u011fini ve sakinli\u011fini yans\u0131t\u0131rken; alt\u0131n-bej kaide ve \u00fcst form tasar\u0131ma sofistike bir denge kazand\u0131r\u0131r. I\u015f\u0131\u011f\u0131 farkl\u0131 a\u00e7\u0131larda k\u0131ran cam dokusu, mum \u0131\u015f\u0131\u011f\u0131nda b\u00fcy\u00fcleyici bir atmosfer olu\u015fturur.<\/p>\n<p>Soffio Verde; modern, sanatsal ve l\u00fcks mekanlarda heykelsi bir vurgu par\u00e7as\u0131 olarak \u00f6ne \u00e7\u0131kar. Her biri ustal\u0131kla \u00fcflenmi\u015f, karakteri olan bir cam sanat eseri niteli\u011findedir.<\/p>","protected":false},"excerpt":{"rendered":"<p>\u00dcr\u00fcn \u00d6l\u00e7\u00fcleriY\u00fckseklik : 28 cm Soffio Verde, ad\u0131n\u0131 \u0130talyanca \u201c\u00fcfleme\u201d anlam\u0131na gelen soffio kelimesinden al\u0131r. Geleneksel cam \u00fcfleme tekni\u011fiyle \u015fekillendirilen organik formlar, her par\u00e7ay\u0131 benzersiz k\u0131lar. Ak\u0131\u015fkan, do\u011fal ve hafif dalgal\u0131 y\u00fczeyler; cam\u0131n ate\u015fle bulu\u015ftu\u011fu an\u0131n izlerini ta\u015f\u0131r. Ye\u015fil tonlu g\u00f6vde, do\u011fan\u0131n derinli\u011fini ve sakinli\u011fini yans\u0131t\u0131rken; alt\u0131n-bej kaide ve \u00fcst form tasar\u0131ma sofistike bir denge &hellip; <a href=\"https:\/\/casetti.wpevi.com\/en\/soffio-verde-cam-samdan-buyuk-boy\/\" class=\"more-link\">Continue reading <span class=\"screen-reader-text\">Soffio Verde Cam \u015eamdan B\u00fcy\u00fck Boy<\/span><\/a><\/p>","protected":false},"featured_media":15941,"comment_status":"open","ping_status":"closed","template":"","meta":[],"product_brand":[217],"product_cat":[176],"product_tag":[],"class_list":{"0":"post-13277","1":"product","2":"type-product","3":"status-publish","4":"has-post-thumbnail","6":"product_brand-casetti","7":"product_cat-samdan-mumluk-fener","10":"instock","11":"taxable","12":"shipping-taxable","13":"purchasable","14":"product-type-simple"},"_links":{"self":[{"href":"https:\/\/casetti.wpevi.com\/en\/wp-json\/wp\/v2\/product\/13277","targetHints":{"allow":["GET"]}}],"collection":[{"href":"https:\/\/casetti.wpevi.com\/en\/wp-json\/wp\/v2\/product"}],"about":[{"href":"https:\/\/casetti.wpevi.com\/en\/wp-json\/wp\/v2\/types\/product"}],"replies":[{"embeddable":true,"href":"https:\/\/casetti.wpevi.com\/en\/wp-json\/wp\/v2\/comments?post=13277"}],"version-history":[{"count":1,"href":"https:\/\/casetti.wpevi.com\/en\/wp-json\/wp\/v2\/product\/13277\/revisions"}],"predecessor-version":[{"id":15940,"href":"https:\/\/casetti.wpevi.com\/en\/wp-json\/wp\/v2\/product\/13277\/revisions\/15940"}],"wp:featuredmedia":[{"embeddable":true,"href":"https:\/\/casetti.wpevi.com\/en\/wp-json\/wp\/v2\/media\/15941"}],"wp:attachment":[{"href":"https:\/\/casetti.wpevi.com\/en\/wp-json\/wp\/v2\/media?parent=13277"}],"wp:term":[{"taxonomy":"product_brand","embeddable":true,"href":"https:\/\/casetti.wpevi.com\/en\/wp-json\/wp\/v2\/product_brand?post=13277"},{"taxonomy":"product_cat","embeddable":true,"href":"https:\/\/casetti.wpevi.com\/en\/wp-json\/wp\/v2\/product_cat?post=13277"},{"taxonomy":"product_tag","embeddable":true,"href":"https:\/\/casetti.wpevi.com\/en\/wp-json\/wp\/v2\/product_tag?post=13277"}],"curies":[{"name":"wp","href":"https:\/\/api.w.org\/{rel}","templated":true}]}}