{"id":13252,"date":"2026-02-28T14:42:05","date_gmt":"2026-02-28T11:42:05","guid":{"rendered":"https:\/\/casetti.wpevi.com\/hyde-masa-saati\/"},"modified":"2026-02-28T14:50:10","modified_gmt":"2026-02-28T11:50:10","slug":"hyde-masa-saati","status":"publish","type":"product","link":"https:\/\/casetti.wpevi.com\/en\/hyde-masa-saati\/","title":{"rendered":"Hyde Masa Saati"},"content":{"rendered":"<p>Product Dimensions <br \/>Y\u00fckseklik : 20 cm&nbsp; <br \/>Geni\u015flik : 20 cm<br \/>Zamans\u0131z tasar\u0131m anlay\u0131\u015f\u0131yla \u00fcretilen <strong>Hyde<\/strong>, modern \u00e7izgileri klasik detaylarla birle\u015ftirir. G\u00fcm\u00fc\u015f g\u00f6vdenin parlak ve temiz hatlar\u0131, saati \u00e7evreleyen g\u00fc\u00e7l\u00fc halka formuyla mimari bir duru\u015f sergiler.<\/p>\n<p>Yanlarda yer alan <strong>gold k\u00fcre detaylar<\/strong>, tasar\u0131ma s\u0131cakl\u0131k ve l\u00fcks bir vurgu katar. G\u00fcm\u00fc\u015f g\u00f6vde ile alt\u0131n tonlu toplar\u0131n kontrast\u0131; sofistike, dengeli ve prestijli bir g\u00f6r\u00fcn\u00fcm olu\u015fturur.<\/p>\n<p>Minimal kare kadran tasar\u0131m\u0131, okunabilir rakamlar\u0131 ve sade tipografisiyle hem dekoratif hem i\u015flevsel bir obje sunar. Hyde; y\u00f6netici masalar\u0131nda, modern ofislerde ve \u015f\u0131k \u00e7al\u0131\u015fma alanlar\u0131nda g\u00fc\u00e7l\u00fc bir odak noktas\u0131 olur.<\/p>","protected":false},"excerpt":{"rendered":"<p>\u00dcr\u00fcn \u00d6l\u00e7\u00fcleri Y\u00fckseklik : 20 cm&nbsp; Geni\u015flik : 20 cmZamans\u0131z tasar\u0131m anlay\u0131\u015f\u0131yla \u00fcretilen Hyde, modern \u00e7izgileri klasik detaylarla birle\u015ftirir. G\u00fcm\u00fc\u015f g\u00f6vdenin parlak ve temiz hatlar\u0131, saati \u00e7evreleyen g\u00fc\u00e7l\u00fc halka formuyla mimari bir duru\u015f sergiler. Yanlarda yer alan gold k\u00fcre detaylar, tasar\u0131ma s\u0131cakl\u0131k ve l\u00fcks bir vurgu katar. G\u00fcm\u00fc\u015f g\u00f6vde ile alt\u0131n tonlu toplar\u0131n kontrast\u0131; sofistike, &hellip; <a href=\"https:\/\/casetti.wpevi.com\/en\/hyde-masa-saati\/\" class=\"more-link\">Continue reading <span class=\"screen-reader-text\">Hyde Masa Saati<\/span><\/a><\/p>","protected":false},"featured_media":13261,"comment_status":"open","ping_status":"closed","template":"","meta":[],"product_brand":[217],"product_cat":[238,236],"product_tag":[],"class_list":{"0":"post-13252","1":"product","2":"type-product","3":"status-publish","4":"has-post-thumbnail","6":"product_brand-casetti","7":"product_cat-masa-saatleri","8":"product_cat-saatler","11":"instock","12":"taxable","13":"shipping-taxable","14":"purchasable","15":"product-type-simple"},"_links":{"self":[{"href":"https:\/\/casetti.wpevi.com\/en\/wp-json\/wp\/v2\/product\/13252","targetHints":{"allow":["GET"]}}],"collection":[{"href":"https:\/\/casetti.wpevi.com\/en\/wp-json\/wp\/v2\/product"}],"about":[{"href":"https:\/\/casetti.wpevi.com\/en\/wp-json\/wp\/v2\/types\/product"}],"replies":[{"embeddable":true,"href":"https:\/\/casetti.wpevi.com\/en\/wp-json\/wp\/v2\/comments?post=13252"}],"version-history":[{"count":1,"href":"https:\/\/casetti.wpevi.com\/en\/wp-json\/wp\/v2\/product\/13252\/revisions"}],"predecessor-version":[{"id":13255,"href":"https:\/\/casetti.wpevi.com\/en\/wp-json\/wp\/v2\/product\/13252\/revisions\/13255"}],"wp:featuredmedia":[{"embeddable":true,"href":"https:\/\/casetti.wpevi.com\/en\/wp-json\/wp\/v2\/media\/13261"}],"wp:attachment":[{"href":"https:\/\/casetti.wpevi.com\/en\/wp-json\/wp\/v2\/media?parent=13252"}],"wp:term":[{"taxonomy":"product_brand","embeddable":true,"href":"https:\/\/casetti.wpevi.com\/en\/wp-json\/wp\/v2\/product_brand?post=13252"},{"taxonomy":"product_cat","embeddable":true,"href":"https:\/\/casetti.wpevi.com\/en\/wp-json\/wp\/v2\/product_cat?post=13252"},{"taxonomy":"product_tag","embeddable":true,"href":"https:\/\/casetti.wpevi.com\/en\/wp-json\/wp\/v2\/product_tag?post=13252"}],"curies":[{"name":"wp","href":"https:\/\/api.w.org\/{rel}","templated":true}]}}