{"id":13180,"date":"2026-02-28T12:41:02","date_gmt":"2026-02-28T09:41:02","guid":{"rendered":"https:\/\/casetti.wpevi.com\/?post_type=product&#038;p=13180"},"modified":"2026-03-12T21:58:12","modified_gmt":"2026-03-12T18:58:12","slug":"arven-cam-vazo","status":"publish","type":"product","link":"https:\/\/casetti.wpevi.com\/en\/arven-cam-vazo\/","title":{"rendered":"Arven Glass Vase"},"content":{"rendered":"<p>\u00dcr\u00fcn \u00d6l\u00e7\u00fcleri :&nbsp;<br \/>Y\u00fckseklik : 32 cm<br \/>Geni\u015flik : 24 cm&nbsp;<br \/>Derinik : 18 cm&nbsp;<\/p>\n<p>Do\u011fan\u0131n en g\u00fc\u00e7l\u00fc tonlar\u0131n\u0131 cam\u0131n ak\u0131\u015fkan formunda yeniden yorumlar. Derin zeytin ye\u015filinden siyaha do\u011fru s\u00fcz\u00fclen renk ge\u00e7i\u015fi, \u0131\u015f\u0131kla temas etti\u011finde yo\u011fun bir derinlik ve gizem hissi olu\u015fturur.<\/p>\n<p>Y\u00fczeyindeki do\u011fal dalgalanmalar ve i\u00e7teki yumu\u015fak ge\u00e7i\u015fler, tasar\u0131ma canl\u0131 bir ritim kazand\u0131r\u0131r. Bulundu\u011fu ortamda sade bir tamamlay\u0131c\u0131 de\u011fil; dikkat \u00e7eken, atmosfer belirleyen bir unsur haline gelir.<\/p>\n<p>Modern ve zamans\u0131z \u00e7izgisiyle l\u00fcks ya\u015fam alanlar\u0131na g\u00fc\u00e7l\u00fc bir karakter ve sofistike bir s\u0131cakl\u0131k katar.<\/p>","protected":false},"excerpt":{"rendered":"<p>\u00dcr\u00fcn \u00d6l\u00e7\u00fcleri :&nbsp;Y\u00fckseklik : 32 cmGeni\u015flik : 24 cm&nbsp;Derinik : 18 cm&nbsp; Do\u011fan\u0131n en g\u00fc\u00e7l\u00fc tonlar\u0131n\u0131 cam\u0131n ak\u0131\u015fkan formunda yeniden yorumlar. Derin zeytin ye\u015filinden siyaha do\u011fru s\u00fcz\u00fclen renk ge\u00e7i\u015fi, \u0131\u015f\u0131kla temas etti\u011finde yo\u011fun bir derinlik ve gizem hissi olu\u015fturur. Y\u00fczeyindeki do\u011fal dalgalanmalar ve i\u00e7teki yumu\u015fak ge\u00e7i\u015fler, tasar\u0131ma canl\u0131 bir ritim kazand\u0131r\u0131r. Bulundu\u011fu ortamda sade bir &hellip; <a href=\"https:\/\/casetti.wpevi.com\/en\/arven-cam-vazo\/\" class=\"more-link\">Continue reading <span class=\"screen-reader-text\">Arven Glass Vase<\/span><\/a><\/p>","protected":false},"featured_media":15917,"comment_status":"open","ping_status":"closed","template":"","meta":[],"product_brand":[217],"product_cat":[213],"product_tag":[],"class_list":{"0":"post-13180","1":"product","2":"type-product","3":"status-publish","4":"has-post-thumbnail","6":"product_brand-casetti","7":"product_cat-cam-ve-kristal-urunler","10":"instock","11":"taxable","12":"shipping-taxable","13":"purchasable","14":"product-type-simple"},"_links":{"self":[{"href":"https:\/\/casetti.wpevi.com\/en\/wp-json\/wp\/v2\/product\/13180","targetHints":{"allow":["GET"]}}],"collection":[{"href":"https:\/\/casetti.wpevi.com\/en\/wp-json\/wp\/v2\/product"}],"about":[{"href":"https:\/\/casetti.wpevi.com\/en\/wp-json\/wp\/v2\/types\/product"}],"replies":[{"embeddable":true,"href":"https:\/\/casetti.wpevi.com\/en\/wp-json\/wp\/v2\/comments?post=13180"}],"version-history":[{"count":1,"href":"https:\/\/casetti.wpevi.com\/en\/wp-json\/wp\/v2\/product\/13180\/revisions"}],"predecessor-version":[{"id":13184,"href":"https:\/\/casetti.wpevi.com\/en\/wp-json\/wp\/v2\/product\/13180\/revisions\/13184"}],"wp:featuredmedia":[{"embeddable":true,"href":"https:\/\/casetti.wpevi.com\/en\/wp-json\/wp\/v2\/media\/15917"}],"wp:attachment":[{"href":"https:\/\/casetti.wpevi.com\/en\/wp-json\/wp\/v2\/media?parent=13180"}],"wp:term":[{"taxonomy":"product_brand","embeddable":true,"href":"https:\/\/casetti.wpevi.com\/en\/wp-json\/wp\/v2\/product_brand?post=13180"},{"taxonomy":"product_cat","embeddable":true,"href":"https:\/\/casetti.wpevi.com\/en\/wp-json\/wp\/v2\/product_cat?post=13180"},{"taxonomy":"product_tag","embeddable":true,"href":"https:\/\/casetti.wpevi.com\/en\/wp-json\/wp\/v2\/product_tag?post=13180"}],"curies":[{"name":"wp","href":"https:\/\/api.w.org\/{rel}","templated":true}]}}