{"id":13161,"date":"2026-02-28T12:19:04","date_gmt":"2026-02-28T09:19:04","guid":{"rendered":"https:\/\/casetti.wpevi.com\/?post_type=product&#038;p=13161"},"modified":"2026-03-05T01:52:32","modified_gmt":"2026-03-04T22:52:32","slug":"yverra-cam-top-dekor-kucuk-boy","status":"publish","type":"product","link":"https:\/\/casetti.wpevi.com\/en\/yverra-cam-top-dekor-kucuk-boy\/","title":{"rendered":"Yverra Cam Top Dekor K\u00fc\u00e7\u00fck Boy"},"content":{"rendered":"<p>H : 9 cm<\/p>\n<p>Derin siyah cam\u0131n i\u00e7inde dola\u015fan turkuaz ak\u0131\u015flar ve bak\u0131r tonlu dokular, geceyle \u0131\u015f\u0131\u011f\u0131n bulu\u015ftu\u011fu bir an\u0131 yans\u0131t\u0131r. Her a\u00e7\u0131dan farkl\u0131 bir yo\u011funluk sunan y\u00fczeyi, \u0131\u015f\u0131kla temas etti\u011finde canl\u0131 bir hareket hissi olu\u015fturur.<\/p>\n<p>S\u0131radan bir dekoratif obje de\u011fil; bulundu\u011fu mek\u00e2nda dikkatleri \u00fczerine \u00e7eken g\u00fc\u00e7l\u00fc bir atmosfer unsuru. Modern ya\u015fam alanlar\u0131na dinamizm, s\u0131cakl\u0131k ve karakter kazand\u0131r\u0131r.<\/p>\n<p>Zamans\u0131z renk dengesi ve ak\u0131\u015fkan form dili sayesinde hem minimal hem iddial\u0131 mek\u00e2nlara uyum sa\u011flar. L\u00fcks\u00fc sessiz ama etkileyici bir bi\u00e7imde yans\u0131tan \u00f6zel bir tasar\u0131m.<\/p>","protected":false},"excerpt":{"rendered":"<p>H : 9 cm Derin siyah cam\u0131n i\u00e7inde dola\u015fan turkuaz ak\u0131\u015flar ve bak\u0131r tonlu dokular, geceyle \u0131\u015f\u0131\u011f\u0131n bulu\u015ftu\u011fu bir an\u0131 yans\u0131t\u0131r. Her a\u00e7\u0131dan farkl\u0131 bir yo\u011funluk sunan y\u00fczeyi, \u0131\u015f\u0131kla temas etti\u011finde canl\u0131 bir hareket hissi olu\u015fturur. S\u0131radan bir dekoratif obje de\u011fil; bulundu\u011fu mek\u00e2nda dikkatleri \u00fczerine \u00e7eken g\u00fc\u00e7l\u00fc bir atmosfer unsuru. Modern ya\u015fam alanlar\u0131na dinamizm, s\u0131cakl\u0131k &hellip; <a href=\"https:\/\/casetti.wpevi.com\/en\/yverra-cam-top-dekor-kucuk-boy\/\" class=\"more-link\">Continue reading <span class=\"screen-reader-text\">Yverra Cam Top Dekor K\u00fc\u00e7\u00fck Boy<\/span><\/a><\/p>","protected":false},"featured_media":13912,"comment_status":"open","ping_status":"closed","template":"","meta":[],"product_brand":[217],"product_cat":[213],"product_tag":[],"class_list":{"0":"post-13161","1":"product","2":"type-product","3":"status-publish","4":"has-post-thumbnail","6":"product_brand-casetti","7":"product_cat-cam-ve-kristal-urunler","10":"instock","11":"taxable","12":"shipping-taxable","13":"purchasable","14":"product-type-simple"},"_links":{"self":[{"href":"https:\/\/casetti.wpevi.com\/en\/wp-json\/wp\/v2\/product\/13161","targetHints":{"allow":["GET"]}}],"collection":[{"href":"https:\/\/casetti.wpevi.com\/en\/wp-json\/wp\/v2\/product"}],"about":[{"href":"https:\/\/casetti.wpevi.com\/en\/wp-json\/wp\/v2\/types\/product"}],"replies":[{"embeddable":true,"href":"https:\/\/casetti.wpevi.com\/en\/wp-json\/wp\/v2\/comments?post=13161"}],"version-history":[{"count":1,"href":"https:\/\/casetti.wpevi.com\/en\/wp-json\/wp\/v2\/product\/13161\/revisions"}],"predecessor-version":[{"id":13324,"href":"https:\/\/casetti.wpevi.com\/en\/wp-json\/wp\/v2\/product\/13161\/revisions\/13324"}],"wp:featuredmedia":[{"embeddable":true,"href":"https:\/\/casetti.wpevi.com\/en\/wp-json\/wp\/v2\/media\/13912"}],"wp:attachment":[{"href":"https:\/\/casetti.wpevi.com\/en\/wp-json\/wp\/v2\/media?parent=13161"}],"wp:term":[{"taxonomy":"product_brand","embeddable":true,"href":"https:\/\/casetti.wpevi.com\/en\/wp-json\/wp\/v2\/product_brand?post=13161"},{"taxonomy":"product_cat","embeddable":true,"href":"https:\/\/casetti.wpevi.com\/en\/wp-json\/wp\/v2\/product_cat?post=13161"},{"taxonomy":"product_tag","embeddable":true,"href":"https:\/\/casetti.wpevi.com\/en\/wp-json\/wp\/v2\/product_tag?post=13161"}],"curies":[{"name":"wp","href":"https:\/\/api.w.org\/{rel}","templated":true}]}}