{"id":13134,"date":"2026-02-28T11:32:03","date_gmt":"2026-02-28T08:32:03","guid":{"rendered":"https:\/\/casetti.wpevi.com\/yverra-cam-vazo\/"},"modified":"2026-03-12T22:05:07","modified_gmt":"2026-03-12T19:05:07","slug":"yverra-cam-vazo","status":"publish","type":"product","link":"https:\/\/casetti.wpevi.com\/en\/yverra-cam-vazo\/","title":{"rendered":"Yverra Cam Vazo"},"content":{"rendered":"<p>Yverra, karanl\u0131\u011f\u0131n i\u00e7inden y\u00fckselen \u0131\u015f\u0131\u011f\u0131n zarif bir yorumu. Derin siyah cam\u0131n i\u00e7inde akan bak\u0131r tonlu dokular, geceyle ate\u015fin bulu\u015ftu\u011fu bir an\u0131 hat\u0131rlat\u0131r. I\u015f\u0131k vurduk\u00e7a y\u00fczeyinde hareket hissi olu\u015fur; her a\u00e7\u0131dan farkl\u0131 bir yo\u011funluk, farkl\u0131 bir atmosfer sunar.<\/p>\n<p>Bulundu\u011fu mek\u00e2nda s\u0131radan bir aksesuar de\u011fil, g\u00fc\u00e7l\u00fc bir odak noktas\u0131d\u0131r. Modern, cesur ve karakter sahibi\u2026 Zamans\u0131z bir tasar\u0131m diliyle l\u00fcks ya\u015fam alanlar\u0131na s\u0131cakl\u0131k ve derinlik kazand\u0131r\u0131r.<\/p>","protected":false},"excerpt":{"rendered":"<p>Yverra, karanl\u0131\u011f\u0131n i\u00e7inden y\u00fckselen \u0131\u015f\u0131\u011f\u0131n zarif bir yorumu. Derin siyah cam\u0131n i\u00e7inde akan bak\u0131r tonlu dokular, geceyle ate\u015fin bulu\u015ftu\u011fu bir an\u0131 hat\u0131rlat\u0131r. I\u015f\u0131k vurduk\u00e7a y\u00fczeyinde hareket hissi olu\u015fur; her a\u00e7\u0131dan farkl\u0131 bir yo\u011funluk, farkl\u0131 bir atmosfer sunar. Bulundu\u011fu mek\u00e2nda s\u0131radan bir aksesuar de\u011fil, g\u00fc\u00e7l\u00fc bir odak noktas\u0131d\u0131r. Modern, cesur ve karakter sahibi\u2026 Zamans\u0131z bir tasar\u0131m &hellip; <a href=\"https:\/\/casetti.wpevi.com\/en\/yverra-cam-vazo\/\" class=\"more-link\">Continue reading <span class=\"screen-reader-text\">Yverra Cam Vazo<\/span><\/a><\/p>","protected":false},"featured_media":15927,"comment_status":"open","ping_status":"closed","template":"","meta":[],"product_brand":[217],"product_cat":[213],"product_tag":[],"class_list":{"0":"post-13134","1":"product","2":"type-product","3":"status-publish","4":"has-post-thumbnail","6":"product_brand-casetti","7":"product_cat-cam-ve-kristal-urunler","10":"instock","11":"taxable","12":"shipping-taxable","13":"purchasable","14":"product-type-simple"},"_links":{"self":[{"href":"https:\/\/casetti.wpevi.com\/en\/wp-json\/wp\/v2\/product\/13134","targetHints":{"allow":["GET"]}}],"collection":[{"href":"https:\/\/casetti.wpevi.com\/en\/wp-json\/wp\/v2\/product"}],"about":[{"href":"https:\/\/casetti.wpevi.com\/en\/wp-json\/wp\/v2\/types\/product"}],"replies":[{"embeddable":true,"href":"https:\/\/casetti.wpevi.com\/en\/wp-json\/wp\/v2\/comments?post=13134"}],"version-history":[{"count":0,"href":"https:\/\/casetti.wpevi.com\/en\/wp-json\/wp\/v2\/product\/13134\/revisions"}],"wp:featuredmedia":[{"embeddable":true,"href":"https:\/\/casetti.wpevi.com\/en\/wp-json\/wp\/v2\/media\/15927"}],"wp:attachment":[{"href":"https:\/\/casetti.wpevi.com\/en\/wp-json\/wp\/v2\/media?parent=13134"}],"wp:term":[{"taxonomy":"product_brand","embeddable":true,"href":"https:\/\/casetti.wpevi.com\/en\/wp-json\/wp\/v2\/product_brand?post=13134"},{"taxonomy":"product_cat","embeddable":true,"href":"https:\/\/casetti.wpevi.com\/en\/wp-json\/wp\/v2\/product_cat?post=13134"},{"taxonomy":"product_tag","embeddable":true,"href":"https:\/\/casetti.wpevi.com\/en\/wp-json\/wp\/v2\/product_tag?post=13134"}],"curies":[{"name":"wp","href":"https:\/\/api.w.org\/{rel}","templated":true}]}}