{"id":13125,"date":"2026-02-28T11:08:03","date_gmt":"2026-02-28T08:08:03","guid":{"rendered":"https:\/\/casetti.wpevi.com\/terra-cam-vazo\/"},"modified":"2026-03-12T21:15:33","modified_gmt":"2026-03-12T18:15:33","slug":"terra-cam-vazo","status":"publish","type":"product","link":"https:\/\/casetti.wpevi.com\/en\/terra-cam-vazo\/","title":{"rendered":"Terra Cam Vazo"},"content":{"rendered":"<p>\u00dcr\u00fcn \u00d6l\u00e7\u00fcleri :<br \/>Y\u00fckseklik :&nbsp; 21 cm<br \/>Geni\u015flik : 21 cm<br \/>En : 11 cm<\/p>\n<p>Terra Cam Vazo, do\u011fan\u0131n ham dokusuyla cam\u0131n berrak enerjisini tek bir formda bulu\u015fturur. Amber ve zeytin tonlar\u0131n\u0131n i\u00e7 i\u00e7e ge\u00e7i\u015fi, \u0131\u015f\u0131kla birlikte s\u00fcrekli de\u011fi\u015fen bir atmosfer yarat\u0131rken; ortadaki do\u011fal dokulu \u015ferit tasar\u0131ma g\u00fc\u00e7l\u00fc bir karakter kazand\u0131r\u0131r.<\/p>\n<p>Modern mek\u00e2nlarda s\u0131radan bir vazo de\u011fil, dikkat \u00e7eken bir odak noktas\u0131d\u0131r. I\u015f\u0131\u011fa g\u00f6re ton de\u011fi\u015ftiren y\u00fczeyi sayesinde bulundu\u011fu ortama derinlik ve sofistike bir s\u0131cakl\u0131k katar.<\/p>\n<p>Zamans\u0131z, cesur ve koleksiyon de\u011feri ta\u015f\u0131yan bir tasar\u0131m.<\/p>","protected":false},"excerpt":{"rendered":"<p>\u00dcr\u00fcn \u00d6l\u00e7\u00fcleri :Y\u00fckseklik :&nbsp; 21 cmGeni\u015flik : 21 cmEn : 11 cm Terra Cam Vazo, do\u011fan\u0131n ham dokusuyla cam\u0131n berrak enerjisini tek bir formda bulu\u015fturur. Amber ve zeytin tonlar\u0131n\u0131n i\u00e7 i\u00e7e ge\u00e7i\u015fi, \u0131\u015f\u0131kla birlikte s\u00fcrekli de\u011fi\u015fen bir atmosfer yarat\u0131rken; ortadaki do\u011fal dokulu \u015ferit tasar\u0131ma g\u00fc\u00e7l\u00fc bir karakter kazand\u0131r\u0131r. Modern mek\u00e2nlarda s\u0131radan bir vazo de\u011fil, dikkat &hellip; <a href=\"https:\/\/casetti.wpevi.com\/en\/terra-cam-vazo\/\" class=\"more-link\">Continue reading <span class=\"screen-reader-text\">Terra Cam Vazo<\/span><\/a><\/p>","protected":false},"featured_media":15885,"comment_status":"open","ping_status":"closed","template":"","meta":[],"product_brand":[217],"product_cat":[213],"product_tag":[],"class_list":{"0":"post-13125","1":"product","2":"type-product","3":"status-publish","4":"has-post-thumbnail","6":"product_brand-casetti","7":"product_cat-cam-ve-kristal-urunler","10":"instock","11":"taxable","12":"shipping-taxable","13":"purchasable","14":"product-type-simple"},"_links":{"self":[{"href":"https:\/\/casetti.wpevi.com\/en\/wp-json\/wp\/v2\/product\/13125","targetHints":{"allow":["GET"]}}],"collection":[{"href":"https:\/\/casetti.wpevi.com\/en\/wp-json\/wp\/v2\/product"}],"about":[{"href":"https:\/\/casetti.wpevi.com\/en\/wp-json\/wp\/v2\/types\/product"}],"replies":[{"embeddable":true,"href":"https:\/\/casetti.wpevi.com\/en\/wp-json\/wp\/v2\/comments?post=13125"}],"version-history":[{"count":0,"href":"https:\/\/casetti.wpevi.com\/en\/wp-json\/wp\/v2\/product\/13125\/revisions"}],"wp:featuredmedia":[{"embeddable":true,"href":"https:\/\/casetti.wpevi.com\/en\/wp-json\/wp\/v2\/media\/15885"}],"wp:attachment":[{"href":"https:\/\/casetti.wpevi.com\/en\/wp-json\/wp\/v2\/media?parent=13125"}],"wp:term":[{"taxonomy":"product_brand","embeddable":true,"href":"https:\/\/casetti.wpevi.com\/en\/wp-json\/wp\/v2\/product_brand?post=13125"},{"taxonomy":"product_cat","embeddable":true,"href":"https:\/\/casetti.wpevi.com\/en\/wp-json\/wp\/v2\/product_cat?post=13125"},{"taxonomy":"product_tag","embeddable":true,"href":"https:\/\/casetti.wpevi.com\/en\/wp-json\/wp\/v2\/product_tag?post=13125"}],"curies":[{"name":"wp","href":"https:\/\/api.w.org\/{rel}","templated":true}]}}