{"id":13105,"date":"2026-02-28T10:58:05","date_gmt":"2026-02-28T07:58:05","guid":{"rendered":"https:\/\/casetti.wpevi.com\/hype-kristal-pa\/"},"modified":"2026-02-28T11:00:19","modified_gmt":"2026-02-28T08:00:19","slug":"hype-kristal-parfum-sisesi-buyuk-boy","status":"publish","type":"product","link":"https:\/\/casetti.wpevi.com\/en\/hype-kristal-parfum-sisesi-buyuk-boy\/","title":{"rendered":"Hype Kristal Parf\u00fcm \u015ei\u015fesi B\u00fcy\u00fck Boy"},"content":{"rendered":"<p>\u00dcr\u00fcn Y\u00fcksekli\u011fi : 24 cm<\/p>\n<p>F\u00fcme kristalin derin tonlar\u0131nda hayat bulan bu tasar\u0131m, \u0131\u015f\u0131\u011f\u0131 keskin geometrik y\u00fczeylerinde k\u0131rarak her a\u00e7\u0131dan farkl\u0131 bir karakter sergiler. Heykelsi formu ve g\u00fc\u00e7l\u00fc siluetiyle s\u0131radan bir parf\u00fcm \u015fi\u015fesinin \u00f6tesinde, mek\u00e2na de\u011fer katan bir sanat objesi niteli\u011findedir.<\/p>\n<p>Mask\u00fclen zarafeti ve modern l\u00fcks\u00fc bir araya getiren bu \u00f6zel tasar\u0131m; minimal ama iddial\u0131 duru\u015fuyla \u00fcst segment ya\u015fam alanlar\u0131 i\u00e7in tasarland\u0131. I\u015f\u0131\u011f\u0131n i\u00e7indeki g\u00f6lgeyi ta\u015f\u0131yan, g\u00fc\u00e7l\u00fc ve sofistike bir imza.<\/p>","protected":false},"excerpt":{"rendered":"<p>\u00dcr\u00fcn Y\u00fcksekli\u011fi : 24 cm F\u00fcme kristalin derin tonlar\u0131nda hayat bulan bu tasar\u0131m, \u0131\u015f\u0131\u011f\u0131 keskin geometrik y\u00fczeylerinde k\u0131rarak her a\u00e7\u0131dan farkl\u0131 bir karakter sergiler. Heykelsi formu ve g\u00fc\u00e7l\u00fc siluetiyle s\u0131radan bir parf\u00fcm \u015fi\u015fesinin \u00f6tesinde, mek\u00e2na de\u011fer katan bir sanat objesi niteli\u011findedir. Mask\u00fclen zarafeti ve modern l\u00fcks\u00fc bir araya getiren bu \u00f6zel tasar\u0131m; minimal ama iddial\u0131 &hellip; <a href=\"https:\/\/casetti.wpevi.com\/en\/hype-kristal-parfum-sisesi-buyuk-boy\/\" class=\"more-link\">Continue reading <span class=\"screen-reader-text\">Hype Kristal Parf\u00fcm \u015ei\u015fesi B\u00fcy\u00fck Boy<\/span><\/a><\/p>","protected":false},"featured_media":13113,"comment_status":"open","ping_status":"closed","template":"","meta":[],"product_brand":[217],"product_cat":[213],"product_tag":[],"class_list":{"0":"post-13105","1":"product","2":"type-product","3":"status-publish","4":"has-post-thumbnail","6":"product_brand-casetti","7":"product_cat-cam-ve-kristal-urunler","10":"instock","11":"taxable","12":"shipping-taxable","13":"purchasable","14":"product-type-simple"},"_links":{"self":[{"href":"https:\/\/casetti.wpevi.com\/en\/wp-json\/wp\/v2\/product\/13105","targetHints":{"allow":["GET"]}}],"collection":[{"href":"https:\/\/casetti.wpevi.com\/en\/wp-json\/wp\/v2\/product"}],"about":[{"href":"https:\/\/casetti.wpevi.com\/en\/wp-json\/wp\/v2\/types\/product"}],"replies":[{"embeddable":true,"href":"https:\/\/casetti.wpevi.com\/en\/wp-json\/wp\/v2\/comments?post=13105"}],"version-history":[{"count":1,"href":"https:\/\/casetti.wpevi.com\/en\/wp-json\/wp\/v2\/product\/13105\/revisions"}],"predecessor-version":[{"id":13108,"href":"https:\/\/casetti.wpevi.com\/en\/wp-json\/wp\/v2\/product\/13105\/revisions\/13108"}],"wp:featuredmedia":[{"embeddable":true,"href":"https:\/\/casetti.wpevi.com\/en\/wp-json\/wp\/v2\/media\/13113"}],"wp:attachment":[{"href":"https:\/\/casetti.wpevi.com\/en\/wp-json\/wp\/v2\/media?parent=13105"}],"wp:term":[{"taxonomy":"product_brand","embeddable":true,"href":"https:\/\/casetti.wpevi.com\/en\/wp-json\/wp\/v2\/product_brand?post=13105"},{"taxonomy":"product_cat","embeddable":true,"href":"https:\/\/casetti.wpevi.com\/en\/wp-json\/wp\/v2\/product_cat?post=13105"},{"taxonomy":"product_tag","embeddable":true,"href":"https:\/\/casetti.wpevi.com\/en\/wp-json\/wp\/v2\/product_tag?post=13105"}],"curies":[{"name":"wp","href":"https:\/\/api.w.org\/{rel}","templated":true}]}}