{"id":13097,"date":"2026-02-27T17:32:04","date_gmt":"2026-02-27T14:32:04","guid":{"rendered":"https:\/\/casetti.wpevi.com\/valerion-cam-obje\/"},"modified":"2026-02-28T13:05:08","modified_gmt":"2026-02-28T10:05:08","slug":"valerion-cam-obje","status":"publish","type":"product","link":"https:\/\/casetti.wpevi.com\/en\/valerion-cam-obje\/","title":{"rendered":"Valerion Cam Obje"},"content":{"rendered":"<p>\u00dcr\u00fcn Y\u00fcksekli\u011fi :&nbsp;<\/p>\n<p>Valerion, y\u00fckseli\u015fin ve i\u00e7sel g\u00fcc\u00fcn kristal yorumu.<br \/>&nbsp;Yukar\u0131 do\u011fru k\u0131vr\u0131lan zarif formu koruyucu bir silueti and\u0131r\u0131rken, merkezdeki derin mavi ton odak noktas\u0131 olarak dikkat \u00e7eker.<\/p>\n<p>Cam\u0131n katmanl\u0131 ak\u0131\u015f\u0131 \u0131\u015f\u0131kla temas etti\u011finde canl\u0131l\u0131k kazan\u0131r;<br \/>&nbsp;her a\u00e7\u0131dan farkl\u0131 bir derinlik, farkl\u0131 bir duygu sunar.<\/p>\n<p>Bu obje yaln\u0131zca bir dekor de\u011fil,<br \/>&nbsp;mek\u00e2na anlam ve karakter kazand\u0131ran heykelsi bir imzad\u0131r.<\/p>\n<p>Modern salonlarda, prestijli ofislerde veya mimari projelerde g\u00fc\u00e7l\u00fc bir odak noktas\u0131 olu\u015fturur.<\/p>","protected":false},"excerpt":{"rendered":"<p>\u00dcr\u00fcn Y\u00fcksekli\u011fi :&nbsp; Valerion, y\u00fckseli\u015fin ve i\u00e7sel g\u00fcc\u00fcn kristal yorumu.&nbsp;Yukar\u0131 do\u011fru k\u0131vr\u0131lan zarif formu koruyucu bir silueti and\u0131r\u0131rken, merkezdeki derin mavi ton odak noktas\u0131 olarak dikkat \u00e7eker. Cam\u0131n katmanl\u0131 ak\u0131\u015f\u0131 \u0131\u015f\u0131kla temas etti\u011finde canl\u0131l\u0131k kazan\u0131r;&nbsp;her a\u00e7\u0131dan farkl\u0131 bir derinlik, farkl\u0131 bir duygu sunar. Bu obje yaln\u0131zca bir dekor de\u011fil,&nbsp;mek\u00e2na anlam ve karakter kazand\u0131ran heykelsi bir &hellip; <a href=\"https:\/\/casetti.wpevi.com\/en\/valerion-cam-obje\/\" class=\"more-link\">Continue reading <span class=\"screen-reader-text\">Valerion Cam Obje<\/span><\/a><\/p>","protected":false},"featured_media":13188,"comment_status":"open","ping_status":"closed","template":"","meta":[],"product_brand":[],"product_cat":[15],"product_tag":[],"class_list":{"0":"post-13097","1":"product","2":"type-product","3":"status-publish","4":"has-post-thumbnail","6":"product_cat-uncategorized","9":"instock","10":"taxable","11":"shipping-taxable","12":"purchasable","13":"product-type-simple"},"_links":{"self":[{"href":"https:\/\/casetti.wpevi.com\/en\/wp-json\/wp\/v2\/product\/13097","targetHints":{"allow":["GET"]}}],"collection":[{"href":"https:\/\/casetti.wpevi.com\/en\/wp-json\/wp\/v2\/product"}],"about":[{"href":"https:\/\/casetti.wpevi.com\/en\/wp-json\/wp\/v2\/types\/product"}],"replies":[{"embeddable":true,"href":"https:\/\/casetti.wpevi.com\/en\/wp-json\/wp\/v2\/comments?post=13097"}],"version-history":[{"count":0,"href":"https:\/\/casetti.wpevi.com\/en\/wp-json\/wp\/v2\/product\/13097\/revisions"}],"wp:featuredmedia":[{"embeddable":true,"href":"https:\/\/casetti.wpevi.com\/en\/wp-json\/wp\/v2\/media\/13188"}],"wp:attachment":[{"href":"https:\/\/casetti.wpevi.com\/en\/wp-json\/wp\/v2\/media?parent=13097"}],"wp:term":[{"taxonomy":"product_brand","embeddable":true,"href":"https:\/\/casetti.wpevi.com\/en\/wp-json\/wp\/v2\/product_brand?post=13097"},{"taxonomy":"product_cat","embeddable":true,"href":"https:\/\/casetti.wpevi.com\/en\/wp-json\/wp\/v2\/product_cat?post=13097"},{"taxonomy":"product_tag","embeddable":true,"href":"https:\/\/casetti.wpevi.com\/en\/wp-json\/wp\/v2\/product_tag?post=13097"}],"curies":[{"name":"wp","href":"https:\/\/api.w.org\/{rel}","templated":true}]}}