{"id":13090,"date":"2026-02-27T17:23:02","date_gmt":"2026-02-27T14:23:02","guid":{"rendered":"https:\/\/casetti.wpevi.com\/revian-kristal-obje\/"},"modified":"2026-03-07T17:52:16","modified_gmt":"2026-03-07T14:52:16","slug":"revian-cam-obje","status":"publish","type":"product","link":"https:\/\/casetti.wpevi.com\/en\/revian-cam-obje\/","title":{"rendered":"Revian cam Obje"},"content":{"rendered":"<p>\u00dcr\u00fcn Y\u00fcksekli\u011fi : 33 cm<\/p>\n<p>Revian, y\u00fckseli\u015fin kristal formudur.<br \/>&nbsp;Kollar\u0131n\u0131 g\u00f6ky\u00fcz\u00fcne uzatan ak\u0131\u015fkan silueti, \u00f6zg\u00fcrl\u00fc\u011f\u00fc ve cesareti temsil ederken; i\u00e7indeki mavi damarlar derinlik ve i\u00e7sel g\u00fcc\u00fc simgeler.<\/p>\n<p>Cam\u0131n k\u0131vr\u0131ml\u0131 y\u00fczeylerinde \u0131\u015f\u0131k dola\u015ft\u0131k\u00e7a obje adeta hareket etmeye ba\u015flar.<br \/>&nbsp;Her a\u00e7\u0131dan farkl\u0131 bir enerji yayar; bir heykel gibi durur, bir duygu gibi hissedilir.<\/p>\n<p>Bu yaln\u0131zca bir dekoratif obje de\u011fil,<br \/>&nbsp;mek\u00e2na dinamizm ve karakter kazand\u0131ran bir sanat manifestosudur.<\/p>\n<p>Modern villa projelerinde, geni\u015f salon konsollar\u0131nda veya prestijli ofislerde g\u00fc\u00e7l\u00fc bir odak noktas\u0131 olarak konumlan\u0131r.<\/p>","protected":false},"excerpt":{"rendered":"<p>\u00dcr\u00fcn Y\u00fcksekli\u011fi : 33 cm Revian, y\u00fckseli\u015fin kristal formudur.&nbsp;Kollar\u0131n\u0131 g\u00f6ky\u00fcz\u00fcne uzatan ak\u0131\u015fkan silueti, \u00f6zg\u00fcrl\u00fc\u011f\u00fc ve cesareti temsil ederken; i\u00e7indeki mavi damarlar derinlik ve i\u00e7sel g\u00fcc\u00fc simgeler. Cam\u0131n k\u0131vr\u0131ml\u0131 y\u00fczeylerinde \u0131\u015f\u0131k dola\u015ft\u0131k\u00e7a obje adeta hareket etmeye ba\u015flar.&nbsp;Her a\u00e7\u0131dan farkl\u0131 bir enerji yayar; bir heykel gibi durur, bir duygu gibi hissedilir. Bu yaln\u0131zca bir dekoratif obje de\u011fil,&nbsp;mek\u00e2na &hellip; <a href=\"https:\/\/casetti.wpevi.com\/en\/revian-cam-obje\/\" class=\"more-link\">Continue reading <span class=\"screen-reader-text\">Revian cam Obje<\/span><\/a><\/p>","protected":false},"featured_media":14540,"comment_status":"open","ping_status":"closed","template":"","meta":[],"product_brand":[217],"product_cat":[213],"product_tag":[],"class_list":{"0":"post-13090","1":"product","2":"type-product","3":"status-publish","4":"has-post-thumbnail","6":"product_brand-casetti","7":"product_cat-cam-ve-kristal-urunler","10":"instock","11":"taxable","12":"shipping-taxable","13":"purchasable","14":"product-type-simple"},"_links":{"self":[{"href":"https:\/\/casetti.wpevi.com\/en\/wp-json\/wp\/v2\/product\/13090","targetHints":{"allow":["GET"]}}],"collection":[{"href":"https:\/\/casetti.wpevi.com\/en\/wp-json\/wp\/v2\/product"}],"about":[{"href":"https:\/\/casetti.wpevi.com\/en\/wp-json\/wp\/v2\/types\/product"}],"replies":[{"embeddable":true,"href":"https:\/\/casetti.wpevi.com\/en\/wp-json\/wp\/v2\/comments?post=13090"}],"version-history":[{"count":1,"href":"https:\/\/casetti.wpevi.com\/en\/wp-json\/wp\/v2\/product\/13090\/revisions"}],"predecessor-version":[{"id":14539,"href":"https:\/\/casetti.wpevi.com\/en\/wp-json\/wp\/v2\/product\/13090\/revisions\/14539"}],"wp:featuredmedia":[{"embeddable":true,"href":"https:\/\/casetti.wpevi.com\/en\/wp-json\/wp\/v2\/media\/14540"}],"wp:attachment":[{"href":"https:\/\/casetti.wpevi.com\/en\/wp-json\/wp\/v2\/media?parent=13090"}],"wp:term":[{"taxonomy":"product_brand","embeddable":true,"href":"https:\/\/casetti.wpevi.com\/en\/wp-json\/wp\/v2\/product_brand?post=13090"},{"taxonomy":"product_cat","embeddable":true,"href":"https:\/\/casetti.wpevi.com\/en\/wp-json\/wp\/v2\/product_cat?post=13090"},{"taxonomy":"product_tag","embeddable":true,"href":"https:\/\/casetti.wpevi.com\/en\/wp-json\/wp\/v2\/product_tag?post=13090"}],"curies":[{"name":"wp","href":"https:\/\/api.w.org\/{rel}","templated":true}]}}