{"id":13084,"date":"2026-02-27T17:17:02","date_gmt":"2026-02-27T14:17:02","guid":{"rendered":"https:\/\/casetti.wpevi.com\/talyra-kristal-obje\/"},"modified":"2026-03-07T17:52:21","modified_gmt":"2026-03-07T14:52:21","slug":"talyra-cam-obje","status":"publish","type":"product","link":"https:\/\/casetti.wpevi.com\/en\/talyra-cam-obje\/","title":{"rendered":"Talyra cam Obje"},"content":{"rendered":"<p>Y\u00fckseklik : 31 cm<\/p>\n<p>Talyra, iki ruhun tek bir formda bulu\u015ftu\u011fu kristal bir zarafet manifestosudur.<br \/>&nbsp;Ak\u0131\u015fkan cam \u00e7izgileri, sar\u0131lman\u0131n yumu\u015fakl\u0131\u011f\u0131n\u0131; i\u00e7teki derin mavi ton ise duygunun yo\u011funlu\u011funu temsil eder.<\/p>\n<p>I\u015f\u0131kla temas etti\u011finde y\u00fczeyindeki k\u0131vr\u0131mlar hareket kazan\u0131r,<br \/>&nbsp;her a\u00e7\u0131dan farkl\u0131 bir siluet sunar.<\/p>\n<p>Bu yaln\u0131zca bir dekor objesi de\u011fil,<br \/>&nbsp;mek\u00e2na duygu ve hik\u00e2ye ekleyen bir sanat heykelidir.<\/p>\n<p>Modern konsollar, yatak odas\u0131 komodinleri veya l\u00fcks ofis masalar\u0131nda g\u00fc\u00e7l\u00fc bir \u201cstatement piece\u201d olarak konumlan\u0131r.<\/p>","protected":false},"excerpt":{"rendered":"<p>Y\u00fckseklik : 31 cm Talyra, iki ruhun tek bir formda bulu\u015ftu\u011fu kristal bir zarafet manifestosudur.&nbsp;Ak\u0131\u015fkan cam \u00e7izgileri, sar\u0131lman\u0131n yumu\u015fakl\u0131\u011f\u0131n\u0131; i\u00e7teki derin mavi ton ise duygunun yo\u011funlu\u011funu temsil eder. I\u015f\u0131kla temas etti\u011finde y\u00fczeyindeki k\u0131vr\u0131mlar hareket kazan\u0131r,&nbsp;her a\u00e7\u0131dan farkl\u0131 bir siluet sunar. Bu yaln\u0131zca bir dekor objesi de\u011fil,&nbsp;mek\u00e2na duygu ve hik\u00e2ye ekleyen bir sanat heykelidir. Modern konsollar, &hellip; <a href=\"https:\/\/casetti.wpevi.com\/en\/talyra-cam-obje\/\" class=\"more-link\">Continue reading <span class=\"screen-reader-text\">Talyra cam Obje<\/span><\/a><\/p>","protected":false},"featured_media":14544,"comment_status":"open","ping_status":"closed","template":"","meta":[],"product_brand":[217],"product_cat":[213],"product_tag":[],"class_list":{"0":"post-13084","1":"product","2":"type-product","3":"status-publish","4":"has-post-thumbnail","6":"product_brand-casetti","7":"product_cat-cam-ve-kristal-urunler","10":"instock","11":"taxable","12":"shipping-taxable","13":"purchasable","14":"product-type-simple"},"_links":{"self":[{"href":"https:\/\/casetti.wpevi.com\/en\/wp-json\/wp\/v2\/product\/13084","targetHints":{"allow":["GET"]}}],"collection":[{"href":"https:\/\/casetti.wpevi.com\/en\/wp-json\/wp\/v2\/product"}],"about":[{"href":"https:\/\/casetti.wpevi.com\/en\/wp-json\/wp\/v2\/types\/product"}],"replies":[{"embeddable":true,"href":"https:\/\/casetti.wpevi.com\/en\/wp-json\/wp\/v2\/comments?post=13084"}],"version-history":[{"count":1,"href":"https:\/\/casetti.wpevi.com\/en\/wp-json\/wp\/v2\/product\/13084\/revisions"}],"predecessor-version":[{"id":14543,"href":"https:\/\/casetti.wpevi.com\/en\/wp-json\/wp\/v2\/product\/13084\/revisions\/14543"}],"wp:featuredmedia":[{"embeddable":true,"href":"https:\/\/casetti.wpevi.com\/en\/wp-json\/wp\/v2\/media\/14544"}],"wp:attachment":[{"href":"https:\/\/casetti.wpevi.com\/en\/wp-json\/wp\/v2\/media?parent=13084"}],"wp:term":[{"taxonomy":"product_brand","embeddable":true,"href":"https:\/\/casetti.wpevi.com\/en\/wp-json\/wp\/v2\/product_brand?post=13084"},{"taxonomy":"product_cat","embeddable":true,"href":"https:\/\/casetti.wpevi.com\/en\/wp-json\/wp\/v2\/product_cat?post=13084"},{"taxonomy":"product_tag","embeddable":true,"href":"https:\/\/casetti.wpevi.com\/en\/wp-json\/wp\/v2\/product_tag?post=13084"}],"curies":[{"name":"wp","href":"https:\/\/api.w.org\/{rel}","templated":true}]}}