{"id":13079,"date":"2026-02-27T16:17:04","date_gmt":"2026-02-27T13:17:04","guid":{"rendered":"https:\/\/casetti.wpevi.com\/?post_type=product&#038;p=13079"},"modified":"2026-03-07T18:11:06","modified_gmt":"2026-03-07T15:11:06","slug":"xymerea-dekoratif-cam-obje","status":"publish","type":"product","link":"https:\/\/casetti.wpevi.com\/en\/xymerea-dekoratif-cam-obje\/","title":{"rendered":"Xymerea Dekoratif Cam Obje"},"content":{"rendered":"<p>Xymera, iki formun kesi\u015fti\u011fi noktada do\u011fan bir denge manifestosudur.<br \/>&nbsp;Ak\u0131\u015fkan cam y\u00fczeyleri, donmu\u015f bir hareket an\u0131n\u0131 temsil ederken; merkezdeki k\u00fcresel detay, evrenin kalbindeki dengeyi simgeler.<\/p>\n<p>Mavi tonlar\u0131n derinli\u011fi ve kristal berrakl\u0131k, \u0131\u015f\u0131kla temas etti\u011finde katman katman a\u00e7\u0131l\u0131r. Her a\u00e7\u0131dan farkl\u0131 bir siluet sunar; bir heykel gibi durur, bir enerji gibi hissedilir.<\/p>\n<p>Bu bir dekor objesi de\u011fil,<br \/>&nbsp;mek\u00e2na kimlik kazand\u0131ran bir imza par\u00e7as\u0131d\u0131r.<\/p>\n<p>Modern villa projeleri, l\u00fcks ofisler ve g\u00fc\u00e7l\u00fc mimari kurgular i\u00e7in tasarland\u0131.<\/p>","protected":false},"excerpt":{"rendered":"<p>Xymera, iki formun kesi\u015fti\u011fi noktada do\u011fan bir denge manifestosudur.&nbsp;Ak\u0131\u015fkan cam y\u00fczeyleri, donmu\u015f bir hareket an\u0131n\u0131 temsil ederken; merkezdeki k\u00fcresel detay, evrenin kalbindeki dengeyi simgeler. Mavi tonlar\u0131n derinli\u011fi ve kristal berrakl\u0131k, \u0131\u015f\u0131kla temas etti\u011finde katman katman a\u00e7\u0131l\u0131r. Her a\u00e7\u0131dan farkl\u0131 bir siluet sunar; bir heykel gibi durur, bir enerji gibi hissedilir. Bu bir dekor objesi de\u011fil,&nbsp;mek\u00e2na &hellip; <a href=\"https:\/\/casetti.wpevi.com\/en\/xymerea-dekoratif-cam-obje\/\" class=\"more-link\">Continue reading <span class=\"screen-reader-text\">Xymerea Dekoratif Cam Obje<\/span><\/a><\/p>","protected":false},"featured_media":14563,"comment_status":"open","ping_status":"closed","template":"","meta":[],"product_brand":[217],"product_cat":[213],"product_tag":[],"class_list":{"0":"post-13079","1":"product","2":"type-product","3":"status-publish","4":"has-post-thumbnail","6":"product_brand-casetti","7":"product_cat-cam-ve-kristal-urunler","10":"instock","11":"taxable","12":"shipping-taxable","13":"purchasable","14":"product-type-simple"},"_links":{"self":[{"href":"https:\/\/casetti.wpevi.com\/en\/wp-json\/wp\/v2\/product\/13079","targetHints":{"allow":["GET"]}}],"collection":[{"href":"https:\/\/casetti.wpevi.com\/en\/wp-json\/wp\/v2\/product"}],"about":[{"href":"https:\/\/casetti.wpevi.com\/en\/wp-json\/wp\/v2\/types\/product"}],"replies":[{"embeddable":true,"href":"https:\/\/casetti.wpevi.com\/en\/wp-json\/wp\/v2\/comments?post=13079"}],"version-history":[{"count":2,"href":"https:\/\/casetti.wpevi.com\/en\/wp-json\/wp\/v2\/product\/13079\/revisions"}],"predecessor-version":[{"id":14562,"href":"https:\/\/casetti.wpevi.com\/en\/wp-json\/wp\/v2\/product\/13079\/revisions\/14562"}],"wp:featuredmedia":[{"embeddable":true,"href":"https:\/\/casetti.wpevi.com\/en\/wp-json\/wp\/v2\/media\/14563"}],"wp:attachment":[{"href":"https:\/\/casetti.wpevi.com\/en\/wp-json\/wp\/v2\/media?parent=13079"}],"wp:term":[{"taxonomy":"product_brand","embeddable":true,"href":"https:\/\/casetti.wpevi.com\/en\/wp-json\/wp\/v2\/product_brand?post=13079"},{"taxonomy":"product_cat","embeddable":true,"href":"https:\/\/casetti.wpevi.com\/en\/wp-json\/wp\/v2\/product_cat?post=13079"},{"taxonomy":"product_tag","embeddable":true,"href":"https:\/\/casetti.wpevi.com\/en\/wp-json\/wp\/v2\/product_tag?post=13079"}],"curies":[{"name":"wp","href":"https:\/\/api.w.org\/{rel}","templated":true}]}}