{"id":13076,"date":"2026-02-27T16:12:04","date_gmt":"2026-02-27T13:12:04","guid":{"rendered":"https:\/\/casetti.wpevi.com\/dionera-cam-canak\/"},"modified":"2026-02-27T16:15:08","modified_gmt":"2026-02-27T13:15:08","slug":"dionera-cam-canak","status":"publish","type":"product","link":"https:\/\/casetti.wpevi.com\/en\/dionera-cam-canak\/","title":{"rendered":"Dionera Cam \u00c7anak"},"content":{"rendered":"<p>Turkuaz\u0131n derinli\u011fi ile kristal \u015feffafl\u0131\u011f\u0131n \u00e7arp\u0131\u015ft\u0131\u011f\u0131 bu form, okyanusun enerjisini mek\u00e2na ta\u015f\u0131r. Kenarlardaki k\u0131vr\u0131ml\u0131 y\u00fckseli\u015fler, k\u00f6p\u00fcren bir dalgan\u0131n zirvesini; alt y\u00fczeydeki kabarc\u0131kl\u0131 dokular ise suyun i\u00e7indeki hareketi temsil eder.<\/p>\n<p>I\u015f\u0131k vurdu\u011funda i\u00e7indeki mavi tonlar katman katman a\u00e7\u0131l\u0131r;<br \/>&nbsp;g\u00fcnd\u00fcz ferah, ak\u015fam dramatik bir karakter kazan\u0131r.<\/p>\n<p>Bu sadece bir \u00e7anak de\u011fil,<br \/>&nbsp;bir mek\u00e2n\u0131n merkezine yerle\u015fen cam bir performans.<\/p>\n<p>Konsol \u00fcst\u00fc, b\u00fcy\u00fck sehpa ortas\u0131 ya da modern bir ofiste statement piece olarak tasarland\u0131.<\/p>","protected":false},"excerpt":{"rendered":"<p>Turkuaz\u0131n derinli\u011fi ile kristal \u015feffafl\u0131\u011f\u0131n \u00e7arp\u0131\u015ft\u0131\u011f\u0131 bu form, okyanusun enerjisini mek\u00e2na ta\u015f\u0131r. Kenarlardaki k\u0131vr\u0131ml\u0131 y\u00fckseli\u015fler, k\u00f6p\u00fcren bir dalgan\u0131n zirvesini; alt y\u00fczeydeki kabarc\u0131kl\u0131 dokular ise suyun i\u00e7indeki hareketi temsil eder. I\u015f\u0131k vurdu\u011funda i\u00e7indeki mavi tonlar katman katman a\u00e7\u0131l\u0131r;&nbsp;g\u00fcnd\u00fcz ferah, ak\u015fam dramatik bir karakter kazan\u0131r. Bu sadece bir \u00e7anak de\u011fil,&nbsp;bir mek\u00e2n\u0131n merkezine yerle\u015fen cam bir performans. Konsol &hellip; <a href=\"https:\/\/casetti.wpevi.com\/en\/dionera-cam-canak\/\" class=\"more-link\">Continue reading <span class=\"screen-reader-text\">Dionera Cam \u00c7anak<\/span><\/a><\/p>","protected":false},"featured_media":13078,"comment_status":"open","ping_status":"closed","template":"","meta":[],"product_brand":[217],"product_cat":[213],"product_tag":[],"class_list":{"0":"post-13076","1":"product","2":"type-product","3":"status-publish","4":"has-post-thumbnail","6":"product_brand-casetti","7":"product_cat-cam-ve-kristal-urunler","10":"instock","11":"taxable","12":"shipping-taxable","13":"purchasable","14":"product-type-simple"},"_links":{"self":[{"href":"https:\/\/casetti.wpevi.com\/en\/wp-json\/wp\/v2\/product\/13076","targetHints":{"allow":["GET"]}}],"collection":[{"href":"https:\/\/casetti.wpevi.com\/en\/wp-json\/wp\/v2\/product"}],"about":[{"href":"https:\/\/casetti.wpevi.com\/en\/wp-json\/wp\/v2\/types\/product"}],"replies":[{"embeddable":true,"href":"https:\/\/casetti.wpevi.com\/en\/wp-json\/wp\/v2\/comments?post=13076"}],"version-history":[{"count":0,"href":"https:\/\/casetti.wpevi.com\/en\/wp-json\/wp\/v2\/product\/13076\/revisions"}],"wp:featuredmedia":[{"embeddable":true,"href":"https:\/\/casetti.wpevi.com\/en\/wp-json\/wp\/v2\/media\/13078"}],"wp:attachment":[{"href":"https:\/\/casetti.wpevi.com\/en\/wp-json\/wp\/v2\/media?parent=13076"}],"wp:term":[{"taxonomy":"product_brand","embeddable":true,"href":"https:\/\/casetti.wpevi.com\/en\/wp-json\/wp\/v2\/product_brand?post=13076"},{"taxonomy":"product_cat","embeddable":true,"href":"https:\/\/casetti.wpevi.com\/en\/wp-json\/wp\/v2\/product_cat?post=13076"},{"taxonomy":"product_tag","embeddable":true,"href":"https:\/\/casetti.wpevi.com\/en\/wp-json\/wp\/v2\/product_tag?post=13076"}],"curies":[{"name":"wp","href":"https:\/\/api.w.org\/{rel}","templated":true}]}}