{"id":13068,"date":"2026-02-27T15:27:03","date_gmt":"2026-02-27T12:27:03","guid":{"rendered":"https:\/\/casetti.wpevi.com\/virella-cam-vazo-buyuk-boy\/"},"modified":"2026-02-27T15:27:11","modified_gmt":"2026-02-27T12:27:11","slug":"virella-cam-vazo-buyuk-boy","status":"publish","type":"product","link":"https:\/\/casetti.wpevi.com\/en\/virella-cam-vazo-buyuk-boy\/","title":{"rendered":"Virella Cam Vazo B\u00fcy\u00fck Boy"},"content":{"rendered":"<p>\u00dcr\u00fcn \u00d6l\u00e7\u00fcleri :<br \/>Y\u00fckseklik : 30 cm&nbsp;<br \/>Geni\u015flik : 16 cm<\/p>\n<p>Virella, cam\u0131n ak\u0131\u015fkan zarafetini heykelsi bir formda yeniden yorumluyor.<br \/>&nbsp;Zeytin ye\u015filinin derin ve sofistike tonu, amber ve yakut detayl\u0131 yan kulplarla kontrast olu\u015fturarak objeye g\u00fc\u00e7l\u00fc bir karakter kazand\u0131r\u0131yor.<\/p>\n<p>I\u015f\u0131\u011f\u0131 i\u00e7ine \u00e7ekip yumu\u015fak bir ge\u00e7i\u015fle yans\u0131tan y\u00fczeyi sayesinde bulundu\u011fu mek\u00e2nda s\u0131radan bir vazo de\u011fil, adeta bir sanat manifestosu gibi durur.<\/p>\n<p>Modern ya\u015fam alanlar\u0131, l\u00fcks konsollar ve mimari projeler i\u00e7in tasarlanm\u0131\u015f;<br \/>&nbsp;hem minimal hem iddial\u0131.<\/p>","protected":false},"excerpt":{"rendered":"<p>\u00dcr\u00fcn \u00d6l\u00e7\u00fcleri :Y\u00fckseklik : 30 cm&nbsp;Geni\u015flik : 16 cm Virella, cam\u0131n ak\u0131\u015fkan zarafetini heykelsi bir formda yeniden yorumluyor.&nbsp;Zeytin ye\u015filinin derin ve sofistike tonu, amber ve yakut detayl\u0131 yan kulplarla kontrast olu\u015fturarak objeye g\u00fc\u00e7l\u00fc bir karakter kazand\u0131r\u0131yor. I\u015f\u0131\u011f\u0131 i\u00e7ine \u00e7ekip yumu\u015fak bir ge\u00e7i\u015fle yans\u0131tan y\u00fczeyi sayesinde bulundu\u011fu mek\u00e2nda s\u0131radan bir vazo de\u011fil, adeta bir sanat manifestosu &hellip; <a href=\"https:\/\/casetti.wpevi.com\/en\/virella-cam-vazo-buyuk-boy\/\" class=\"more-link\">Continue reading <span class=\"screen-reader-text\">Virella Cam Vazo B\u00fcy\u00fck Boy<\/span><\/a><\/p>","protected":false},"featured_media":13071,"comment_status":"open","ping_status":"closed","template":"","meta":[],"product_brand":[217],"product_cat":[213],"product_tag":[],"class_list":{"0":"post-13068","1":"product","2":"type-product","3":"status-publish","4":"has-post-thumbnail","6":"product_brand-casetti","7":"product_cat-cam-ve-kristal-urunler","10":"instock","11":"taxable","12":"shipping-taxable","13":"purchasable","14":"product-type-simple"},"_links":{"self":[{"href":"https:\/\/casetti.wpevi.com\/en\/wp-json\/wp\/v2\/product\/13068","targetHints":{"allow":["GET"]}}],"collection":[{"href":"https:\/\/casetti.wpevi.com\/en\/wp-json\/wp\/v2\/product"}],"about":[{"href":"https:\/\/casetti.wpevi.com\/en\/wp-json\/wp\/v2\/types\/product"}],"replies":[{"embeddable":true,"href":"https:\/\/casetti.wpevi.com\/en\/wp-json\/wp\/v2\/comments?post=13068"}],"version-history":[{"count":0,"href":"https:\/\/casetti.wpevi.com\/en\/wp-json\/wp\/v2\/product\/13068\/revisions"}],"wp:featuredmedia":[{"embeddable":true,"href":"https:\/\/casetti.wpevi.com\/en\/wp-json\/wp\/v2\/media\/13071"}],"wp:attachment":[{"href":"https:\/\/casetti.wpevi.com\/en\/wp-json\/wp\/v2\/media?parent=13068"}],"wp:term":[{"taxonomy":"product_brand","embeddable":true,"href":"https:\/\/casetti.wpevi.com\/en\/wp-json\/wp\/v2\/product_brand?post=13068"},{"taxonomy":"product_cat","embeddable":true,"href":"https:\/\/casetti.wpevi.com\/en\/wp-json\/wp\/v2\/product_cat?post=13068"},{"taxonomy":"product_tag","embeddable":true,"href":"https:\/\/casetti.wpevi.com\/en\/wp-json\/wp\/v2\/product_tag?post=13068"}],"curies":[{"name":"wp","href":"https:\/\/api.w.org\/{rel}","templated":true}]}}