{"id":13055,"date":"2026-02-27T14:50:03","date_gmt":"2026-02-27T11:50:03","guid":{"rendered":"https:\/\/casetti.wpevi.com\/azurea-cam-diffuser\/"},"modified":"2026-03-02T19:16:13","modified_gmt":"2026-03-02T16:16:13","slug":"azurea-cam-diffuser","status":"publish","type":"product","link":"https:\/\/casetti.wpevi.com\/en\/azurea-cam-diffuser\/","title":{"rendered":"Azurea Cam Diffuser"},"content":{"rendered":"<p>\u00dcr\u00fcn \u00d6l\u00e7\u00fcleri :<br \/>Y\u00fckseklik : 18 cm&nbsp;<br \/>Geni\u015flik :&nbsp; 18 cm<\/p>\n<p>Azurea, derin okyanus tonlar\u0131n\u0131 zarif bir cam formunda bulu\u015fturan heykelsi bir tasar\u0131m objesidir. \u00dcst b\u00f6l\u00fcmde yo\u011funla\u015fan lacivert-mavi ge\u00e7i\u015f, berrak kristal tabanla kusursuz bir denge olu\u015fturur. Alt k\u0131s\u0131mdaki cam i\u00e7erisinde da\u011f\u0131lan hava kabarc\u0131klar\u0131 tasar\u0131ma hareket ve derinlik kazand\u0131r\u0131rken, p\u00fcr\u00fczs\u00fcz oval siluet modern mek\u00e2nlarda sofistike bir vurgu yarat\u0131r.<\/p>\n<p>Tek ba\u015f\u0131na bir sanat objesi olarak konumland\u0131r\u0131labilece\u011fi gibi, minimal \u00e7i\u00e7ek aranjmanlar\u0131yla da g\u00fc\u00e7l\u00fc bir dekoratif etki sa\u011flar.<\/p>\n<p><strong>Zamans\u0131z. \u015e\u0131k. Dingin.<\/strong><\/p>","protected":false},"excerpt":{"rendered":"<p>\u00dcr\u00fcn \u00d6l\u00e7\u00fcleri :Y\u00fckseklik : 18 cm&nbsp;Geni\u015flik :&nbsp; 18 cm Azurea, derin okyanus tonlar\u0131n\u0131 zarif bir cam formunda bulu\u015fturan heykelsi bir tasar\u0131m objesidir. \u00dcst b\u00f6l\u00fcmde yo\u011funla\u015fan lacivert-mavi ge\u00e7i\u015f, berrak kristal tabanla kusursuz bir denge olu\u015fturur. Alt k\u0131s\u0131mdaki cam i\u00e7erisinde da\u011f\u0131lan hava kabarc\u0131klar\u0131 tasar\u0131ma hareket ve derinlik kazand\u0131r\u0131rken, p\u00fcr\u00fczs\u00fcz oval siluet modern mek\u00e2nlarda sofistike bir vurgu yarat\u0131r. &hellip; <a href=\"https:\/\/casetti.wpevi.com\/en\/azurea-cam-diffuser\/\" class=\"more-link\">Continue reading <span class=\"screen-reader-text\">Azurea Cam Diffuser<\/span><\/a><\/p>","protected":false},"featured_media":13474,"comment_status":"open","ping_status":"closed","template":"","meta":[],"product_brand":[217],"product_cat":[213],"product_tag":[],"class_list":{"0":"post-13055","1":"product","2":"type-product","3":"status-publish","4":"has-post-thumbnail","6":"product_brand-casetti","7":"product_cat-cam-ve-kristal-urunler","10":"instock","11":"taxable","12":"shipping-taxable","13":"purchasable","14":"product-type-simple"},"_links":{"self":[{"href":"https:\/\/casetti.wpevi.com\/en\/wp-json\/wp\/v2\/product\/13055","targetHints":{"allow":["GET"]}}],"collection":[{"href":"https:\/\/casetti.wpevi.com\/en\/wp-json\/wp\/v2\/product"}],"about":[{"href":"https:\/\/casetti.wpevi.com\/en\/wp-json\/wp\/v2\/types\/product"}],"replies":[{"embeddable":true,"href":"https:\/\/casetti.wpevi.com\/en\/wp-json\/wp\/v2\/comments?post=13055"}],"version-history":[{"count":0,"href":"https:\/\/casetti.wpevi.com\/en\/wp-json\/wp\/v2\/product\/13055\/revisions"}],"wp:featuredmedia":[{"embeddable":true,"href":"https:\/\/casetti.wpevi.com\/en\/wp-json\/wp\/v2\/media\/13474"}],"wp:attachment":[{"href":"https:\/\/casetti.wpevi.com\/en\/wp-json\/wp\/v2\/media?parent=13055"}],"wp:term":[{"taxonomy":"product_brand","embeddable":true,"href":"https:\/\/casetti.wpevi.com\/en\/wp-json\/wp\/v2\/product_brand?post=13055"},{"taxonomy":"product_cat","embeddable":true,"href":"https:\/\/casetti.wpevi.com\/en\/wp-json\/wp\/v2\/product_cat?post=13055"},{"taxonomy":"product_tag","embeddable":true,"href":"https:\/\/casetti.wpevi.com\/en\/wp-json\/wp\/v2\/product_tag?post=13055"}],"curies":[{"name":"wp","href":"https:\/\/api.w.org\/{rel}","templated":true}]}}