{"id":12870,"date":"2026-02-26T16:50:09","date_gmt":"2026-02-26T13:50:09","guid":{"rendered":"https:\/\/casetti.wpevi.com\/fume-cam-sise-buyuk-boy\/"},"modified":"2026-02-26T17:07:12","modified_gmt":"2026-02-26T14:07:12","slug":"fume-cam-sise-buyuk-boy","status":"publish","type":"product","link":"https:\/\/casetti.wpevi.com\/en\/fume-cam-sise-buyuk-boy\/","title":{"rendered":"F\u00fcme Cam \u015ei\u015fe B\u00fcy\u00fck Boy"},"content":{"rendered":"<p>\u00dcr\u00fcn \u00d6l\u00e7\u00fcleri :<br \/>Y\u00fckseklik :&nbsp; 46 cm&nbsp;<br \/>Width: 15 cm<br \/>Derinlik : 15 cm<\/p>\n<p>46 cm y\u00fcksekli\u011fe sahip bu f\u00fcme tonlu dekoratif obje, zarif ve heykelsi formuyla modern ya\u015fam alanlar\u0131na g\u00fc\u00e7l\u00fc bir karakter kazand\u0131r\u0131r. Mat y\u00fczey dokusu \u0131\u015f\u0131\u011f\u0131 yumu\u015fak \u015fekilde yans\u0131tarak sofistike bir atmosfer olu\u015ftururken, \u00fcst b\u00f6l\u00fcmdeki k\u00fcresel detay tasar\u0131ma dengeli ve estetik bir sil\u00fcet kazand\u0131r\u0131r. Minimal \u00e7izgileri sayesinde hem modern hem de luxury dekorasyonlarla uyum sa\u011flayan bu \u00f6zel par\u00e7a; konsol, dresuar veya raf d\u00fczenlemelerinde tek ba\u015f\u0131na dikkat \u00e7ekici bir odak noktas\u0131 yarat\u0131r. Zamans\u0131z tasar\u0131m anlay\u0131\u015f\u0131yla mek\u00e2na sade ama etkileyici bir \u015f\u0131kl\u0131k katar.<\/p>","protected":false},"excerpt":{"rendered":"<p>\u00dcr\u00fcn \u00d6l\u00e7\u00fcleri :Y\u00fckseklik :&nbsp; 46 cm&nbsp;Geni\u015flik : 15 cmDerinlik : 15 cm 46 cm y\u00fcksekli\u011fe sahip bu f\u00fcme tonlu dekoratif obje, zarif ve heykelsi formuyla modern ya\u015fam alanlar\u0131na g\u00fc\u00e7l\u00fc bir karakter kazand\u0131r\u0131r. Mat y\u00fczey dokusu \u0131\u015f\u0131\u011f\u0131 yumu\u015fak \u015fekilde yans\u0131tarak sofistike bir atmosfer olu\u015ftururken, \u00fcst b\u00f6l\u00fcmdeki k\u00fcresel detay tasar\u0131ma dengeli ve estetik bir sil\u00fcet kazand\u0131r\u0131r. Minimal &hellip; <a href=\"https:\/\/casetti.wpevi.com\/en\/fume-cam-sise-buyuk-boy\/\" class=\"more-link\">Continue reading <span class=\"screen-reader-text\">F\u00fcme Cam \u015ei\u015fe B\u00fcy\u00fck Boy<\/span><\/a><\/p>","protected":false},"featured_media":12894,"comment_status":"open","ping_status":"closed","template":"","meta":[],"product_brand":[217],"product_cat":[213],"product_tag":[],"class_list":{"0":"post-12870","1":"product","2":"type-product","3":"status-publish","4":"has-post-thumbnail","6":"product_brand-casetti","7":"product_cat-cam-ve-kristal-urunler","10":"instock","11":"taxable","12":"shipping-taxable","13":"purchasable","14":"product-type-simple"},"_links":{"self":[{"href":"https:\/\/casetti.wpevi.com\/en\/wp-json\/wp\/v2\/product\/12870","targetHints":{"allow":["GET"]}}],"collection":[{"href":"https:\/\/casetti.wpevi.com\/en\/wp-json\/wp\/v2\/product"}],"about":[{"href":"https:\/\/casetti.wpevi.com\/en\/wp-json\/wp\/v2\/types\/product"}],"replies":[{"embeddable":true,"href":"https:\/\/casetti.wpevi.com\/en\/wp-json\/wp\/v2\/comments?post=12870"}],"version-history":[{"count":0,"href":"https:\/\/casetti.wpevi.com\/en\/wp-json\/wp\/v2\/product\/12870\/revisions"}],"wp:featuredmedia":[{"embeddable":true,"href":"https:\/\/casetti.wpevi.com\/en\/wp-json\/wp\/v2\/media\/12894"}],"wp:attachment":[{"href":"https:\/\/casetti.wpevi.com\/en\/wp-json\/wp\/v2\/media?parent=12870"}],"wp:term":[{"taxonomy":"product_brand","embeddable":true,"href":"https:\/\/casetti.wpevi.com\/en\/wp-json\/wp\/v2\/product_brand?post=12870"},{"taxonomy":"product_cat","embeddable":true,"href":"https:\/\/casetti.wpevi.com\/en\/wp-json\/wp\/v2\/product_cat?post=12870"},{"taxonomy":"product_tag","embeddable":true,"href":"https:\/\/casetti.wpevi.com\/en\/wp-json\/wp\/v2\/product_tag?post=12870"}],"curies":[{"name":"wp","href":"https:\/\/api.w.org\/{rel}","templated":true}]}}