{"id":12863,"date":"2026-02-26T16:36:06","date_gmt":"2026-02-26T13:36:06","guid":{"rendered":"https:\/\/casetti.wpevi.com\/?post_type=product&#038;p=12863"},"modified":"2026-02-28T12:06:40","modified_gmt":"2026-02-28T09:06:40","slug":"fume-cam-sise-kucuk-boy","status":"publish","type":"product","link":"https:\/\/casetti.wpevi.com\/en\/fume-cam-sise-kucuk-boy\/","title":{"rendered":"F\u00fcme Cam \u015ei\u015fe K\u00fc\u00e7\u00fck Boy"},"content":{"rendered":"<p>\u00dcr\u00fcn \u00d6l\u00e7\u00fcleri :<br \/>Y\u00fckseklik : 35 cm<br \/>Geni\u015flik : 18 cm<br \/>Derinlik :&nbsp; 18 cm&nbsp;<\/p>\n<p>&nbsp;Fum\u00e9 Cam \u015ei\u015fe, sade ve heykelsi formuyla modern dekorasyon anlay\u0131\u015f\u0131n\u0131 g\u00fc\u00e7l\u00fc bir sil\u00fcete d\u00f6n\u00fc\u015ft\u00fcren \u00f6zel bir tasar\u0131md\u0131r. F\u00fcme tonunun mat y\u00fczeyde olu\u015fturdu\u011fu yumu\u015fak ge\u00e7i\u015fler, objeye sofistike ve zamans\u0131z bir karakter kazand\u0131r\u0131r. \u00dcst b\u00f6l\u00fcmdeki k\u00fcresel detay, vazoya minimal ama dikkat \u00e7ekici bir denge katarken; modern, japandi ve luxury konseptli ya\u015fam alanlar\u0131nda g\u00fc\u00e7l\u00fc bir odak noktas\u0131 olu\u015fturur. Konsol, sehpa veya raf \u00fczerinde zarif bir atmosfer yaratan Fum\u00e9&nbsp; Cam \u015ei\u015fe, sadeli\u011fin \u015f\u0131k bir yorumu olarak \u00f6ne \u00e7\u0131kar.&nbsp;<\/p>","protected":false},"excerpt":{"rendered":"<p>\u00dcr\u00fcn \u00d6l\u00e7\u00fcleri :Y\u00fckseklik : 35 cmGeni\u015flik : 18 cmDerinlik :&nbsp; 18 cm&nbsp; &nbsp;Fum\u00e9 Cam \u015ei\u015fe, sade ve heykelsi formuyla modern dekorasyon anlay\u0131\u015f\u0131n\u0131 g\u00fc\u00e7l\u00fc bir sil\u00fcete d\u00f6n\u00fc\u015ft\u00fcren \u00f6zel bir tasar\u0131md\u0131r. F\u00fcme tonunun mat y\u00fczeyde olu\u015fturdu\u011fu yumu\u015fak ge\u00e7i\u015fler, objeye sofistike ve zamans\u0131z bir karakter kazand\u0131r\u0131r. \u00dcst b\u00f6l\u00fcmdeki k\u00fcresel detay, vazoya minimal ama dikkat \u00e7ekici bir denge katarken; &hellip; <a href=\"https:\/\/casetti.wpevi.com\/en\/fume-cam-sise-kucuk-boy\/\" class=\"more-link\">Continue reading <span class=\"screen-reader-text\">F\u00fcme Cam \u015ei\u015fe K\u00fc\u00e7\u00fck Boy<\/span><\/a><\/p>","protected":false},"featured_media":13151,"comment_status":"open","ping_status":"closed","template":"","meta":[],"product_brand":[217],"product_cat":[213],"product_tag":[],"class_list":{"0":"post-12863","1":"product","2":"type-product","3":"status-publish","4":"has-post-thumbnail","6":"product_brand-casetti","7":"product_cat-cam-ve-kristal-urunler","10":"instock","11":"taxable","12":"shipping-taxable","13":"purchasable","14":"product-type-simple"},"_links":{"self":[{"href":"https:\/\/casetti.wpevi.com\/en\/wp-json\/wp\/v2\/product\/12863","targetHints":{"allow":["GET"]}}],"collection":[{"href":"https:\/\/casetti.wpevi.com\/en\/wp-json\/wp\/v2\/product"}],"about":[{"href":"https:\/\/casetti.wpevi.com\/en\/wp-json\/wp\/v2\/types\/product"}],"replies":[{"embeddable":true,"href":"https:\/\/casetti.wpevi.com\/en\/wp-json\/wp\/v2\/comments?post=12863"}],"version-history":[{"count":2,"href":"https:\/\/casetti.wpevi.com\/en\/wp-json\/wp\/v2\/product\/12863\/revisions"}],"predecessor-version":[{"id":12881,"href":"https:\/\/casetti.wpevi.com\/en\/wp-json\/wp\/v2\/product\/12863\/revisions\/12881"}],"wp:featuredmedia":[{"embeddable":true,"href":"https:\/\/casetti.wpevi.com\/en\/wp-json\/wp\/v2\/media\/13151"}],"wp:attachment":[{"href":"https:\/\/casetti.wpevi.com\/en\/wp-json\/wp\/v2\/media?parent=12863"}],"wp:term":[{"taxonomy":"product_brand","embeddable":true,"href":"https:\/\/casetti.wpevi.com\/en\/wp-json\/wp\/v2\/product_brand?post=12863"},{"taxonomy":"product_cat","embeddable":true,"href":"https:\/\/casetti.wpevi.com\/en\/wp-json\/wp\/v2\/product_cat?post=12863"},{"taxonomy":"product_tag","embeddable":true,"href":"https:\/\/casetti.wpevi.com\/en\/wp-json\/wp\/v2\/product_tag?post=12863"}],"curies":[{"name":"wp","href":"https:\/\/api.w.org\/{rel}","templated":true}]}}