{"id":12857,"date":"2026-02-26T16:27:06","date_gmt":"2026-02-26T13:27:06","guid":{"rendered":"https:\/\/casetti.wpevi.com\/zafira-cam-vazo-kucuk-boy\/"},"modified":"2026-03-12T21:33:13","modified_gmt":"2026-03-12T18:33:13","slug":"zafira-cam-vazo-kucuk-boy","status":"publish","type":"product","link":"https:\/\/casetti.wpevi.com\/en\/zafira-cam-vazo-kucuk-boy\/","title":{"rendered":"Zafira Cam Vazo K\u00fc\u00e7\u00fck Boy"},"content":{"rendered":"<p>\u00dcr\u00fcn \u00d6l\u00e7\u00fcleri :<br \/>Y\u00fckseklik : 23 cm&nbsp;<br \/>Geni\u015flik : 20 cm&nbsp;<br \/>Derinlik : 20 cm&nbsp;<\/p>\n<p>Zafira Marble Glass Vase, ak\u0131\u015fkan cam formu ile mermer dokusunu and\u0131ran katmanl\u0131 desenleri bir araya getiren modern bir sanat objesidir. Siyah ve f\u00fcme tonlar\u0131n\u0131n dalgal\u0131 ge\u00e7i\u015fleri, vazoya g\u00fc\u00e7l\u00fc ve sofistike bir karakter kazand\u0131r\u0131rken \u0131\u015f\u0131kla birlikte derinlik hissi olu\u015fturur. Organik \u00fcst formu sayesinde hem minimal hem de luxury dekorasyonlarda dikkat \u00e7ekici bir odak noktas\u0131 yarat\u0131r. Dresuar, konsol veya sehpa \u00fczerinde zarif bir atmosfer olu\u015fturan Zafira; zamans\u0131z tasar\u0131m anlay\u0131\u015f\u0131n\u0131 yans\u0131tan prestijli bir dekor par\u00e7as\u0131d\u0131r.&nbsp;<\/p>","protected":false},"excerpt":{"rendered":"<p>\u00dcr\u00fcn \u00d6l\u00e7\u00fcleri :Y\u00fckseklik : 23 cm&nbsp;Geni\u015flik : 20 cm&nbsp;Derinlik : 20 cm&nbsp; Zafira Marble Glass Vase, ak\u0131\u015fkan cam formu ile mermer dokusunu and\u0131ran katmanl\u0131 desenleri bir araya getiren modern bir sanat objesidir. Siyah ve f\u00fcme tonlar\u0131n\u0131n dalgal\u0131 ge\u00e7i\u015fleri, vazoya g\u00fc\u00e7l\u00fc ve sofistike bir karakter kazand\u0131r\u0131rken \u0131\u015f\u0131kla birlikte derinlik hissi olu\u015fturur. Organik \u00fcst formu sayesinde hem &hellip; <a href=\"https:\/\/casetti.wpevi.com\/en\/zafira-cam-vazo-kucuk-boy\/\" class=\"more-link\">Continue reading <span class=\"screen-reader-text\">Zafira Cam Vazo K\u00fc\u00e7\u00fck Boy<\/span><\/a><\/p>","protected":false},"featured_media":15903,"comment_status":"open","ping_status":"closed","template":"","meta":[],"product_brand":[217],"product_cat":[213],"product_tag":[],"class_list":{"0":"post-12857","1":"product","2":"type-product","3":"status-publish","4":"has-post-thumbnail","6":"product_brand-casetti","7":"product_cat-cam-ve-kristal-urunler","10":"instock","11":"taxable","12":"shipping-taxable","13":"purchasable","14":"product-type-simple"},"_links":{"self":[{"href":"https:\/\/casetti.wpevi.com\/en\/wp-json\/wp\/v2\/product\/12857","targetHints":{"allow":["GET"]}}],"collection":[{"href":"https:\/\/casetti.wpevi.com\/en\/wp-json\/wp\/v2\/product"}],"about":[{"href":"https:\/\/casetti.wpevi.com\/en\/wp-json\/wp\/v2\/types\/product"}],"replies":[{"embeddable":true,"href":"https:\/\/casetti.wpevi.com\/en\/wp-json\/wp\/v2\/comments?post=12857"}],"version-history":[{"count":1,"href":"https:\/\/casetti.wpevi.com\/en\/wp-json\/wp\/v2\/product\/12857\/revisions"}],"predecessor-version":[{"id":12859,"href":"https:\/\/casetti.wpevi.com\/en\/wp-json\/wp\/v2\/product\/12857\/revisions\/12859"}],"wp:featuredmedia":[{"embeddable":true,"href":"https:\/\/casetti.wpevi.com\/en\/wp-json\/wp\/v2\/media\/15903"}],"wp:attachment":[{"href":"https:\/\/casetti.wpevi.com\/en\/wp-json\/wp\/v2\/media?parent=12857"}],"wp:term":[{"taxonomy":"product_brand","embeddable":true,"href":"https:\/\/casetti.wpevi.com\/en\/wp-json\/wp\/v2\/product_brand?post=12857"},{"taxonomy":"product_cat","embeddable":true,"href":"https:\/\/casetti.wpevi.com\/en\/wp-json\/wp\/v2\/product_cat?post=12857"},{"taxonomy":"product_tag","embeddable":true,"href":"https:\/\/casetti.wpevi.com\/en\/wp-json\/wp\/v2\/product_tag?post=12857"}],"curies":[{"name":"wp","href":"https:\/\/api.w.org\/{rel}","templated":true}]}}