{"id":12853,"date":"2026-02-26T16:19:04","date_gmt":"2026-02-26T13:19:04","guid":{"rendered":"https:\/\/casetti.wpevi.com\/nerina-kristal-vazo\/"},"modified":"2026-03-12T22:08:09","modified_gmt":"2026-03-12T19:08:09","slug":"nerina-cam-vazo","status":"publish","type":"product","link":"https:\/\/casetti.wpevi.com\/en\/nerina-cam-vazo\/","title":{"rendered":"Nerina cam Vazo"},"content":{"rendered":"<p>\u00dcr\u00fcn \u00d6l\u00e7\u00fcleri :<br \/>Y\u00fckseklik : 17 cm<br \/>Width: 15 cm<br \/>Derinlik : 8 cm<\/p>\n<p>Nerina Crystal Form, ak\u0131\u015fkan cam dokusunun sanatsal bir sil\u00fcete d\u00f6n\u00fc\u015ft\u00fc\u011f\u00fc modern bir dekor objesidir. Damla formunu and\u0131ran organik tasar\u0131m\u0131, \u0131\u015f\u0131kla temas etti\u011finde y\u00fczeyinde dalga etkisi olu\u015fturarak bulundu\u011fu mek\u00e2na zarif bir hareket kazand\u0131r\u0131r. F\u00fcme tonlara yak\u0131n \u015feffaf kristal yap\u0131s\u0131 sayesinde hem minimal hem de luxury dekorasyonlara uyum sa\u011flar. Konsol, sehpa veya vitrinlerde g\u00fc\u00e7l\u00fc bir odak noktas\u0131 olu\u015fturan Nerina; sadeli\u011fiyle dikkat \u00e7eken, zamans\u0131z ve sofistike bir tasar\u0131m par\u00e7as\u0131d\u0131r.<\/p>\n<p><\/p>","protected":false},"excerpt":{"rendered":"<p>\u00dcr\u00fcn \u00d6l\u00e7\u00fcleri :Y\u00fckseklik : 17 cmGeni\u015flik : 15 cmDerinlik : 8 cm Nerina Crystal Form, ak\u0131\u015fkan cam dokusunun sanatsal bir sil\u00fcete d\u00f6n\u00fc\u015ft\u00fc\u011f\u00fc modern bir dekor objesidir. Damla formunu and\u0131ran organik tasar\u0131m\u0131, \u0131\u015f\u0131kla temas etti\u011finde y\u00fczeyinde dalga etkisi olu\u015fturarak bulundu\u011fu mek\u00e2na zarif bir hareket kazand\u0131r\u0131r. F\u00fcme tonlara yak\u0131n \u015feffaf kristal yap\u0131s\u0131 sayesinde hem minimal hem de &hellip; <a href=\"https:\/\/casetti.wpevi.com\/en\/nerina-cam-vazo\/\" class=\"more-link\">Continue reading <span class=\"screen-reader-text\">Nerina cam Vazo<\/span><\/a><\/p>","protected":false},"featured_media":15931,"comment_status":"open","ping_status":"closed","template":"","meta":[],"product_brand":[217],"product_cat":[213],"product_tag":[],"class_list":{"0":"post-12853","1":"product","2":"type-product","3":"status-publish","4":"has-post-thumbnail","6":"product_brand-casetti","7":"product_cat-cam-ve-kristal-urunler","10":"instock","11":"taxable","12":"shipping-taxable","13":"purchasable","14":"product-type-simple"},"_links":{"self":[{"href":"https:\/\/casetti.wpevi.com\/en\/wp-json\/wp\/v2\/product\/12853","targetHints":{"allow":["GET"]}}],"collection":[{"href":"https:\/\/casetti.wpevi.com\/en\/wp-json\/wp\/v2\/product"}],"about":[{"href":"https:\/\/casetti.wpevi.com\/en\/wp-json\/wp\/v2\/types\/product"}],"replies":[{"embeddable":true,"href":"https:\/\/casetti.wpevi.com\/en\/wp-json\/wp\/v2\/comments?post=12853"}],"version-history":[{"count":1,"href":"https:\/\/casetti.wpevi.com\/en\/wp-json\/wp\/v2\/product\/12853\/revisions"}],"predecessor-version":[{"id":14546,"href":"https:\/\/casetti.wpevi.com\/en\/wp-json\/wp\/v2\/product\/12853\/revisions\/14546"}],"wp:featuredmedia":[{"embeddable":true,"href":"https:\/\/casetti.wpevi.com\/en\/wp-json\/wp\/v2\/media\/15931"}],"wp:attachment":[{"href":"https:\/\/casetti.wpevi.com\/en\/wp-json\/wp\/v2\/media?parent=12853"}],"wp:term":[{"taxonomy":"product_brand","embeddable":true,"href":"https:\/\/casetti.wpevi.com\/en\/wp-json\/wp\/v2\/product_brand?post=12853"},{"taxonomy":"product_cat","embeddable":true,"href":"https:\/\/casetti.wpevi.com\/en\/wp-json\/wp\/v2\/product_cat?post=12853"},{"taxonomy":"product_tag","embeddable":true,"href":"https:\/\/casetti.wpevi.com\/en\/wp-json\/wp\/v2\/product_tag?post=12853"}],"curies":[{"name":"wp","href":"https:\/\/api.w.org\/{rel}","templated":true}]}}