{"id":12839,"date":"2026-02-26T16:08:10","date_gmt":"2026-02-26T13:08:10","guid":{"rendered":"https:\/\/casetti.wpevi.com\/prisma-kristal-telefon\/"},"modified":"2026-02-26T16:10:25","modified_gmt":"2026-02-26T13:10:25","slug":"prisma-kristal-telefon","status":"publish","type":"product","link":"https:\/\/casetti.wpevi.com\/en\/prisma-kristal-telefon\/","title":{"rendered":"Prisma Kristal Telefon"},"content":{"rendered":"<p>\u00dcr\u00fcn \u00d6l\u00e7\u00fcleri :<br \/>Y\u00fckseklik : 18 cm&nbsp;<br \/>Geni\u015flik :&nbsp; 22 cm&nbsp;<br \/>Derinlik :&nbsp; 15 cm<\/p>\n<p>Prisma Crystal Phone, geometrik kristal formu ve vintage telefon tasar\u0131m\u0131n\u0131 modern luxury esteti\u011fiyle bulu\u015fturan \u00f6zg\u00fcn bir dekor objesidir. \u00c7ok y\u00fczeyli kristal g\u00f6vdesi \u0131\u015f\u0131\u011f\u0131 farkl\u0131 a\u00e7\u0131lardan k\u0131rarak mek\u00e2na zarif bir parlakl\u0131k katarken, metal detayl\u0131 ahize formu tasar\u0131ma nostaljik bir karakter kazand\u0131r\u0131r. Dengeli duru\u015fu ve g\u00fc\u00e7l\u00fc tasar\u0131m dili sayesinde konsol, \u00e7al\u0131\u015fma masas\u0131 veya vitrinlerde dikkat \u00e7ekici bir odak noktas\u0131 olu\u015fturur. Prisma; klasik ileti\u015fim sembol\u00fcn\u00fc \u00e7a\u011fda\u015f sanat objesine d\u00f6n\u00fc\u015ft\u00fcren, prestijli ve koleksiyon de\u011feri ta\u015f\u0131yan \u00f6zel bir par\u00e7ad\u0131r.<\/p>","protected":false},"excerpt":{"rendered":"<p>\u00dcr\u00fcn \u00d6l\u00e7\u00fcleri :Y\u00fckseklik : 18 cm&nbsp;Geni\u015flik :&nbsp; 22 cm&nbsp;Derinlik :&nbsp; 15 cm Prisma Crystal Phone, geometrik kristal formu ve vintage telefon tasar\u0131m\u0131n\u0131 modern luxury esteti\u011fiyle bulu\u015fturan \u00f6zg\u00fcn bir dekor objesidir. \u00c7ok y\u00fczeyli kristal g\u00f6vdesi \u0131\u015f\u0131\u011f\u0131 farkl\u0131 a\u00e7\u0131lardan k\u0131rarak mek\u00e2na zarif bir parlakl\u0131k katarken, metal detayl\u0131 ahize formu tasar\u0131ma nostaljik bir karakter kazand\u0131r\u0131r. Dengeli duru\u015fu ve &hellip; <a href=\"https:\/\/casetti.wpevi.com\/en\/prisma-kristal-telefon\/\" class=\"more-link\">Continue reading <span class=\"screen-reader-text\">Prisma Kristal Telefon<\/span><\/a><\/p>","protected":false},"featured_media":12850,"comment_status":"open","ping_status":"closed","template":"","meta":[],"product_brand":[217],"product_cat":[213],"product_tag":[],"class_list":{"0":"post-12839","1":"product","2":"type-product","3":"status-publish","4":"has-post-thumbnail","6":"product_brand-casetti","7":"product_cat-cam-ve-kristal-urunler","10":"instock","11":"taxable","12":"shipping-taxable","13":"purchasable","14":"product-type-simple"},"_links":{"self":[{"href":"https:\/\/casetti.wpevi.com\/en\/wp-json\/wp\/v2\/product\/12839","targetHints":{"allow":["GET"]}}],"collection":[{"href":"https:\/\/casetti.wpevi.com\/en\/wp-json\/wp\/v2\/product"}],"about":[{"href":"https:\/\/casetti.wpevi.com\/en\/wp-json\/wp\/v2\/types\/product"}],"replies":[{"embeddable":true,"href":"https:\/\/casetti.wpevi.com\/en\/wp-json\/wp\/v2\/comments?post=12839"}],"version-history":[{"count":1,"href":"https:\/\/casetti.wpevi.com\/en\/wp-json\/wp\/v2\/product\/12839\/revisions"}],"predecessor-version":[{"id":12848,"href":"https:\/\/casetti.wpevi.com\/en\/wp-json\/wp\/v2\/product\/12839\/revisions\/12848"}],"wp:featuredmedia":[{"embeddable":true,"href":"https:\/\/casetti.wpevi.com\/en\/wp-json\/wp\/v2\/media\/12850"}],"wp:attachment":[{"href":"https:\/\/casetti.wpevi.com\/en\/wp-json\/wp\/v2\/media?parent=12839"}],"wp:term":[{"taxonomy":"product_brand","embeddable":true,"href":"https:\/\/casetti.wpevi.com\/en\/wp-json\/wp\/v2\/product_brand?post=12839"},{"taxonomy":"product_cat","embeddable":true,"href":"https:\/\/casetti.wpevi.com\/en\/wp-json\/wp\/v2\/product_cat?post=12839"},{"taxonomy":"product_tag","embeddable":true,"href":"https:\/\/casetti.wpevi.com\/en\/wp-json\/wp\/v2\/product_tag?post=12839"}],"curies":[{"name":"wp","href":"https:\/\/api.w.org\/{rel}","templated":true}]}}