{"id":12833,"date":"2026-02-26T15:50:06","date_gmt":"2026-02-26T12:50:06","guid":{"rendered":"https:\/\/casetti.wpevi.com\/?post_type=product&#038;p=12833"},"modified":"2026-02-28T12:06:07","modified_gmt":"2026-02-28T09:06:07","slug":"fidelia-kristal-telefon","status":"publish","type":"product","link":"https:\/\/casetti.wpevi.com\/en\/fidelia-kristal-telefon\/","title":{"rendered":"Fidelia Kristal Telefon"},"content":{"rendered":"<p>\u00dcr\u00fcn \u00d6l\u00e7\u00fcleri :<br \/>Y\u00fckseklik : 27 cm&nbsp;&nbsp;<br \/>Geni\u015flik :&nbsp; 15 cm<br \/>Derinlik :&nbsp; 10 cm<\/p>\n<p>Fidelia Crystal Phone, klasik telefon tasar\u0131m\u0131n\u0131 modern kristal i\u015f\u00e7ilikle yeniden yorumlayan zarif bir dekor objesidir. \u015eeffaf kristal g\u00f6vdesi, vintage esintili metal detaylarla birle\u015ferek ge\u00e7mi\u015fin nostaljik ruhunu \u00e7a\u011fda\u015f luxury dekorasyon anlay\u0131\u015f\u0131yla bulu\u015fturur. I\u015f\u0131\u011f\u0131 yans\u0131tan temiz y\u00fczeyleri sayesinde bulundu\u011fu alana sofistike bir \u0131\u015f\u0131lt\u0131 katan bu \u00f6zel tasar\u0131m; konsol, dresuar ve vitrinlerde g\u00fc\u00e7l\u00fc bir odak noktas\u0131 olu\u015fturur. Zamans\u0131z esteti\u011fiyle hem sanatsal hem de koleksiyon de\u011feri ta\u015f\u0131yan prestijli bir dekor par\u00e7as\u0131d\u0131r.&nbsp;<\/p>","protected":false},"excerpt":{"rendered":"<p>\u00dcr\u00fcn \u00d6l\u00e7\u00fcleri :Y\u00fckseklik : 27 cm&nbsp;&nbsp;Geni\u015flik :&nbsp; 15 cmDerinlik :&nbsp; 10 cm Fidelia Crystal Phone, klasik telefon tasar\u0131m\u0131n\u0131 modern kristal i\u015f\u00e7ilikle yeniden yorumlayan zarif bir dekor objesidir. \u015eeffaf kristal g\u00f6vdesi, vintage esintili metal detaylarla birle\u015ferek ge\u00e7mi\u015fin nostaljik ruhunu \u00e7a\u011fda\u015f luxury dekorasyon anlay\u0131\u015f\u0131yla bulu\u015fturur. I\u015f\u0131\u011f\u0131 yans\u0131tan temiz y\u00fczeyleri sayesinde bulundu\u011fu alana sofistike bir \u0131\u015f\u0131lt\u0131 katan bu &hellip; <a href=\"https:\/\/casetti.wpevi.com\/en\/fidelia-kristal-telefon\/\" class=\"more-link\">Continue reading <span class=\"screen-reader-text\">Fidelia Kristal Telefon<\/span><\/a><\/p>","protected":false},"featured_media":13143,"comment_status":"open","ping_status":"closed","template":"","meta":[],"product_brand":[217],"product_cat":[213],"product_tag":[],"class_list":{"0":"post-12833","1":"product","2":"type-product","3":"status-publish","4":"has-post-thumbnail","6":"product_brand-casetti","7":"product_cat-cam-ve-kristal-urunler","10":"instock","11":"taxable","12":"shipping-taxable","13":"purchasable","14":"product-type-simple"},"_links":{"self":[{"href":"https:\/\/casetti.wpevi.com\/en\/wp-json\/wp\/v2\/product\/12833","targetHints":{"allow":["GET"]}}],"collection":[{"href":"https:\/\/casetti.wpevi.com\/en\/wp-json\/wp\/v2\/product"}],"about":[{"href":"https:\/\/casetti.wpevi.com\/en\/wp-json\/wp\/v2\/types\/product"}],"replies":[{"embeddable":true,"href":"https:\/\/casetti.wpevi.com\/en\/wp-json\/wp\/v2\/comments?post=12833"}],"version-history":[{"count":1,"href":"https:\/\/casetti.wpevi.com\/en\/wp-json\/wp\/v2\/product\/12833\/revisions"}],"predecessor-version":[{"id":12836,"href":"https:\/\/casetti.wpevi.com\/en\/wp-json\/wp\/v2\/product\/12833\/revisions\/12836"}],"wp:featuredmedia":[{"embeddable":true,"href":"https:\/\/casetti.wpevi.com\/en\/wp-json\/wp\/v2\/media\/13143"}],"wp:attachment":[{"href":"https:\/\/casetti.wpevi.com\/en\/wp-json\/wp\/v2\/media?parent=12833"}],"wp:term":[{"taxonomy":"product_brand","embeddable":true,"href":"https:\/\/casetti.wpevi.com\/en\/wp-json\/wp\/v2\/product_brand?post=12833"},{"taxonomy":"product_cat","embeddable":true,"href":"https:\/\/casetti.wpevi.com\/en\/wp-json\/wp\/v2\/product_cat?post=12833"},{"taxonomy":"product_tag","embeddable":true,"href":"https:\/\/casetti.wpevi.com\/en\/wp-json\/wp\/v2\/product_tag?post=12833"}],"curies":[{"name":"wp","href":"https:\/\/api.w.org\/{rel}","templated":true}]}}