{"id":12829,"date":"2026-02-26T15:48:10","date_gmt":"2026-02-26T12:48:10","guid":{"rendered":"https:\/\/casetti.wpevi.com\/?post_type=product&#038;p=12829"},"modified":"2026-03-07T23:10:16","modified_gmt":"2026-03-07T20:10:16","slug":"rivano-kristal-gramofon","status":"publish","type":"product","link":"https:\/\/casetti.wpevi.com\/en\/rivano-kristal-gramofon\/","title":{"rendered":"Rivano crystal gramophone"},"content":{"rendered":"<p>\u00dcr\u00fcn \u00d6l\u00e7\u00fcleri :<br \/>Y\u00fckseklik : 28 cm&nbsp;<br \/>Geni\u015flik :&nbsp; 17 cm<br \/>Derinlik :&nbsp; 18 cm<\/p>\n<p>Rivano kristal gramofon, vintage m\u00fczik k\u00fclt\u00fcr\u00fcn\u00fc modern kristal tasar\u0131m anlay\u0131\u015f\u0131yla bulu\u015fturan karakterli bir dekor objesidir. Metal dokulu gramofon ba\u015fl\u0131\u011f\u0131, siyah plak detay\u0131 ve \u015feffaf kristal g\u00f6vdesiyle ge\u00e7mi\u015fin nostaljik ruhunu g\u00fcn\u00fcm\u00fcz luxury esteti\u011fine ta\u015f\u0131r. \u00d6n b\u00f6l\u00fcmde yer alan hoparl\u00f6r detaylar\u0131 tasar\u0131ma g\u00fc\u00e7l\u00fc bir teknik duru\u015f kazand\u0131r\u0131rken, parlak y\u00fczeyler \u0131\u015f\u0131kla birlikte sofistike yans\u0131malar olu\u015fturur.<\/p>\n<p>Konsol, dresuar veya \u00e7al\u0131\u015fma alanlar\u0131nda dikkat \u00e7ekici bir odak noktas\u0131 olu\u015fturan Rivano; m\u00fczik tutkusunu tasar\u0131m diliyle ifade eden, zamans\u0131z ve prestijli bir koleksiyon par\u00e7as\u0131d\u0131r.<\/p>\n<p><\/p>","protected":false},"excerpt":{"rendered":"<p>\u00dcr\u00fcn \u00d6l\u00e7\u00fcleri :Y\u00fckseklik : 28 cm&nbsp;Geni\u015flik :&nbsp; 17 cmDerinlik :&nbsp; 18 cm Rivano kristal gramofon, vintage m\u00fczik k\u00fclt\u00fcr\u00fcn\u00fc modern kristal tasar\u0131m anlay\u0131\u015f\u0131yla bulu\u015fturan karakterli bir dekor objesidir. Metal dokulu gramofon ba\u015fl\u0131\u011f\u0131, siyah plak detay\u0131 ve \u015feffaf kristal g\u00f6vdesiyle ge\u00e7mi\u015fin nostaljik ruhunu g\u00fcn\u00fcm\u00fcz luxury esteti\u011fine ta\u015f\u0131r. \u00d6n b\u00f6l\u00fcmde yer alan hoparl\u00f6r detaylar\u0131 tasar\u0131ma g\u00fc\u00e7l\u00fc bir teknik &hellip; <a href=\"https:\/\/casetti.wpevi.com\/en\/rivano-kristal-gramofon\/\" class=\"more-link\">Continue reading <span class=\"screen-reader-text\">Rivano crystal gramophone<\/span><\/a><\/p>","protected":false},"featured_media":14594,"comment_status":"open","ping_status":"closed","template":"","meta":[],"product_brand":[217],"product_cat":[213],"product_tag":[],"class_list":{"0":"post-12829","1":"product","2":"type-product","3":"status-publish","4":"has-post-thumbnail","6":"product_brand-casetti","7":"product_cat-cam-ve-kristal-urunler","10":"instock","11":"taxable","12":"shipping-taxable","13":"purchasable","14":"product-type-simple"},"_links":{"self":[{"href":"https:\/\/casetti.wpevi.com\/en\/wp-json\/wp\/v2\/product\/12829","targetHints":{"allow":["GET"]}}],"collection":[{"href":"https:\/\/casetti.wpevi.com\/en\/wp-json\/wp\/v2\/product"}],"about":[{"href":"https:\/\/casetti.wpevi.com\/en\/wp-json\/wp\/v2\/types\/product"}],"replies":[{"embeddable":true,"href":"https:\/\/casetti.wpevi.com\/en\/wp-json\/wp\/v2\/comments?post=12829"}],"version-history":[{"count":2,"href":"https:\/\/casetti.wpevi.com\/en\/wp-json\/wp\/v2\/product\/12829\/revisions"}],"predecessor-version":[{"id":14593,"href":"https:\/\/casetti.wpevi.com\/en\/wp-json\/wp\/v2\/product\/12829\/revisions\/14593"}],"wp:featuredmedia":[{"embeddable":true,"href":"https:\/\/casetti.wpevi.com\/en\/wp-json\/wp\/v2\/media\/14594"}],"wp:attachment":[{"href":"https:\/\/casetti.wpevi.com\/en\/wp-json\/wp\/v2\/media?parent=12829"}],"wp:term":[{"taxonomy":"product_brand","embeddable":true,"href":"https:\/\/casetti.wpevi.com\/en\/wp-json\/wp\/v2\/product_brand?post=12829"},{"taxonomy":"product_cat","embeddable":true,"href":"https:\/\/casetti.wpevi.com\/en\/wp-json\/wp\/v2\/product_cat?post=12829"},{"taxonomy":"product_tag","embeddable":true,"href":"https:\/\/casetti.wpevi.com\/en\/wp-json\/wp\/v2\/product_tag?post=12829"}],"curies":[{"name":"wp","href":"https:\/\/api.w.org\/{rel}","templated":true}]}}