{"id":12823,"date":"2026-02-26T15:44:07","date_gmt":"2026-02-26T12:44:07","guid":{"rendered":"https:\/\/casetti.wpevi.com\/kronos-crystal-gramophone\/"},"modified":"2026-03-07T23:11:10","modified_gmt":"2026-03-07T20:11:10","slug":"kronos-kristal-gramofon","status":"publish","type":"product","link":"https:\/\/casetti.wpevi.com\/en\/kronos-kristal-gramofon\/","title":{"rendered":"Kronos Crystal Gramophone"},"content":{"rendered":"<p>\u00dcr\u00fcn \u00d6l\u00e7\u00fcleri :<br \/>Y\u00fckseklik : 34 cm<br \/>Geni\u015flik : 23 cm&nbsp;<br \/>Derinlik : 15 cm<\/p>\n<p>Kronos Kristal Gramofon, zamans\u0131z m\u00fczik esteti\u011fini modern kristal tasar\u0131m diliyle bulu\u015fturan \u00f6zel bir dekor objesidir. \u015eeffaf kristal g\u00f6vde, mat siyah y\u00fczeyler ve metal dokulu gramofon ba\u015fl\u0131\u011f\u0131yla g\u00fc\u00e7l\u00fc bir kontrast yaratarak bulundu\u011fu mek\u00e2na sofistike bir karakter kazand\u0131r\u0131r. Vintage gramofon formundan ilham alan bu tasar\u0131m; nostalji ve modern luxury \u00e7izgiyi ayn\u0131 noktada bulu\u015fturur. Konsol, \u00e7al\u0131\u015fma alan\u0131 veya vitrinlerde sanatsal bir odak noktas\u0131 olu\u015fturan Kronos, Casetti stiline uyumlu prestijli bir koleksiyon par\u00e7as\u0131d\u0131r.&nbsp;<\/p>","protected":false},"excerpt":{"rendered":"<p>\u00dcr\u00fcn \u00d6l\u00e7\u00fcleri :Y\u00fckseklik : 34 cmGeni\u015flik : 23 cm&nbsp;Derinlik : 15 cm Kronos Kristal Gramofon, zamans\u0131z m\u00fczik esteti\u011fini modern kristal tasar\u0131m diliyle bulu\u015fturan \u00f6zel bir dekor objesidir. \u015eeffaf kristal g\u00f6vde, mat siyah y\u00fczeyler ve metal dokulu gramofon ba\u015fl\u0131\u011f\u0131yla g\u00fc\u00e7l\u00fc bir kontrast yaratarak bulundu\u011fu mek\u00e2na sofistike bir karakter kazand\u0131r\u0131r. Vintage gramofon formundan ilham alan bu tasar\u0131m; &hellip; <a href=\"https:\/\/casetti.wpevi.com\/en\/kronos-kristal-gramofon\/\" class=\"more-link\">Continue reading <span class=\"screen-reader-text\">Kronos Crystal Gramophone<\/span><\/a><\/p>","protected":false},"featured_media":14597,"comment_status":"open","ping_status":"closed","template":"","meta":[],"product_brand":[217],"product_cat":[213],"product_tag":[],"class_list":{"0":"post-12823","1":"product","2":"type-product","3":"status-publish","4":"has-post-thumbnail","6":"product_brand-casetti","7":"product_cat-cam-ve-kristal-urunler","10":"instock","11":"taxable","12":"shipping-taxable","13":"purchasable","14":"product-type-simple"},"_links":{"self":[{"href":"https:\/\/casetti.wpevi.com\/en\/wp-json\/wp\/v2\/product\/12823","targetHints":{"allow":["GET"]}}],"collection":[{"href":"https:\/\/casetti.wpevi.com\/en\/wp-json\/wp\/v2\/product"}],"about":[{"href":"https:\/\/casetti.wpevi.com\/en\/wp-json\/wp\/v2\/types\/product"}],"replies":[{"embeddable":true,"href":"https:\/\/casetti.wpevi.com\/en\/wp-json\/wp\/v2\/comments?post=12823"}],"version-history":[{"count":1,"href":"https:\/\/casetti.wpevi.com\/en\/wp-json\/wp\/v2\/product\/12823\/revisions"}],"predecessor-version":[{"id":14596,"href":"https:\/\/casetti.wpevi.com\/en\/wp-json\/wp\/v2\/product\/12823\/revisions\/14596"}],"wp:featuredmedia":[{"embeddable":true,"href":"https:\/\/casetti.wpevi.com\/en\/wp-json\/wp\/v2\/media\/14597"}],"wp:attachment":[{"href":"https:\/\/casetti.wpevi.com\/en\/wp-json\/wp\/v2\/media?parent=12823"}],"wp:term":[{"taxonomy":"product_brand","embeddable":true,"href":"https:\/\/casetti.wpevi.com\/en\/wp-json\/wp\/v2\/product_brand?post=12823"},{"taxonomy":"product_cat","embeddable":true,"href":"https:\/\/casetti.wpevi.com\/en\/wp-json\/wp\/v2\/product_cat?post=12823"},{"taxonomy":"product_tag","embeddable":true,"href":"https:\/\/casetti.wpevi.com\/en\/wp-json\/wp\/v2\/product_tag?post=12823"}],"curies":[{"name":"wp","href":"https:\/\/api.w.org\/{rel}","templated":true}]}}