{"id":12818,"date":"2026-02-26T15:32:04","date_gmt":"2026-02-26T12:32:04","guid":{"rendered":"https:\/\/casetti.wpevi.com\/galleria-crystal-gramophone\/"},"modified":"2026-03-07T23:11:16","modified_gmt":"2026-03-07T20:11:16","slug":"galleria-krital-gramofon","status":"publish","type":"product","link":"https:\/\/casetti.wpevi.com\/en\/galleria-krital-gramofon\/","title":{"rendered":"Galleria Crystal Gramophone"},"content":{"rendered":"<p>\u00dcr\u00fcn \u00d6l\u00e7\u00fcleri :<br \/>Y\u00fckseklik : 30 cm<br \/>Geni\u015flik : 20 cm&nbsp;<br \/>Derinlik : 15.5 cm<\/p>\n<p>Galleria Kristal Gramofon, klasik m\u00fczik esteti\u011fini modern tasar\u0131m diliyle bulu\u015fturan sofistike bir dekor objesidir. Kristal detaylarla zenginle\u015ftirilmi\u015f \u015feffaf g\u00f6vdesi, mat siyah y\u00fczeylerle birle\u015ferek g\u00fc\u00e7l\u00fc ve zamans\u0131z bir kontrast olu\u015fturur. Metal dokulu gramofon ba\u015fl\u0131\u011f\u0131 ise vintage ruhu \u00e7a\u011fda\u015f bir yorumla yeniden hayatland\u0131r\u0131r. Konsol, dresuar veya \u00e7al\u0131\u015fma alanlar\u0131nda sanatsal bir odak noktas\u0131 yaratan bu \u00f6zel tasar\u0131m; l\u00fcks dekorasyon anlay\u0131\u015f\u0131n\u0131 m\u00fczi\u011fin zarafetiyle birle\u015ftirir. Casetti stiline uyumlu, koleksiyon de\u011feri ta\u015f\u0131yan karakterli bir obje olarak mek\u00e2na prestijli bir atmosfer kazand\u0131r\u0131r.<\/p>","protected":false},"excerpt":{"rendered":"<p>\u00dcr\u00fcn \u00d6l\u00e7\u00fcleri :Y\u00fckseklik : 30 cmGeni\u015flik : 20 cm&nbsp;Derinlik : 15.5 cm Galleria Kristal Gramofon, klasik m\u00fczik esteti\u011fini modern tasar\u0131m diliyle bulu\u015fturan sofistike bir dekor objesidir. Kristal detaylarla zenginle\u015ftirilmi\u015f \u015feffaf g\u00f6vdesi, mat siyah y\u00fczeylerle birle\u015ferek g\u00fc\u00e7l\u00fc ve zamans\u0131z bir kontrast olu\u015fturur. Metal dokulu gramofon ba\u015fl\u0131\u011f\u0131 ise vintage ruhu \u00e7a\u011fda\u015f bir yorumla yeniden hayatland\u0131r\u0131r. Konsol, dresuar &hellip; <a href=\"https:\/\/casetti.wpevi.com\/en\/galleria-krital-gramofon\/\" class=\"more-link\">Continue reading <span class=\"screen-reader-text\">Galleria Crystal Gramophone<\/span><\/a><\/p>","protected":false},"featured_media":14600,"comment_status":"open","ping_status":"closed","template":"","meta":[],"product_brand":[217],"product_cat":[213],"product_tag":[],"class_list":{"0":"post-12818","1":"product","2":"type-product","3":"status-publish","4":"has-post-thumbnail","6":"product_brand-casetti","7":"product_cat-cam-ve-kristal-urunler","8":"pa_ebat-49-cm","9":"pa_ebat-50cm","10":"pa_ebat-54-cm","11":"pa_ebat-59-cm","12":"pa_ebat-68cm","13":"pa_ebat-29cm","14":"pa_ebat-38cm","17":"instock","18":"taxable","19":"shipping-taxable","20":"purchasable","21":"product-type-simple"},"_links":{"self":[{"href":"https:\/\/casetti.wpevi.com\/en\/wp-json\/wp\/v2\/product\/12818","targetHints":{"allow":["GET"]}}],"collection":[{"href":"https:\/\/casetti.wpevi.com\/en\/wp-json\/wp\/v2\/product"}],"about":[{"href":"https:\/\/casetti.wpevi.com\/en\/wp-json\/wp\/v2\/types\/product"}],"replies":[{"embeddable":true,"href":"https:\/\/casetti.wpevi.com\/en\/wp-json\/wp\/v2\/comments?post=12818"}],"version-history":[{"count":2,"href":"https:\/\/casetti.wpevi.com\/en\/wp-json\/wp\/v2\/product\/12818\/revisions"}],"predecessor-version":[{"id":14599,"href":"https:\/\/casetti.wpevi.com\/en\/wp-json\/wp\/v2\/product\/12818\/revisions\/14599"}],"wp:featuredmedia":[{"embeddable":true,"href":"https:\/\/casetti.wpevi.com\/en\/wp-json\/wp\/v2\/media\/14600"}],"wp:attachment":[{"href":"https:\/\/casetti.wpevi.com\/en\/wp-json\/wp\/v2\/media?parent=12818"}],"wp:term":[{"taxonomy":"product_brand","embeddable":true,"href":"https:\/\/casetti.wpevi.com\/en\/wp-json\/wp\/v2\/product_brand?post=12818"},{"taxonomy":"product_cat","embeddable":true,"href":"https:\/\/casetti.wpevi.com\/en\/wp-json\/wp\/v2\/product_cat?post=12818"},{"taxonomy":"product_tag","embeddable":true,"href":"https:\/\/casetti.wpevi.com\/en\/wp-json\/wp\/v2\/product_tag?post=12818"}],"curies":[{"name":"wp","href":"https:\/\/api.w.org\/{rel}","templated":true}]}}