{"id":12808,"date":"2026-02-26T12:06:03","date_gmt":"2026-02-26T09:06:03","guid":{"rendered":"https:\/\/casetti.wpevi.com\/?post_type=product&#038;p=12808"},"modified":"2026-02-27T12:47:08","modified_gmt":"2026-02-27T09:47:08","slug":"fiore-glass-fish-set-white","status":"publish","type":"product","link":"https:\/\/casetti.wpevi.com\/en\/fiore-glass-fish-set-white\/","title":{"rendered":"Fior\u00e9 Glass Fish Set White"},"content":{"rendered":"<p>This sophisticated set of decorative objects combines the elegant, fluid form of glass with the sparkle of crystal texture. The crystal textures embedded within the transparent glass surface, when exposed to light, mirror the movement of water, creating a dynamic and luxurious atmosphere in any space. The organic fish form represents flow, peace, and abundance, creating a strong focal point on consoles, coffee tables, or display cabinets in modern luxury decor. It is a timeless and artistic design piece that complements the Casetti style.&nbsp;<\/p>","protected":false},"excerpt":{"rendered":"<p>Cam\u0131n zarif ak\u0131\u015fkan formunu kristal dokunun \u0131\u015f\u0131lt\u0131s\u0131yla bulu\u015fturan sofistike bir dekor objesi setidir. \u015eeffaf cam y\u00fczeyin i\u00e7inde yer alan kristal dokular, \u0131\u015f\u0131kla temas etti\u011finde adeta suyun i\u00e7indeki hareket hissini yans\u0131tarak mek\u00e2na dinamik ve l\u00fcks bir atmosfer kazand\u0131r\u0131r. Organik bal\u0131k formu; ak\u0131\u015f, huzur ve bereket temas\u0131n\u0131 temsil ederken, modern luxury dekorasyonlarda konsol, sehpa veya vitrin \u00fcstlerinde &hellip; <a href=\"https:\/\/casetti.wpevi.com\/en\/fiore-glass-fish-set-white\/\" class=\"more-link\">Continue reading <span class=\"screen-reader-text\">Fior\u00e9 Glass Fish Set White<\/span><\/a><\/p>","protected":false},"featured_media":12993,"comment_status":"open","ping_status":"closed","template":"","meta":[],"product_brand":[217],"product_cat":[213],"product_tag":[],"class_list":{"0":"post-12808","1":"product","2":"type-product","3":"status-publish","4":"has-post-thumbnail","6":"product_brand-casetti","7":"product_cat-cam-ve-kristal-urunler","10":"instock","11":"taxable","12":"shipping-taxable","13":"purchasable","14":"product-type-simple"},"_links":{"self":[{"href":"https:\/\/casetti.wpevi.com\/en\/wp-json\/wp\/v2\/product\/12808","targetHints":{"allow":["GET"]}}],"collection":[{"href":"https:\/\/casetti.wpevi.com\/en\/wp-json\/wp\/v2\/product"}],"about":[{"href":"https:\/\/casetti.wpevi.com\/en\/wp-json\/wp\/v2\/types\/product"}],"replies":[{"embeddable":true,"href":"https:\/\/casetti.wpevi.com\/en\/wp-json\/wp\/v2\/comments?post=12808"}],"version-history":[{"count":1,"href":"https:\/\/casetti.wpevi.com\/en\/wp-json\/wp\/v2\/product\/12808\/revisions"}],"predecessor-version":[{"id":12812,"href":"https:\/\/casetti.wpevi.com\/en\/wp-json\/wp\/v2\/product\/12808\/revisions\/12812"}],"wp:featuredmedia":[{"embeddable":true,"href":"https:\/\/casetti.wpevi.com\/en\/wp-json\/wp\/v2\/media\/12993"}],"wp:attachment":[{"href":"https:\/\/casetti.wpevi.com\/en\/wp-json\/wp\/v2\/media?parent=12808"}],"wp:term":[{"taxonomy":"product_brand","embeddable":true,"href":"https:\/\/casetti.wpevi.com\/en\/wp-json\/wp\/v2\/product_brand?post=12808"},{"taxonomy":"product_cat","embeddable":true,"href":"https:\/\/casetti.wpevi.com\/en\/wp-json\/wp\/v2\/product_cat?post=12808"},{"taxonomy":"product_tag","embeddable":true,"href":"https:\/\/casetti.wpevi.com\/en\/wp-json\/wp\/v2\/product_tag?post=12808"}],"curies":[{"name":"wp","href":"https:\/\/api.w.org\/{rel}","templated":true}]}}