{"id":12804,"date":"2026-02-26T12:00:05","date_gmt":"2026-02-26T09:00:05","guid":{"rendered":"https:\/\/casetti.wpevi.com\/?post_type=product&#038;p=12804"},"modified":"2026-02-27T13:54:03","modified_gmt":"2026-02-27T10:54:03","slug":"fiore-cam-balik-set","status":"publish","type":"product","link":"https:\/\/casetti.wpevi.com\/en\/fiore-cam-balik-set\/","title":{"rendered":"Fior\u00e9 Glass Fish Set"},"content":{"rendered":"<p>Cam\u0131n zarif ak\u0131\u015fkan formunu kristal dokunun \u0131\u015f\u0131lt\u0131s\u0131yla bulu\u015fturan sofistike bir dekor objesi setidir. \u015eeffaf cam y\u00fczeyin i\u00e7inde yer alan kristal dokular, \u0131\u015f\u0131kla temas etti\u011finde adeta suyun i\u00e7indeki hareket hissini yans\u0131tarak mek\u00e2na dinamik ve l\u00fcks bir atmosfer kazand\u0131r\u0131r. Organik bal\u0131k formu; ak\u0131\u015f, huzur ve bereket temas\u0131n\u0131 temsil ederken, modern luxury dekorasyonlarda konsol, sehpa veya vitrin \u00fcstlerinde g\u00fc\u00e7l\u00fc bir odak noktas\u0131 olu\u015fturur.&nbsp;<\/p>","protected":false},"excerpt":{"rendered":"<p>Cam\u0131n zarif ak\u0131\u015fkan formunu kristal dokunun \u0131\u015f\u0131lt\u0131s\u0131yla bulu\u015fturan sofistike bir dekor objesi setidir. \u015eeffaf cam y\u00fczeyin i\u00e7inde yer alan kristal dokular, \u0131\u015f\u0131kla temas etti\u011finde adeta suyun i\u00e7indeki hareket hissini yans\u0131tarak mek\u00e2na dinamik ve l\u00fcks bir atmosfer kazand\u0131r\u0131r. Organik bal\u0131k formu; ak\u0131\u015f, huzur ve bereket temas\u0131n\u0131 temsil ederken, modern luxury dekorasyonlarda konsol, sehpa veya vitrin \u00fcstlerinde &hellip; <a href=\"https:\/\/casetti.wpevi.com\/en\/fiore-cam-balik-set\/\" class=\"more-link\">Continue reading <span class=\"screen-reader-text\">Fior\u00e9 Glass Fish Set<\/span><\/a><\/p>","protected":false},"featured_media":13006,"comment_status":"open","ping_status":"closed","template":"","meta":[],"product_brand":[217],"product_cat":[213],"product_tag":[],"class_list":{"0":"post-12804","1":"product","2":"type-product","3":"status-publish","4":"has-post-thumbnail","6":"product_brand-casetti","7":"product_cat-cam-ve-kristal-urunler","10":"instock","11":"taxable","12":"shipping-taxable","13":"purchasable","14":"product-type-simple"},"_links":{"self":[{"href":"https:\/\/casetti.wpevi.com\/en\/wp-json\/wp\/v2\/product\/12804","targetHints":{"allow":["GET"]}}],"collection":[{"href":"https:\/\/casetti.wpevi.com\/en\/wp-json\/wp\/v2\/product"}],"about":[{"href":"https:\/\/casetti.wpevi.com\/en\/wp-json\/wp\/v2\/types\/product"}],"replies":[{"embeddable":true,"href":"https:\/\/casetti.wpevi.com\/en\/wp-json\/wp\/v2\/comments?post=12804"}],"version-history":[{"count":1,"href":"https:\/\/casetti.wpevi.com\/en\/wp-json\/wp\/v2\/product\/12804\/revisions"}],"predecessor-version":[{"id":12814,"href":"https:\/\/casetti.wpevi.com\/en\/wp-json\/wp\/v2\/product\/12804\/revisions\/12814"}],"wp:featuredmedia":[{"embeddable":true,"href":"https:\/\/casetti.wpevi.com\/en\/wp-json\/wp\/v2\/media\/13006"}],"wp:attachment":[{"href":"https:\/\/casetti.wpevi.com\/en\/wp-json\/wp\/v2\/media?parent=12804"}],"wp:term":[{"taxonomy":"product_brand","embeddable":true,"href":"https:\/\/casetti.wpevi.com\/en\/wp-json\/wp\/v2\/product_brand?post=12804"},{"taxonomy":"product_cat","embeddable":true,"href":"https:\/\/casetti.wpevi.com\/en\/wp-json\/wp\/v2\/product_cat?post=12804"},{"taxonomy":"product_tag","embeddable":true,"href":"https:\/\/casetti.wpevi.com\/en\/wp-json\/wp\/v2\/product_tag?post=12804"}],"curies":[{"name":"wp","href":"https:\/\/api.w.org\/{rel}","templated":true}]}}