{"id":12797,"date":"2026-02-26T11:47:03","date_gmt":"2026-02-26T08:47:03","guid":{"rendered":"https:\/\/casetti.wpevi.com\/embrace-cam-obje\/"},"modified":"2026-02-28T12:06:32","modified_gmt":"2026-02-28T09:06:32","slug":"embrace-cam-obje","status":"publish","type":"product","link":"https:\/\/casetti.wpevi.com\/en\/embrace-cam-obje\/","title":{"rendered":"Embrace Glass Object"},"content":{"rendered":"<p>Cam\u0131n ak\u0131\u015fkan formunu g\u00fc\u00e7l\u00fc bir duygusal anlat\u0131mla birle\u015ftiren modern bir sanat objesidir. Derin safir mavisi tonlar\u0131 ve \u0131\u015f\u0131\u011f\u0131 yakalayan transparan y\u00fczeyi sayesinde bulundu\u011fu mek\u00e2nda adeta canl\u0131 bir yans\u0131ma olu\u015fturur. Kucaklayan sil\u00fceti; ba\u011f kurmay\u0131, korumay\u0131 ve birlik hissini simgelerken, luxury dekorasyon anlay\u0131\u015f\u0131na zarif bir vurgu katar. Dresuar, konsol veya \u00f6zel vitrinlerde g\u00fc\u00e7l\u00fc bir odak noktas\u0131 yaratan zamans\u0131z bir tasar\u0131m par\u00e7as\u0131d\u0131r.&nbsp;<\/p>","protected":false},"excerpt":{"rendered":"<p>Cam\u0131n ak\u0131\u015fkan formunu g\u00fc\u00e7l\u00fc bir duygusal anlat\u0131mla birle\u015ftiren modern bir sanat objesidir. Derin safir mavisi tonlar\u0131 ve \u0131\u015f\u0131\u011f\u0131 yakalayan transparan y\u00fczeyi sayesinde bulundu\u011fu mek\u00e2nda adeta canl\u0131 bir yans\u0131ma olu\u015fturur. Kucaklayan sil\u00fceti; ba\u011f kurmay\u0131, korumay\u0131 ve birlik hissini simgelerken, luxury dekorasyon anlay\u0131\u015f\u0131na zarif bir vurgu katar. Dresuar, konsol veya \u00f6zel vitrinlerde g\u00fc\u00e7l\u00fc bir odak noktas\u0131 yaratan &hellip; <a href=\"https:\/\/casetti.wpevi.com\/en\/embrace-cam-obje\/\" class=\"more-link\">Continue reading <span class=\"screen-reader-text\">Embrace Glass Object<\/span><\/a><\/p>","protected":false},"featured_media":13150,"comment_status":"open","ping_status":"closed","template":"","meta":[],"product_brand":[217],"product_cat":[213],"product_tag":[],"class_list":{"0":"post-12797","1":"product","2":"type-product","3":"status-publish","4":"has-post-thumbnail","6":"product_brand-casetti","7":"product_cat-cam-ve-kristal-urunler","10":"instock","11":"taxable","12":"shipping-taxable","13":"purchasable","14":"product-type-simple"},"_links":{"self":[{"href":"https:\/\/casetti.wpevi.com\/en\/wp-json\/wp\/v2\/product\/12797","targetHints":{"allow":["GET"]}}],"collection":[{"href":"https:\/\/casetti.wpevi.com\/en\/wp-json\/wp\/v2\/product"}],"about":[{"href":"https:\/\/casetti.wpevi.com\/en\/wp-json\/wp\/v2\/types\/product"}],"replies":[{"embeddable":true,"href":"https:\/\/casetti.wpevi.com\/en\/wp-json\/wp\/v2\/comments?post=12797"}],"version-history":[{"count":0,"href":"https:\/\/casetti.wpevi.com\/en\/wp-json\/wp\/v2\/product\/12797\/revisions"}],"wp:featuredmedia":[{"embeddable":true,"href":"https:\/\/casetti.wpevi.com\/en\/wp-json\/wp\/v2\/media\/13150"}],"wp:attachment":[{"href":"https:\/\/casetti.wpevi.com\/en\/wp-json\/wp\/v2\/media?parent=12797"}],"wp:term":[{"taxonomy":"product_brand","embeddable":true,"href":"https:\/\/casetti.wpevi.com\/en\/wp-json\/wp\/v2\/product_brand?post=12797"},{"taxonomy":"product_cat","embeddable":true,"href":"https:\/\/casetti.wpevi.com\/en\/wp-json\/wp\/v2\/product_cat?post=12797"},{"taxonomy":"product_tag","embeddable":true,"href":"https:\/\/casetti.wpevi.com\/en\/wp-json\/wp\/v2\/product_tag?post=12797"}],"curies":[{"name":"wp","href":"https:\/\/api.w.org\/{rel}","templated":true}]}}