{"id":12760,"date":"2026-02-25T15:10:04","date_gmt":"2026-02-25T12:10:04","guid":{"rendered":"https:\/\/casetti.wpevi.com\/dorian-deniz-anasi-kucuk-boy\/"},"modified":"2026-03-07T17:55:18","modified_gmt":"2026-03-07T14:55:18","slug":"dorian-cam-deniz-anasi-kucuk-boy","status":"publish","type":"product","link":"https:\/\/casetti.wpevi.com\/en\/dorian-cam-deniz-anasi-kucuk-boy\/","title":{"rendered":"Dorian Cam Deniz Anas\u0131 K\u00fc\u00e7\u00fck Boy"},"content":{"rendered":"<p>H : 13 cm<\/p>\n<p>Organik formdan ilham alan <em>Dorian<\/em>, cam sanat\u0131n\u0131 modern bir yorumla bulu\u015fturan heykelsi bir tasar\u0131md\u0131r. \u015eeffaf g\u00f6vde i\u00e7inde yer alan zarif detaylar ve alt\u0131n tonlu dokular, \u0131\u015f\u0131kla etkile\u015fime girerek derinlik hissi yarat\u0131r.<\/p>\n<p>\u00dcr\u00fcn\u00fcn y\u00fczeyinde uygulanan <strong>cam kumlama tekni\u011fi<\/strong>, dokusal bir karakter kazand\u0131rarak tasar\u0131m\u0131n sanatsal etkisini g\u00fc\u00e7lendirir. Bu \u00f6zel i\u015flem sayesinde \u0131\u015f\u0131k k\u0131r\u0131l\u0131mlar\u0131 daha yumu\u015fak bir ge\u00e7i\u015fle mek\u00e2na sofistike bir atmosfer sunar.<\/p>\n<p>Minimal ama g\u00fc\u00e7l\u00fc sil\u00fceti sayesinde konsol, raf veya sehpa d\u00fczenlemelerinde modern bir odak noktas\u0131 olu\u015fturur.<\/p>","protected":false},"excerpt":{"rendered":"<p>H : 13 cm Organik formdan ilham alan Dorian, cam sanat\u0131n\u0131 modern bir yorumla bulu\u015fturan heykelsi bir tasar\u0131md\u0131r. \u015eeffaf g\u00f6vde i\u00e7inde yer alan zarif detaylar ve alt\u0131n tonlu dokular, \u0131\u015f\u0131kla etkile\u015fime girerek derinlik hissi yarat\u0131r. \u00dcr\u00fcn\u00fcn y\u00fczeyinde uygulanan cam kumlama tekni\u011fi, dokusal bir karakter kazand\u0131rarak tasar\u0131m\u0131n sanatsal etkisini g\u00fc\u00e7lendirir. Bu \u00f6zel i\u015flem sayesinde \u0131\u015f\u0131k k\u0131r\u0131l\u0131mlar\u0131 &hellip; <a href=\"https:\/\/casetti.wpevi.com\/en\/dorian-cam-deniz-anasi-kucuk-boy\/\" class=\"more-link\">Continue reading <span class=\"screen-reader-text\">Dorian Cam Deniz Anas\u0131 K\u00fc\u00e7\u00fck Boy<\/span><\/a><\/p>","protected":false},"featured_media":14559,"comment_status":"open","ping_status":"closed","template":"","meta":[],"product_brand":[],"product_cat":[15],"product_tag":[],"class_list":{"0":"post-12760","1":"product","2":"type-product","3":"status-publish","4":"has-post-thumbnail","6":"product_cat-uncategorized","9":"instock","10":"taxable","11":"shipping-taxable","12":"purchasable","13":"product-type-simple"},"_links":{"self":[{"href":"https:\/\/casetti.wpevi.com\/en\/wp-json\/wp\/v2\/product\/12760","targetHints":{"allow":["GET"]}}],"collection":[{"href":"https:\/\/casetti.wpevi.com\/en\/wp-json\/wp\/v2\/product"}],"about":[{"href":"https:\/\/casetti.wpevi.com\/en\/wp-json\/wp\/v2\/types\/product"}],"replies":[{"embeddable":true,"href":"https:\/\/casetti.wpevi.com\/en\/wp-json\/wp\/v2\/comments?post=12760"}],"version-history":[{"count":3,"href":"https:\/\/casetti.wpevi.com\/en\/wp-json\/wp\/v2\/product\/12760\/revisions"}],"predecessor-version":[{"id":14554,"href":"https:\/\/casetti.wpevi.com\/en\/wp-json\/wp\/v2\/product\/12760\/revisions\/14554"}],"wp:featuredmedia":[{"embeddable":true,"href":"https:\/\/casetti.wpevi.com\/en\/wp-json\/wp\/v2\/media\/14559"}],"wp:attachment":[{"href":"https:\/\/casetti.wpevi.com\/en\/wp-json\/wp\/v2\/media?parent=12760"}],"wp:term":[{"taxonomy":"product_brand","embeddable":true,"href":"https:\/\/casetti.wpevi.com\/en\/wp-json\/wp\/v2\/product_brand?post=12760"},{"taxonomy":"product_cat","embeddable":true,"href":"https:\/\/casetti.wpevi.com\/en\/wp-json\/wp\/v2\/product_cat?post=12760"},{"taxonomy":"product_tag","embeddable":true,"href":"https:\/\/casetti.wpevi.com\/en\/wp-json\/wp\/v2\/product_tag?post=12760"}],"curies":[{"name":"wp","href":"https:\/\/api.w.org\/{rel}","templated":true}]}}