{"id":12754,"date":"2026-02-25T14:43:16","date_gmt":"2026-02-25T11:43:16","guid":{"rendered":"https:\/\/casetti.wpevi.com\/kaleido-cam-disk\/"},"modified":"2026-03-09T12:39:06","modified_gmt":"2026-03-09T09:39:06","slug":"kaleido-cam-disk","status":"publish","type":"product","link":"https:\/\/casetti.wpevi.com\/en\/kaleido-cam-disk\/","title":{"rendered":"Kaleido Glass Disc"},"content":{"rendered":"<p>\u00dcr\u00fcn \u00d6l\u00e7\u00fcs\u00fc : 15 x 17 cm&nbsp;<\/p>\n<p><strong>Murano tarz\u0131 soyut cam heykel<\/strong>, g\u00fcne\u015f y\u00f6r\u00fcngesini ve geometrik hareketi and\u0131ran b\u00fcy\u00fcleyici spiral disk tasar\u0131m\u0131na sahiptir. Turkuaz, amber ve siyah cam katmanlar\u0131n\u0131n birle\u015fimi \u0131\u015f\u0131\u011f\u0131 farkl\u0131 a\u00e7\u0131lardan yakalayarak g\u00fc\u00e7l\u00fc bir g\u00f6rsel etki olu\u015fturur. \u015eeffaf kristal taban \u00fczerine yerle\u015ftirilen bu modern cam sanat eseri, modern evler, ofisler ve galeri tarz\u0131 i\u00e7 mekanlar i\u00e7in l\u00fcks bir dekoratif obje olarak \u00f6ne \u00e7\u0131kar.&nbsp;<\/p>","protected":false},"excerpt":{"rendered":"<p>\u00dcr\u00fcn \u00d6l\u00e7\u00fcs\u00fc : 15 x 17 cm&nbsp; Murano tarz\u0131 soyut cam heykel, g\u00fcne\u015f y\u00f6r\u00fcngesini ve geometrik hareketi and\u0131ran b\u00fcy\u00fcleyici spiral disk tasar\u0131m\u0131na sahiptir. Turkuaz, amber ve siyah cam katmanlar\u0131n\u0131n birle\u015fimi \u0131\u015f\u0131\u011f\u0131 farkl\u0131 a\u00e7\u0131lardan yakalayarak g\u00fc\u00e7l\u00fc bir g\u00f6rsel etki olu\u015fturur. \u015eeffaf kristal taban \u00fczerine yerle\u015ftirilen bu modern cam sanat eseri, modern evler, ofisler ve galeri tarz\u0131 &hellip; <a href=\"https:\/\/casetti.wpevi.com\/en\/kaleido-cam-disk\/\" class=\"more-link\">Continue reading <span class=\"screen-reader-text\">Kaleido Glass Disc<\/span><\/a><\/p>","protected":false},"featured_media":14659,"comment_status":"open","ping_status":"closed","template":"","meta":[],"product_brand":[217],"product_cat":[213],"product_tag":[],"class_list":{"0":"post-12754","1":"product","2":"type-product","3":"status-publish","4":"has-post-thumbnail","6":"product_brand-casetti","7":"product_cat-cam-ve-kristal-urunler","10":"instock","11":"taxable","12":"shipping-taxable","13":"purchasable","14":"product-type-simple"},"_links":{"self":[{"href":"https:\/\/casetti.wpevi.com\/en\/wp-json\/wp\/v2\/product\/12754","targetHints":{"allow":["GET"]}}],"collection":[{"href":"https:\/\/casetti.wpevi.com\/en\/wp-json\/wp\/v2\/product"}],"about":[{"href":"https:\/\/casetti.wpevi.com\/en\/wp-json\/wp\/v2\/types\/product"}],"replies":[{"embeddable":true,"href":"https:\/\/casetti.wpevi.com\/en\/wp-json\/wp\/v2\/comments?post=12754"}],"version-history":[{"count":2,"href":"https:\/\/casetti.wpevi.com\/en\/wp-json\/wp\/v2\/product\/12754\/revisions"}],"predecessor-version":[{"id":14658,"href":"https:\/\/casetti.wpevi.com\/en\/wp-json\/wp\/v2\/product\/12754\/revisions\/14658"}],"wp:featuredmedia":[{"embeddable":true,"href":"https:\/\/casetti.wpevi.com\/en\/wp-json\/wp\/v2\/media\/14659"}],"wp:attachment":[{"href":"https:\/\/casetti.wpevi.com\/en\/wp-json\/wp\/v2\/media?parent=12754"}],"wp:term":[{"taxonomy":"product_brand","embeddable":true,"href":"https:\/\/casetti.wpevi.com\/en\/wp-json\/wp\/v2\/product_brand?post=12754"},{"taxonomy":"product_cat","embeddable":true,"href":"https:\/\/casetti.wpevi.com\/en\/wp-json\/wp\/v2\/product_cat?post=12754"},{"taxonomy":"product_tag","embeddable":true,"href":"https:\/\/casetti.wpevi.com\/en\/wp-json\/wp\/v2\/product_tag?post=12754"}],"curies":[{"name":"wp","href":"https:\/\/api.w.org\/{rel}","templated":true}]}}