{"id":12745,"date":"2026-02-25T14:32:04","date_gmt":"2026-02-25T11:32:04","guid":{"rendered":"https:\/\/casetti.wpevi.com\/pelagio-sculpture\/"},"modified":"2026-03-12T13:54:03","modified_gmt":"2026-03-12T10:54:03","slug":"yunus-cam-obje","status":"publish","type":"product","link":"https:\/\/casetti.wpevi.com\/en\/yunus-cam-obje\/","title":{"rendered":"Dolphin Glass object"},"content":{"rendered":"<p>\u00dcr\u00fcn \u00d6l\u00e7\u00fcleri : 21 x 25 cm<\/p>\n<p>Okyanusun \u00f6zg\u00fcr ruhundan ilham alan <em>Pelagio<\/em>, cam sanat\u0131n\u0131n ak\u0131\u015fkan esteti\u011fini modern tasar\u0131m anlay\u0131\u015f\u0131yla bulu\u015fturur. Dinamik yunus formu, derin mavi tonlar\u0131n \u0131\u015f\u0131kla birle\u015fmesiyle hareket hissi yarat\u0131rken bulundu\u011fu mek\u00e2na zarif bir enerji katar.<\/p>\n<p>Heykelsi sil\u00fceti sayesinde yaln\u0131zca bir dekor objesi de\u011fil, ayn\u0131 zamanda sanatsal bir odak noktas\u0131d\u0131r. \u015eeffaf cam kaidesi \u00fczerinde y\u00fckselen bu tasar\u0131m, konsol ve sehpa d\u00fczenlemelerinde sofistike bir atmosfer olu\u015fturur.<\/p>\n<p><\/p>","protected":false},"excerpt":{"rendered":"<p>\u00dcr\u00fcn \u00d6l\u00e7\u00fcleri : 21 x 25 cm Okyanusun \u00f6zg\u00fcr ruhundan ilham alan Pelagio, cam sanat\u0131n\u0131n ak\u0131\u015fkan esteti\u011fini modern tasar\u0131m anlay\u0131\u015f\u0131yla bulu\u015fturur. Dinamik yunus formu, derin mavi tonlar\u0131n \u0131\u015f\u0131kla birle\u015fmesiyle hareket hissi yarat\u0131rken bulundu\u011fu mek\u00e2na zarif bir enerji katar. Heykelsi sil\u00fceti sayesinde yaln\u0131zca bir dekor objesi de\u011fil, ayn\u0131 zamanda sanatsal bir odak noktas\u0131d\u0131r. \u015eeffaf cam kaidesi &hellip; <a href=\"https:\/\/casetti.wpevi.com\/en\/yunus-cam-obje\/\" class=\"more-link\">Continue reading <span class=\"screen-reader-text\">Dolphin Glass object<\/span><\/a><\/p>","protected":false},"featured_media":15385,"comment_status":"open","ping_status":"closed","template":"","meta":[],"product_brand":[217],"product_cat":[213],"product_tag":[],"class_list":{"0":"post-12745","1":"product","2":"type-product","3":"status-publish","4":"has-post-thumbnail","6":"product_brand-casetti","7":"product_cat-cam-ve-kristal-urunler","10":"instock","11":"taxable","12":"shipping-taxable","13":"purchasable","14":"product-type-simple"},"_links":{"self":[{"href":"https:\/\/casetti.wpevi.com\/en\/wp-json\/wp\/v2\/product\/12745","targetHints":{"allow":["GET"]}}],"collection":[{"href":"https:\/\/casetti.wpevi.com\/en\/wp-json\/wp\/v2\/product"}],"about":[{"href":"https:\/\/casetti.wpevi.com\/en\/wp-json\/wp\/v2\/types\/product"}],"replies":[{"embeddable":true,"href":"https:\/\/casetti.wpevi.com\/en\/wp-json\/wp\/v2\/comments?post=12745"}],"version-history":[{"count":3,"href":"https:\/\/casetti.wpevi.com\/en\/wp-json\/wp\/v2\/product\/12745\/revisions"}],"predecessor-version":[{"id":15356,"href":"https:\/\/casetti.wpevi.com\/en\/wp-json\/wp\/v2\/product\/12745\/revisions\/15356"}],"wp:featuredmedia":[{"embeddable":true,"href":"https:\/\/casetti.wpevi.com\/en\/wp-json\/wp\/v2\/media\/15385"}],"wp:attachment":[{"href":"https:\/\/casetti.wpevi.com\/en\/wp-json\/wp\/v2\/media?parent=12745"}],"wp:term":[{"taxonomy":"product_brand","embeddable":true,"href":"https:\/\/casetti.wpevi.com\/en\/wp-json\/wp\/v2\/product_brand?post=12745"},{"taxonomy":"product_cat","embeddable":true,"href":"https:\/\/casetti.wpevi.com\/en\/wp-json\/wp\/v2\/product_cat?post=12745"},{"taxonomy":"product_tag","embeddable":true,"href":"https:\/\/casetti.wpevi.com\/en\/wp-json\/wp\/v2\/product_tag?post=12745"}],"curies":[{"name":"wp","href":"https:\/\/api.w.org\/{rel}","templated":true}]}}