{"id":12741,"date":"2026-02-25T14:22:11","date_gmt":"2026-02-25T11:22:11","guid":{"rendered":"https:\/\/casetti.wpevi.com\/umbra-kristal-vazo\/"},"modified":"2026-03-07T17:53:13","modified_gmt":"2026-03-07T14:53:13","slug":"umbra-cam-vazo","status":"publish","type":"product","link":"https:\/\/casetti.wpevi.com\/en\/umbra-cam-vazo\/","title":{"rendered":"Umbra Glass Vase"},"content":{"rendered":"<p>\u00d6l\u00e7\u00fcler : H : 33 cm<\/p>\n<p><\/p>\n<p>S\u0131cak amber tonlar\u0131n\u0131n \u0131\u015f\u0131kla dans etti\u011fi <em>Umbra Vase<\/em>, organik dalgal\u0131 formu ve heykelsi sil\u00fcetiyle modern dekorasyona g\u00fc\u00e7l\u00fc bir karakter kazand\u0131r\u0131r. Y\u00fczeydeki ak\u0131\u015fkan cam dokusu her a\u00e7\u0131dan farkl\u0131 yans\u0131malar olu\u015fturarak mek\u00e2na derinlik ve sofistike bir atmosfer katar.<\/p>\n<p>Minimalist ama etkileyici tasar\u0131m\u0131 sayesinde tek ba\u015f\u0131na bir sanat objesi gibi konumlanabilen Umbra, konsol ve dresuar \u00fczerinde l\u00fcks bir odak noktas\u0131 yarat\u0131r.<\/p>","protected":false},"excerpt":{"rendered":"<p>\u00d6l\u00e7\u00fcler : H : 33 cm S\u0131cak amber tonlar\u0131n\u0131n \u0131\u015f\u0131kla dans etti\u011fi Umbra Vase, organik dalgal\u0131 formu ve heykelsi sil\u00fcetiyle modern dekorasyona g\u00fc\u00e7l\u00fc bir karakter kazand\u0131r\u0131r. Y\u00fczeydeki ak\u0131\u015fkan cam dokusu her a\u00e7\u0131dan farkl\u0131 yans\u0131malar olu\u015fturarak mek\u00e2na derinlik ve sofistike bir atmosfer katar. Minimalist ama etkileyici tasar\u0131m\u0131 sayesinde tek ba\u015f\u0131na bir sanat objesi gibi konumlanabilen Umbra, &hellip; <a href=\"https:\/\/casetti.wpevi.com\/en\/umbra-cam-vazo\/\" class=\"more-link\">Continue reading <span class=\"screen-reader-text\">Umbra Glass Vase<\/span><\/a><\/p>","protected":false},"featured_media":14551,"comment_status":"open","ping_status":"closed","template":"","meta":[],"product_brand":[217],"product_cat":[213],"product_tag":[],"class_list":{"0":"post-12741","1":"product","2":"type-product","3":"status-publish","4":"has-post-thumbnail","6":"product_brand-casetti","7":"product_cat-cam-ve-kristal-urunler","10":"instock","11":"taxable","12":"shipping-taxable","13":"purchasable","14":"product-type-simple"},"_links":{"self":[{"href":"https:\/\/casetti.wpevi.com\/en\/wp-json\/wp\/v2\/product\/12741","targetHints":{"allow":["GET"]}}],"collection":[{"href":"https:\/\/casetti.wpevi.com\/en\/wp-json\/wp\/v2\/product"}],"about":[{"href":"https:\/\/casetti.wpevi.com\/en\/wp-json\/wp\/v2\/types\/product"}],"replies":[{"embeddable":true,"href":"https:\/\/casetti.wpevi.com\/en\/wp-json\/wp\/v2\/comments?post=12741"}],"version-history":[{"count":2,"href":"https:\/\/casetti.wpevi.com\/en\/wp-json\/wp\/v2\/product\/12741\/revisions"}],"predecessor-version":[{"id":14550,"href":"https:\/\/casetti.wpevi.com\/en\/wp-json\/wp\/v2\/product\/12741\/revisions\/14550"}],"wp:featuredmedia":[{"embeddable":true,"href":"https:\/\/casetti.wpevi.com\/en\/wp-json\/wp\/v2\/media\/14551"}],"wp:attachment":[{"href":"https:\/\/casetti.wpevi.com\/en\/wp-json\/wp\/v2\/media?parent=12741"}],"wp:term":[{"taxonomy":"product_brand","embeddable":true,"href":"https:\/\/casetti.wpevi.com\/en\/wp-json\/wp\/v2\/product_brand?post=12741"},{"taxonomy":"product_cat","embeddable":true,"href":"https:\/\/casetti.wpevi.com\/en\/wp-json\/wp\/v2\/product_cat?post=12741"},{"taxonomy":"product_tag","embeddable":true,"href":"https:\/\/casetti.wpevi.com\/en\/wp-json\/wp\/v2\/product_tag?post=12741"}],"curies":[{"name":"wp","href":"https:\/\/api.w.org\/{rel}","templated":true}]}}