{"id":12726,"date":"2026-02-25T14:15:19","date_gmt":"2026-02-25T11:15:19","guid":{"rendered":"https:\/\/casetti.wpevi.com\/?post_type=product&#038;p=12726"},"modified":"2026-03-09T12:11:09","modified_gmt":"2026-03-09T09:11:09","slug":"elara-cam-vazo","status":"publish","type":"product","link":"https:\/\/casetti.wpevi.com\/en\/elara-cam-vazo\/","title":{"rendered":"Elara Glass Vase"},"content":{"rendered":"<p>\u00d6l\u00e7\u00fcler H : 25.5 cm<\/p>\n<p>Ak\u0131\u015fkan cam dokusunun sanatsal bir yorumu olan <em>Elara Vase<\/em>, amber tonlar\u0131n\u0131n s\u0131cak yans\u0131malar\u0131 ve organik y\u00fckselen formuyla modern dekorasyona zarif bir karakter kazand\u0131r\u0131r. I\u015f\u0131\u011f\u0131 k\u0131ran y\u00fczey detaylar\u0131 her a\u00e7\u0131dan farkl\u0131 bir derinlik hissi yarat\u0131rken, heykelsi yap\u0131s\u0131 sayesinde tek ba\u015f\u0131na g\u00fc\u00e7l\u00fc bir tasar\u0131m objesi olarak \u00f6ne \u00e7\u0131kar.<\/p>\n<p>Konsol, sehpa veya dresuar \u00fczerinde l\u00fcks ve sofistike bir atmosfer olu\u015fturan Elara, Casetti\u2019nin zamans\u0131z cam sanat\u0131n\u0131 modern estetikle bulu\u015fturur.<\/p>","protected":false},"excerpt":{"rendered":"<p>\u00d6l\u00e7\u00fcler H : 25.5 cm Ak\u0131\u015fkan cam dokusunun sanatsal bir yorumu olan Elara Vase, amber tonlar\u0131n\u0131n s\u0131cak yans\u0131malar\u0131 ve organik y\u00fckselen formuyla modern dekorasyona zarif bir karakter kazand\u0131r\u0131r. I\u015f\u0131\u011f\u0131 k\u0131ran y\u00fczey detaylar\u0131 her a\u00e7\u0131dan farkl\u0131 bir derinlik hissi yarat\u0131rken, heykelsi yap\u0131s\u0131 sayesinde tek ba\u015f\u0131na g\u00fc\u00e7l\u00fc bir tasar\u0131m objesi olarak \u00f6ne \u00e7\u0131kar. Konsol, sehpa veya dresuar &hellip; <a href=\"https:\/\/casetti.wpevi.com\/en\/elara-cam-vazo\/\" class=\"more-link\">Continue reading <span class=\"screen-reader-text\">Elara Glass Vase<\/span><\/a><\/p>","protected":false},"featured_media":14637,"comment_status":"open","ping_status":"closed","template":"","meta":[],"product_brand":[217],"product_cat":[213],"product_tag":[],"class_list":{"0":"post-12726","1":"product","2":"type-product","3":"status-publish","4":"has-post-thumbnail","6":"product_brand-casetti","7":"product_cat-cam-ve-kristal-urunler","10":"instock","11":"taxable","12":"shipping-taxable","13":"purchasable","14":"product-type-simple"},"_links":{"self":[{"href":"https:\/\/casetti.wpevi.com\/en\/wp-json\/wp\/v2\/product\/12726","targetHints":{"allow":["GET"]}}],"collection":[{"href":"https:\/\/casetti.wpevi.com\/en\/wp-json\/wp\/v2\/product"}],"about":[{"href":"https:\/\/casetti.wpevi.com\/en\/wp-json\/wp\/v2\/types\/product"}],"replies":[{"embeddable":true,"href":"https:\/\/casetti.wpevi.com\/en\/wp-json\/wp\/v2\/comments?post=12726"}],"version-history":[{"count":1,"href":"https:\/\/casetti.wpevi.com\/en\/wp-json\/wp\/v2\/product\/12726\/revisions"}],"predecessor-version":[{"id":12737,"href":"https:\/\/casetti.wpevi.com\/en\/wp-json\/wp\/v2\/product\/12726\/revisions\/12737"}],"wp:featuredmedia":[{"embeddable":true,"href":"https:\/\/casetti.wpevi.com\/en\/wp-json\/wp\/v2\/media\/14637"}],"wp:attachment":[{"href":"https:\/\/casetti.wpevi.com\/en\/wp-json\/wp\/v2\/media?parent=12726"}],"wp:term":[{"taxonomy":"product_brand","embeddable":true,"href":"https:\/\/casetti.wpevi.com\/en\/wp-json\/wp\/v2\/product_brand?post=12726"},{"taxonomy":"product_cat","embeddable":true,"href":"https:\/\/casetti.wpevi.com\/en\/wp-json\/wp\/v2\/product_cat?post=12726"},{"taxonomy":"product_tag","embeddable":true,"href":"https:\/\/casetti.wpevi.com\/en\/wp-json\/wp\/v2\/product_tag?post=12726"}],"curies":[{"name":"wp","href":"https:\/\/api.w.org\/{rel}","templated":true}]}}