{"id":12705,"date":"2026-02-25T14:10:18","date_gmt":"2026-02-25T11:10:18","guid":{"rendered":"https:\/\/casetti.wpevi.com\/orion-cam-vazo-buyuk-boy\/"},"modified":"2026-03-09T13:27:08","modified_gmt":"2026-03-09T10:27:08","slug":"orion-cam-vazo-buyuk-boy","status":"publish","type":"product","link":"https:\/\/casetti.wpevi.com\/en\/orion-cam-vazo-buyuk-boy\/","title":{"rendered":"Orion Large Glass Vase"},"content":{"rendered":"<p>Do\u011fan\u0131n ak\u0131\u015fkan formlar\u0131ndan ilham alan <em>Orion Vase<\/em>, f\u00fcme tonlardan s\u0131cak amber yans\u0131malar\u0131na uzanan zarif renk ge\u00e7i\u015fleriyle modern dekorasyon anlay\u0131\u015f\u0131n\u0131 yeniden yorumlar. Dalgal\u0131 y\u00fczey dokusu \u0131\u015f\u0131\u011f\u0131 k\u0131rarak her a\u00e7\u0131dan farkl\u0131 bir derinlik hissi olu\u015fturur.<\/p>\n<p>Heykelsi formu sayesinde tek ba\u015f\u0131na dahi g\u00fc\u00e7l\u00fc bir tasar\u0131m objesi olarak \u00f6ne \u00e7\u0131kan Orion, konsol, sehpa veya dresuar \u00fczerinde l\u00fcks bir atmosfer yarat\u0131r.<\/p>\n<p><\/p>","protected":false},"excerpt":{"rendered":"<p>Do\u011fan\u0131n ak\u0131\u015fkan formlar\u0131ndan ilham alan Orion Vase, f\u00fcme tonlardan s\u0131cak amber yans\u0131malar\u0131na uzanan zarif renk ge\u00e7i\u015fleriyle modern dekorasyon anlay\u0131\u015f\u0131n\u0131 yeniden yorumlar. Dalgal\u0131 y\u00fczey dokusu \u0131\u015f\u0131\u011f\u0131 k\u0131rarak her a\u00e7\u0131dan farkl\u0131 bir derinlik hissi olu\u015fturur. Heykelsi formu sayesinde tek ba\u015f\u0131na dahi g\u00fc\u00e7l\u00fc bir tasar\u0131m objesi olarak \u00f6ne \u00e7\u0131kan Orion, konsol, sehpa veya dresuar \u00fczerinde l\u00fcks bir atmosfer &hellip; <a href=\"https:\/\/casetti.wpevi.com\/en\/orion-cam-vazo-buyuk-boy\/\" class=\"more-link\">Continue reading <span class=\"screen-reader-text\">Orion Large Glass Vase<\/span><\/a><\/p>","protected":false},"featured_media":14702,"comment_status":"open","ping_status":"closed","template":"","meta":[],"product_brand":[217],"product_cat":[213],"product_tag":[],"class_list":{"0":"post-12705","1":"product","2":"type-product","3":"status-publish","4":"has-post-thumbnail","6":"product_brand-casetti","7":"product_cat-cam-ve-kristal-urunler","10":"instock","11":"taxable","12":"shipping-taxable","13":"purchasable","14":"product-type-simple"},"_links":{"self":[{"href":"https:\/\/casetti.wpevi.com\/en\/wp-json\/wp\/v2\/product\/12705","targetHints":{"allow":["GET"]}}],"collection":[{"href":"https:\/\/casetti.wpevi.com\/en\/wp-json\/wp\/v2\/product"}],"about":[{"href":"https:\/\/casetti.wpevi.com\/en\/wp-json\/wp\/v2\/types\/product"}],"replies":[{"embeddable":true,"href":"https:\/\/casetti.wpevi.com\/en\/wp-json\/wp\/v2\/comments?post=12705"}],"version-history":[{"count":0,"href":"https:\/\/casetti.wpevi.com\/en\/wp-json\/wp\/v2\/product\/12705\/revisions"}],"wp:featuredmedia":[{"embeddable":true,"href":"https:\/\/casetti.wpevi.com\/en\/wp-json\/wp\/v2\/media\/14702"}],"wp:attachment":[{"href":"https:\/\/casetti.wpevi.com\/en\/wp-json\/wp\/v2\/media?parent=12705"}],"wp:term":[{"taxonomy":"product_brand","embeddable":true,"href":"https:\/\/casetti.wpevi.com\/en\/wp-json\/wp\/v2\/product_brand?post=12705"},{"taxonomy":"product_cat","embeddable":true,"href":"https:\/\/casetti.wpevi.com\/en\/wp-json\/wp\/v2\/product_cat?post=12705"},{"taxonomy":"product_tag","embeddable":true,"href":"https:\/\/casetti.wpevi.com\/en\/wp-json\/wp\/v2\/product_tag?post=12705"}],"curies":[{"name":"wp","href":"https:\/\/api.w.org\/{rel}","templated":true}]}}