{"id":12639,"date":"2026-02-25T11:00:07","date_gmt":"2026-02-25T08:00:07","guid":{"rendered":"https:\/\/casetti.wpevi.com\/2li-cam-disk\/"},"modified":"2026-02-25T11:01:09","modified_gmt":"2026-02-25T08:01:09","slug":"aurora-2li-cam-disk","status":"publish","type":"product","link":"https:\/\/casetti.wpevi.com\/en\/aurora-2li-cam-disk\/","title":{"rendered":"Aurora 2-Piece Glass Disc Set"},"content":{"rendered":"<p>\u00d6l\u00e7\u00fcler<br \/>1. 35 x 36 cm<br \/>2. 30 x 35 cm<\/p>\n<p>Do\u011fan\u0131n renk ge\u00e7i\u015flerinden ilham alan <em>Aurora Duo<\/em>, modern sanat ile dekoratif tasar\u0131m\u0131n zarif birle\u015fimini temsil eder. Dalgal\u0131 organik formu, ye\u015filden amber tonlar\u0131na uzanan s\u0131cak ge\u00e7i\u015fleri ve derin siyah y\u00fczey kontrast\u0131 sayesinde bulundu\u011fu mek\u00e2na g\u00fc\u00e7l\u00fc bir karakter kazand\u0131r\u0131r.<\/p>\n<p>El i\u015f\u00e7ili\u011fini hissettiren dokulu cam y\u00fczey, \u0131\u015f\u0131kla etkile\u015fime girerek her a\u00e7\u0131dan farkl\u0131 bir atmosfer olu\u015fturur. Minimal metal kaidesiyle dengelenen bu ikili obje; konsol, sehpa veya dresuar \u00fczerinde modern bir sanat eseri etkisi yarat\u0131r.<\/p>","protected":false},"excerpt":{"rendered":"<p>\u00d6l\u00e7\u00fcler1. 35 x 36 cm2. 30 x 35 cm Do\u011fan\u0131n renk ge\u00e7i\u015flerinden ilham alan Aurora Duo, modern sanat ile dekoratif tasar\u0131m\u0131n zarif birle\u015fimini temsil eder. Dalgal\u0131 organik formu, ye\u015filden amber tonlar\u0131na uzanan s\u0131cak ge\u00e7i\u015fleri ve derin siyah y\u00fczey kontrast\u0131 sayesinde bulundu\u011fu mek\u00e2na g\u00fc\u00e7l\u00fc bir karakter kazand\u0131r\u0131r. El i\u015f\u00e7ili\u011fini hissettiren dokulu cam y\u00fczey, \u0131\u015f\u0131kla etkile\u015fime girerek &hellip; <a href=\"https:\/\/casetti.wpevi.com\/en\/aurora-2li-cam-disk\/\" class=\"more-link\">Continue reading <span class=\"screen-reader-text\">Aurora 2-Piece Glass Disc Set<\/span><\/a><\/p>","protected":false},"featured_media":12646,"comment_status":"open","ping_status":"closed","template":"","meta":[],"product_brand":[217],"product_cat":[213],"product_tag":[],"class_list":{"0":"post-12639","1":"product","2":"type-product","3":"status-publish","4":"has-post-thumbnail","6":"product_brand-casetti","7":"product_cat-cam-ve-kristal-urunler","10":"instock","11":"taxable","12":"shipping-taxable","13":"purchasable","14":"product-type-simple"},"_links":{"self":[{"href":"https:\/\/casetti.wpevi.com\/en\/wp-json\/wp\/v2\/product\/12639","targetHints":{"allow":["GET"]}}],"collection":[{"href":"https:\/\/casetti.wpevi.com\/en\/wp-json\/wp\/v2\/product"}],"about":[{"href":"https:\/\/casetti.wpevi.com\/en\/wp-json\/wp\/v2\/types\/product"}],"replies":[{"embeddable":true,"href":"https:\/\/casetti.wpevi.com\/en\/wp-json\/wp\/v2\/comments?post=12639"}],"version-history":[{"count":2,"href":"https:\/\/casetti.wpevi.com\/en\/wp-json\/wp\/v2\/product\/12639\/revisions"}],"predecessor-version":[{"id":12645,"href":"https:\/\/casetti.wpevi.com\/en\/wp-json\/wp\/v2\/product\/12639\/revisions\/12645"}],"wp:featuredmedia":[{"embeddable":true,"href":"https:\/\/casetti.wpevi.com\/en\/wp-json\/wp\/v2\/media\/12646"}],"wp:attachment":[{"href":"https:\/\/casetti.wpevi.com\/en\/wp-json\/wp\/v2\/media?parent=12639"}],"wp:term":[{"taxonomy":"product_brand","embeddable":true,"href":"https:\/\/casetti.wpevi.com\/en\/wp-json\/wp\/v2\/product_brand?post=12639"},{"taxonomy":"product_cat","embeddable":true,"href":"https:\/\/casetti.wpevi.com\/en\/wp-json\/wp\/v2\/product_cat?post=12639"},{"taxonomy":"product_tag","embeddable":true,"href":"https:\/\/casetti.wpevi.com\/en\/wp-json\/wp\/v2\/product_tag?post=12639"}],"curies":[{"name":"wp","href":"https:\/\/api.w.org\/{rel}","templated":true}]}}