{"id":12627,"date":"2026-02-24T15:38:08","date_gmt":"2026-02-24T12:38:08","guid":{"rendered":"https:\/\/casetti.wpevi.com\/charm-kristal-vazo\/"},"modified":"2026-02-25T17:09:18","modified_gmt":"2026-02-25T14:09:18","slug":"charm-cam-vazo","status":"publish","type":"product","link":"https:\/\/casetti.wpevi.com\/en\/charm-cam-vazo\/","title":{"rendered":"Charm Glass Vase"},"content":{"rendered":"<p>\u00d6l\u00e7\u00fcler :<br \/>Y\u00fckseklik : 21 cm<br \/>Geni\u015flik : 18 cm<\/p>\n<p>Charm Vazo, cam sanat\u0131n\u0131n modern bir yorumuyla tasarlanm\u0131\u015f, g\u00fc\u00e7l\u00fc formu ve amber tonlar\u0131n\u0131n derinli\u011fiyle dikkat \u00e7eken \u00f6zel bir dekor objesidir. \u0130\u00e7 k\u0131sm\u0131ndaki organik desenler ve ak\u0131\u015fkan \u00e7izgiler, \u0131\u015f\u0131kla bulu\u015ftu\u011funda \u00fc\u00e7 boyutlu bir hareket hissi olu\u015fturarak bulundu\u011fu mek\u00e2na sanatsal bir karakter kazand\u0131r\u0131r.<\/p>\n<p>Yo\u011fun kristal yap\u0131s\u0131 sayesinde hem heykelsi bir obje hem de modern bir vazo olarak kullan\u0131labilir. Minimalist, l\u00fcks ve \u00e7a\u011fda\u015f dekorasyon konseptleriyle kusursuz uyum sa\u011flayan Charm Vazo; konsol, sehpa ve vitrinlerde g\u00fc\u00e7l\u00fc bir odak noktas\u0131 yarat\u0131r.<\/p>","protected":false},"excerpt":{"rendered":"<p>\u00d6l\u00e7\u00fcler :Y\u00fckseklik : 21 cmGeni\u015flik : 18 cm Charm Vazo, cam sanat\u0131n\u0131n modern bir yorumuyla tasarlanm\u0131\u015f, g\u00fc\u00e7l\u00fc formu ve amber tonlar\u0131n\u0131n derinli\u011fiyle dikkat \u00e7eken \u00f6zel bir dekor objesidir. \u0130\u00e7 k\u0131sm\u0131ndaki organik desenler ve ak\u0131\u015fkan \u00e7izgiler, \u0131\u015f\u0131kla bulu\u015ftu\u011funda \u00fc\u00e7 boyutlu bir hareket hissi olu\u015fturarak bulundu\u011fu mek\u00e2na sanatsal bir karakter kazand\u0131r\u0131r. Yo\u011fun kristal yap\u0131s\u0131 sayesinde hem heykelsi &hellip; <a href=\"https:\/\/casetti.wpevi.com\/en\/charm-cam-vazo\/\" class=\"more-link\">Continue reading <span class=\"screen-reader-text\">Charm Glass Vase<\/span><\/a><\/p>","protected":false},"featured_media":12789,"comment_status":"open","ping_status":"closed","template":"","meta":[],"product_brand":[217],"product_cat":[213],"product_tag":[],"class_list":{"0":"post-12627","1":"product","2":"type-product","3":"status-publish","4":"has-post-thumbnail","6":"product_brand-casetti","7":"product_cat-cam-ve-kristal-urunler","10":"instock","11":"taxable","12":"shipping-taxable","13":"purchasable","14":"product-type-simple"},"_links":{"self":[{"href":"https:\/\/casetti.wpevi.com\/en\/wp-json\/wp\/v2\/product\/12627","targetHints":{"allow":["GET"]}}],"collection":[{"href":"https:\/\/casetti.wpevi.com\/en\/wp-json\/wp\/v2\/product"}],"about":[{"href":"https:\/\/casetti.wpevi.com\/en\/wp-json\/wp\/v2\/types\/product"}],"replies":[{"embeddable":true,"href":"https:\/\/casetti.wpevi.com\/en\/wp-json\/wp\/v2\/comments?post=12627"}],"version-history":[{"count":2,"href":"https:\/\/casetti.wpevi.com\/en\/wp-json\/wp\/v2\/product\/12627\/revisions"}],"predecessor-version":[{"id":12788,"href":"https:\/\/casetti.wpevi.com\/en\/wp-json\/wp\/v2\/product\/12627\/revisions\/12788"}],"wp:featuredmedia":[{"embeddable":true,"href":"https:\/\/casetti.wpevi.com\/en\/wp-json\/wp\/v2\/media\/12789"}],"wp:attachment":[{"href":"https:\/\/casetti.wpevi.com\/en\/wp-json\/wp\/v2\/media?parent=12627"}],"wp:term":[{"taxonomy":"product_brand","embeddable":true,"href":"https:\/\/casetti.wpevi.com\/en\/wp-json\/wp\/v2\/product_brand?post=12627"},{"taxonomy":"product_cat","embeddable":true,"href":"https:\/\/casetti.wpevi.com\/en\/wp-json\/wp\/v2\/product_cat?post=12627"},{"taxonomy":"product_tag","embeddable":true,"href":"https:\/\/casetti.wpevi.com\/en\/wp-json\/wp\/v2\/product_tag?post=12627"}],"curies":[{"name":"wp","href":"https:\/\/api.w.org\/{rel}","templated":true}]}}