{"id":12623,"date":"2026-02-24T15:08:04","date_gmt":"2026-02-24T12:08:04","guid":{"rendered":"https:\/\/casetti.wpevi.com\/kristal-deniz-anasi\/"},"modified":"2026-03-03T21:30:08","modified_gmt":"2026-03-03T18:30:08","slug":"cam-deniz-anasi","status":"publish","type":"product","link":"https:\/\/casetti.wpevi.com\/en\/cam-deniz-anasi\/","title":{"rendered":"Glass Jellyfish"},"content":{"rendered":"<p>Y\u00fckseklik :25.5 cm<\/p>\n<p><strong>Kristal Deniz Anas\u0131 Sanat Objesi<\/strong><br \/> Okyanusun zarafetini kristal formda yorumlayan bu \u00f6zel tasar\u0131m, hareket hissi veren renk ak\u0131\u015flar\u0131 ve \u00fc\u00e7 boyutlu cam i\u015f\u00e7ili\u011fiyle mek\u00e2n\u0131n\u0131za e\u015fsiz bir derinlik kazand\u0131r\u0131r. \u0130\u00e7 k\u0131sm\u0131ndaki dalga formundaki renk ge\u00e7i\u015fleri, deniz anas\u0131n\u0131n ak\u0131\u015fkan siluetini yans\u0131tarak adeta su i\u00e7inde s\u00fcz\u00fcl\u00fcyormu\u015f hissi olu\u015fturur.<\/p>\n<p>\u015eeffaf kristal y\u00fczey, \u0131\u015f\u0131\u011f\u0131 her a\u00e7\u0131dan yakalayarak farkl\u0131 tonlarda yans\u0131malar yarat\u0131r ve bulundu\u011fu ortama modern bir sanat dokunu\u015fu ekler.&nbsp;<\/p>","protected":false},"excerpt":{"rendered":"<p>Y\u00fckseklik :25.5 cm Kristal Deniz Anas\u0131 Sanat Objesi Okyanusun zarafetini kristal formda yorumlayan bu \u00f6zel tasar\u0131m, hareket hissi veren renk ak\u0131\u015flar\u0131 ve \u00fc\u00e7 boyutlu cam i\u015f\u00e7ili\u011fiyle mek\u00e2n\u0131n\u0131za e\u015fsiz bir derinlik kazand\u0131r\u0131r. \u0130\u00e7 k\u0131sm\u0131ndaki dalga formundaki renk ge\u00e7i\u015fleri, deniz anas\u0131n\u0131n ak\u0131\u015fkan siluetini yans\u0131tarak adeta su i\u00e7inde s\u00fcz\u00fcl\u00fcyormu\u015f hissi olu\u015fturur. \u015eeffaf kristal y\u00fczey, \u0131\u015f\u0131\u011f\u0131 her a\u00e7\u0131dan yakalayarak &hellip; <a href=\"https:\/\/casetti.wpevi.com\/en\/cam-deniz-anasi\/\" class=\"more-link\">Continue reading <span class=\"screen-reader-text\">Glass Jellyfish<\/span><\/a><\/p>","protected":false},"featured_media":13641,"comment_status":"open","ping_status":"closed","template":"","meta":[],"product_brand":[217],"product_cat":[213],"product_tag":[],"class_list":{"0":"post-12623","1":"product","2":"type-product","3":"status-publish","4":"has-post-thumbnail","6":"product_brand-casetti","7":"product_cat-cam-ve-kristal-urunler","10":"instock","11":"taxable","12":"shipping-taxable","13":"purchasable","14":"product-type-simple"},"_links":{"self":[{"href":"https:\/\/casetti.wpevi.com\/en\/wp-json\/wp\/v2\/product\/12623","targetHints":{"allow":["GET"]}}],"collection":[{"href":"https:\/\/casetti.wpevi.com\/en\/wp-json\/wp\/v2\/product"}],"about":[{"href":"https:\/\/casetti.wpevi.com\/en\/wp-json\/wp\/v2\/types\/product"}],"replies":[{"embeddable":true,"href":"https:\/\/casetti.wpevi.com\/en\/wp-json\/wp\/v2\/comments?post=12623"}],"version-history":[{"count":1,"href":"https:\/\/casetti.wpevi.com\/en\/wp-json\/wp\/v2\/product\/12623\/revisions"}],"predecessor-version":[{"id":12791,"href":"https:\/\/casetti.wpevi.com\/en\/wp-json\/wp\/v2\/product\/12623\/revisions\/12791"}],"wp:featuredmedia":[{"embeddable":true,"href":"https:\/\/casetti.wpevi.com\/en\/wp-json\/wp\/v2\/media\/13641"}],"wp:attachment":[{"href":"https:\/\/casetti.wpevi.com\/en\/wp-json\/wp\/v2\/media?parent=12623"}],"wp:term":[{"taxonomy":"product_brand","embeddable":true,"href":"https:\/\/casetti.wpevi.com\/en\/wp-json\/wp\/v2\/product_brand?post=12623"},{"taxonomy":"product_cat","embeddable":true,"href":"https:\/\/casetti.wpevi.com\/en\/wp-json\/wp\/v2\/product_cat?post=12623"},{"taxonomy":"product_tag","embeddable":true,"href":"https:\/\/casetti.wpevi.com\/en\/wp-json\/wp\/v2\/product_tag?post=12623"}],"curies":[{"name":"wp","href":"https:\/\/api.w.org\/{rel}","templated":true}]}}