{"id":12612,"date":"2026-02-24T14:17:04","date_gmt":"2026-02-24T11:17:04","guid":{"rendered":"https:\/\/casetti.wpevi.com\/kristal-sol-anahtari\/"},"modified":"2026-03-05T00:39:05","modified_gmt":"2026-03-04T21:39:05","slug":"cam-sol-anahtari","status":"publish","type":"product","link":"https:\/\/casetti.wpevi.com\/en\/cam-sol-anahtari\/","title":{"rendered":"Window Left Key"},"content":{"rendered":"<p>Y\u00fckseklik : 35cm<br \/>Width: 15 cm<br \/>Alt ks\u0131m : 8 cm<\/p>\n<p><strong>Sol Anahtar\u0131 Dekoratif Obje<\/strong><br \/> Cam \u00fcfleme sanat\u0131yla m\u00fczi\u011fi bir araya getiren kristal sol anahtar\u0131, bulundu\u011fu ortama modern bir estetik ve g\u00fc\u00e7l\u00fc bir karakter kazand\u0131r\u0131r. El i\u015f\u00e7ili\u011fini and\u0131ran ak\u0131\u015fkan formu, \u0131\u015f\u0131kla bulu\u015ftu\u011funda ortaya \u00e7\u0131kan derin renk ge\u00e7i\u015fleriyle adeta ya\u015fayan bir sanat eserine d\u00f6n\u00fc\u015f\u00fcr.<\/p>\n<p>Y\u00fcksek parlakl\u0131\u011fa sahip kristal y\u00fczeyi, ortam \u0131\u015f\u0131\u011f\u0131n\u0131 yans\u0131tarak mek\u00e2na sofistike bir atmosfer katar. Siyah kaide detay\u0131 ise objeye g\u00fc\u00e7l\u00fc ve dengeli bir duru\u015f kazand\u0131r\u0131rken, l\u00fcks dekorasyon anlay\u0131\u015f\u0131na kusursuz uyum sa\u011flar. Salon, ofis, m\u00fczik odas\u0131 veya prestijli vitrin tasar\u0131mlar\u0131nda dikkat \u00e7ekici bir odak noktas\u0131 olu\u015fturur.<\/p>","protected":false},"excerpt":{"rendered":"<p>Y\u00fckseklik : 35cmGeni\u015flik : 15 cmAlt ks\u0131m : 8 cm Sol Anahtar\u0131 Dekoratif Obje Cam \u00fcfleme sanat\u0131yla m\u00fczi\u011fi bir araya getiren kristal sol anahtar\u0131, bulundu\u011fu ortama modern bir estetik ve g\u00fc\u00e7l\u00fc bir karakter kazand\u0131r\u0131r. El i\u015f\u00e7ili\u011fini and\u0131ran ak\u0131\u015fkan formu, \u0131\u015f\u0131kla bulu\u015ftu\u011funda ortaya \u00e7\u0131kan derin renk ge\u00e7i\u015fleriyle adeta ya\u015fayan bir sanat eserine d\u00f6n\u00fc\u015f\u00fcr. Y\u00fcksek parlakl\u0131\u011fa sahip &hellip; <a href=\"https:\/\/casetti.wpevi.com\/en\/cam-sol-anahtari\/\" class=\"more-link\">Continue reading <span class=\"screen-reader-text\">Window Left Key<\/span><\/a><\/p>","protected":false},"featured_media":13865,"comment_status":"open","ping_status":"closed","template":"","meta":[],"product_brand":[217],"product_cat":[213],"product_tag":[],"class_list":{"0":"post-12612","1":"product","2":"type-product","3":"status-publish","4":"has-post-thumbnail","6":"product_brand-casetti","7":"product_cat-cam-ve-kristal-urunler","10":"instock","11":"taxable","12":"shipping-taxable","13":"purchasable","14":"product-type-simple"},"_links":{"self":[{"href":"https:\/\/casetti.wpevi.com\/en\/wp-json\/wp\/v2\/product\/12612","targetHints":{"allow":["GET"]}}],"collection":[{"href":"https:\/\/casetti.wpevi.com\/en\/wp-json\/wp\/v2\/product"}],"about":[{"href":"https:\/\/casetti.wpevi.com\/en\/wp-json\/wp\/v2\/types\/product"}],"replies":[{"embeddable":true,"href":"https:\/\/casetti.wpevi.com\/en\/wp-json\/wp\/v2\/comments?post=12612"}],"version-history":[{"count":2,"href":"https:\/\/casetti.wpevi.com\/en\/wp-json\/wp\/v2\/product\/12612\/revisions"}],"predecessor-version":[{"id":12794,"href":"https:\/\/casetti.wpevi.com\/en\/wp-json\/wp\/v2\/product\/12612\/revisions\/12794"}],"wp:featuredmedia":[{"embeddable":true,"href":"https:\/\/casetti.wpevi.com\/en\/wp-json\/wp\/v2\/media\/13865"}],"wp:attachment":[{"href":"https:\/\/casetti.wpevi.com\/en\/wp-json\/wp\/v2\/media?parent=12612"}],"wp:term":[{"taxonomy":"product_brand","embeddable":true,"href":"https:\/\/casetti.wpevi.com\/en\/wp-json\/wp\/v2\/product_brand?post=12612"},{"taxonomy":"product_cat","embeddable":true,"href":"https:\/\/casetti.wpevi.com\/en\/wp-json\/wp\/v2\/product_cat?post=12612"},{"taxonomy":"product_tag","embeddable":true,"href":"https:\/\/casetti.wpevi.com\/en\/wp-json\/wp\/v2\/product_tag?post=12612"}],"curies":[{"name":"wp","href":"https:\/\/api.w.org\/{rel}","templated":true}]}}