{"id":11999,"date":"2026-02-23T16:36:04","date_gmt":"2026-02-23T13:36:04","guid":{"rendered":"https:\/\/casetti.wpevi.com\/butler-bear\/"},"modified":"2026-02-25T10:46:29","modified_gmt":"2026-02-25T07:46:29","slug":"butler-bear","status":"publish","type":"product","link":"https:\/\/casetti.wpevi.com\/en\/butler-bear\/","title":{"rendered":"Butler Bear"},"content":{"rendered":"<p>Modern pop-art esteti\u011fini l\u00fcks detaylarla bulu\u015fturan <strong>Iconic Butler Bear<\/strong>, ya\u015fam alanlar\u0131na karakter katan \u00f6zg\u00fcn bir sunum objesidir. G\u00fcne\u015f g\u00f6zl\u00fc\u011f\u00fc detay\u0131, alt\u0131n tonlu tepsisi ve stilize formu ile yaln\u0131zca dekoratif bir obje de\u011fil, ayn\u0131 zamanda dikkat \u00e7ekici bir tasar\u0131m par\u00e7as\u0131d\u0131r.<br \/> Casetti imzas\u0131 ta\u015f\u0131yan bu \u00f6zel fig\u00fcr; salon, showroom, ofis ve konsept projelerde g\u00fc\u00e7l\u00fc bir odak noktas\u0131 olu\u015fturur.<\/p>\n<p>\u2714 Alt\u0131n tonlu metal tepsi<br \/>&nbsp;\u2714 Modern pop-art tasar\u0131m<br \/>&nbsp;\u2714 Dekoratif &amp; fonksiyonel sunum objesi<br \/>&nbsp;\u2714 Proje ve vitrin kullan\u0131m\u0131na uygun<br \/>&nbsp;\u2714 Casetti signature stil<\/p>\n<p>\ud83d\udccf <strong>\u00d6l\u00e7\u00fcler:<\/strong><br \/> Y\u00fckseklik: 75 cm<br \/> Geni\u015flik: 47 cm<\/p>","protected":false},"excerpt":{"rendered":"<p>Modern pop-art esteti\u011fini l\u00fcks detaylarla bulu\u015fturan Iconic Butler Bear, ya\u015fam alanlar\u0131na karakter katan \u00f6zg\u00fcn bir sunum objesidir. G\u00fcne\u015f g\u00f6zl\u00fc\u011f\u00fc detay\u0131, alt\u0131n tonlu tepsisi ve stilize formu ile yaln\u0131zca dekoratif bir obje de\u011fil, ayn\u0131 zamanda dikkat \u00e7ekici bir tasar\u0131m par\u00e7as\u0131d\u0131r. Casetti imzas\u0131 ta\u015f\u0131yan bu \u00f6zel fig\u00fcr; salon, showroom, ofis ve konsept projelerde g\u00fc\u00e7l\u00fc bir odak noktas\u0131 &hellip; <a href=\"https:\/\/casetti.wpevi.com\/en\/butler-bear\/\" class=\"more-link\">Continue reading <span class=\"screen-reader-text\">Butler Bear<\/span><\/a><\/p>","protected":false},"featured_media":12636,"comment_status":"open","ping_status":"closed","template":"","meta":[],"product_brand":[217],"product_cat":[253],"product_tag":[],"class_list":{"0":"post-11999","1":"product","2":"type-product","3":"status-publish","4":"has-post-thumbnail","6":"product_brand-casetti","7":"product_cat-cocuk-odasi-dekorasyonu","10":"instock","11":"taxable","12":"shipping-taxable","13":"purchasable","14":"product-type-simple"},"_links":{"self":[{"href":"https:\/\/casetti.wpevi.com\/en\/wp-json\/wp\/v2\/product\/11999","targetHints":{"allow":["GET"]}}],"collection":[{"href":"https:\/\/casetti.wpevi.com\/en\/wp-json\/wp\/v2\/product"}],"about":[{"href":"https:\/\/casetti.wpevi.com\/en\/wp-json\/wp\/v2\/types\/product"}],"replies":[{"embeddable":true,"href":"https:\/\/casetti.wpevi.com\/en\/wp-json\/wp\/v2\/comments?post=11999"}],"version-history":[{"count":0,"href":"https:\/\/casetti.wpevi.com\/en\/wp-json\/wp\/v2\/product\/11999\/revisions"}],"wp:featuredmedia":[{"embeddable":true,"href":"https:\/\/casetti.wpevi.com\/en\/wp-json\/wp\/v2\/media\/12636"}],"wp:attachment":[{"href":"https:\/\/casetti.wpevi.com\/en\/wp-json\/wp\/v2\/media?parent=11999"}],"wp:term":[{"taxonomy":"product_brand","embeddable":true,"href":"https:\/\/casetti.wpevi.com\/en\/wp-json\/wp\/v2\/product_brand?post=11999"},{"taxonomy":"product_cat","embeddable":true,"href":"https:\/\/casetti.wpevi.com\/en\/wp-json\/wp\/v2\/product_cat?post=11999"},{"taxonomy":"product_tag","embeddable":true,"href":"https:\/\/casetti.wpevi.com\/en\/wp-json\/wp\/v2\/product_tag?post=11999"}],"curies":[{"name":"wp","href":"https:\/\/api.w.org\/{rel}","templated":true}]}}