{"id":11787,"date":"2026-02-23T15:30:41","date_gmt":"2026-02-23T12:30:41","guid":{"rendered":"https:\/\/casetti.wpevi.com\/?post_type=product&#038;p=11787"},"modified":"2026-03-05T01:10:32","modified_gmt":"2026-03-04T22:10:32","slug":"fines-3lu-zigon-set","status":"publish","type":"product","link":"https:\/\/casetti.wpevi.com\/en\/fines-3lu-zigon-set\/","title":{"rendered":"Fines 3&#8217;l\u00fc Zigon Set"},"content":{"rendered":"<p>Modern mimari \u00e7izgilerden ilham alan Fines<strong> Zygon<\/strong>, ince metal profilleri ve f\u00fcme cam y\u00fczeyiyle mek\u00e2nlara hafif ama g\u00fc\u00e7l\u00fc bir karakter kazand\u0131r\u0131r. \u00dcst \u00fcste giren ak\u0131\u015fkan formu sayesinde hem fonksiyonel hem de heykelsi bir g\u00f6r\u00fcn\u00fcm sunar.<br \/> Minimal tasar\u0131m dili ve \u015fampanya tonlu metal y\u00fczeyi ile modern salon, ofis ve l\u00fcks proje alanlar\u0131nda zarif bir tamamlay\u0131c\u0131d\u0131r.<\/p>\n<p>&nbsp;\u2714 \u0130nce profil metal tasar\u0131m<br \/>&nbsp;\u2714 \u0130\u00e7 i\u00e7e ge\u00e7en modern form<br \/>&nbsp;\u2714 Hafif ve \u015f\u0131k g\u00f6r\u00fcn\u00fcm<\/p>\n<p>\ud83d\udccf <strong>\u00d6l\u00e7\u00fcler:<\/strong><br \/> Y\u00fckseklik: 59 \/ 56 \/ 52 cm<\/p>\n<p>\ud83d\udcd0 <strong>\u00dcst Tabla \u00d6l\u00e7\u00fcleri:<\/strong><br \/> 57 \u00d7 40 cm<br \/>50 x 37 cm&nbsp;<br \/> 43 \u00d7 34 cm<\/p>","protected":false},"excerpt":{"rendered":"<p>Modern mimari \u00e7izgilerden ilham alan Fines Zigon, ince metal profilleri ve f\u00fcme cam y\u00fczeyiyle mek\u00e2nlara hafif ama g\u00fc\u00e7l\u00fc bir karakter kazand\u0131r\u0131r. \u00dcst \u00fcste giren ak\u0131\u015fkan formu sayesinde hem fonksiyonel hem de heykelsi bir g\u00f6r\u00fcn\u00fcm sunar. Minimal tasar\u0131m dili ve \u015fampanya tonlu metal y\u00fczeyi ile modern salon, ofis ve l\u00fcks proje alanlar\u0131nda zarif bir tamamlay\u0131c\u0131d\u0131r. &nbsp;\u2714 &hellip; <a href=\"https:\/\/casetti.wpevi.com\/en\/fines-3lu-zigon-set\/\" class=\"more-link\">Continue reading <span class=\"screen-reader-text\">Fines 3&#8217;l\u00fc Zigon Set<\/span><\/a><\/p>","protected":false},"featured_media":13892,"comment_status":"open","ping_status":"closed","template":"","meta":[],"product_brand":[217],"product_cat":[159,199],"product_tag":[],"class_list":{"0":"post-11787","1":"product","2":"type-product","3":"status-publish","4":"has-post-thumbnail","6":"product_brand-casetti","7":"product_cat-metal-mobilya","8":"product_cat-zigon-sehpa","9":"pa_renk-krom","10":"pa_renk-mat-gold","11":"pa_renk-mat-siyah","14":"instock","15":"taxable","16":"shipping-taxable","17":"purchasable","18":"product-type-variable"},"_links":{"self":[{"href":"https:\/\/casetti.wpevi.com\/en\/wp-json\/wp\/v2\/product\/11787","targetHints":{"allow":["GET"]}}],"collection":[{"href":"https:\/\/casetti.wpevi.com\/en\/wp-json\/wp\/v2\/product"}],"about":[{"href":"https:\/\/casetti.wpevi.com\/en\/wp-json\/wp\/v2\/types\/product"}],"replies":[{"embeddable":true,"href":"https:\/\/casetti.wpevi.com\/en\/wp-json\/wp\/v2\/comments?post=11787"}],"version-history":[{"count":2,"href":"https:\/\/casetti.wpevi.com\/en\/wp-json\/wp\/v2\/product\/11787\/revisions"}],"predecessor-version":[{"id":11917,"href":"https:\/\/casetti.wpevi.com\/en\/wp-json\/wp\/v2\/product\/11787\/revisions\/11917"}],"wp:featuredmedia":[{"embeddable":true,"href":"https:\/\/casetti.wpevi.com\/en\/wp-json\/wp\/v2\/media\/13892"}],"wp:attachment":[{"href":"https:\/\/casetti.wpevi.com\/en\/wp-json\/wp\/v2\/media?parent=11787"}],"wp:term":[{"taxonomy":"product_brand","embeddable":true,"href":"https:\/\/casetti.wpevi.com\/en\/wp-json\/wp\/v2\/product_brand?post=11787"},{"taxonomy":"product_cat","embeddable":true,"href":"https:\/\/casetti.wpevi.com\/en\/wp-json\/wp\/v2\/product_cat?post=11787"},{"taxonomy":"product_tag","embeddable":true,"href":"https:\/\/casetti.wpevi.com\/en\/wp-json\/wp\/v2\/product_tag?post=11787"}],"curies":[{"name":"wp","href":"https:\/\/api.w.org\/{rel}","templated":true}]}}