{"id":11777,"date":"2026-02-23T15:14:04","date_gmt":"2026-02-23T12:14:04","guid":{"rendered":"https:\/\/casetti.wpevi.com\/?post_type=product&#038;p=11777"},"modified":"2026-03-03T22:01:07","modified_gmt":"2026-03-03T19:01:07","slug":"zen-saksi","status":"publish","type":"product","link":"https:\/\/casetti.wpevi.com\/en\/zen-saksi\/","title":{"rendered":"Zen Planter"},"content":{"rendered":"<p>Do\u011fal ak\u0131\u015fkan formu ve bonsai esteti\u011fini modern tasar\u0131mla bulu\u015fturan <em>&nbsp;Zen Planter<\/em>, mek\u00e2nlara sakin ama g\u00fc\u00e7l\u00fc bir karakter kazand\u0131r\u0131r. Heykelsi g\u00f6vde formu ve minimal silindir saks\u0131 yap\u0131s\u0131 sayesinde hem modern hem de Japandi tarz dekorasyonlarla uyum sa\u011flar.<br \/> Casetti tasar\u0131m diliyle haz\u0131rlanan bu \u00f6zel par\u00e7a; ya\u015fam alanlar\u0131nda sanat objesi hissi yaratan, zamans\u0131z bir dekoratif \u00fcr\u00fcnd\u00fcr.<\/p>\n<p>\u2714 Heykelsi tasar\u0131m formu<br \/>&nbsp;\u2714 Modern ve l\u00fcks g\u00f6r\u00fcn\u00fcm<br \/>&nbsp;\u2714 Salon, ofis ve proje alanlar\u0131na uygun<br \/>&nbsp;\u2714 Minimal ta\u015f detayl\u0131 \u00fcst y\u00fczey<\/p>\n<p>\ud83d\udccf <strong>\u00d6l\u00e7\u00fcler:<\/strong><br \/> Y\u00fckseklik: 50 cm<br \/> \u00c7ap: 40 cm<\/p>","protected":false},"excerpt":{"rendered":"<p>Do\u011fal ak\u0131\u015fkan formu ve bonsai esteti\u011fini modern tasar\u0131mla bulu\u015fturan &nbsp;Zen Saks\u0131, mek\u00e2nlara sakin ama g\u00fc\u00e7l\u00fc bir karakter kazand\u0131r\u0131r. Heykelsi g\u00f6vde formu ve minimal silindir saks\u0131 yap\u0131s\u0131 sayesinde hem modern hem de Japandi tarz dekorasyonlarla uyum sa\u011flar. Casetti tasar\u0131m diliyle haz\u0131rlanan bu \u00f6zel par\u00e7a; ya\u015fam alanlar\u0131nda sanat objesi hissi yaratan, zamans\u0131z bir dekoratif \u00fcr\u00fcnd\u00fcr. \u2714 Heykelsi &hellip; <a href=\"https:\/\/casetti.wpevi.com\/en\/zen-saksi\/\" class=\"more-link\">Continue reading <span class=\"screen-reader-text\">Zen Planter<\/span><\/a><\/p>","protected":false},"featured_media":13656,"comment_status":"open","ping_status":"closed","template":"","meta":[],"product_brand":[217],"product_cat":[212],"product_tag":[],"class_list":{"0":"post-11777","1":"product","2":"type-product","3":"status-publish","4":"has-post-thumbnail","6":"product_brand-casetti","7":"product_cat-saksi-vazo-kup","10":"instock","11":"taxable","12":"shipping-taxable","13":"purchasable","14":"product-type-simple"},"_links":{"self":[{"href":"https:\/\/casetti.wpevi.com\/en\/wp-json\/wp\/v2\/product\/11777","targetHints":{"allow":["GET"]}}],"collection":[{"href":"https:\/\/casetti.wpevi.com\/en\/wp-json\/wp\/v2\/product"}],"about":[{"href":"https:\/\/casetti.wpevi.com\/en\/wp-json\/wp\/v2\/types\/product"}],"replies":[{"embeddable":true,"href":"https:\/\/casetti.wpevi.com\/en\/wp-json\/wp\/v2\/comments?post=11777"}],"version-history":[{"count":1,"href":"https:\/\/casetti.wpevi.com\/en\/wp-json\/wp\/v2\/product\/11777\/revisions"}],"predecessor-version":[{"id":13411,"href":"https:\/\/casetti.wpevi.com\/en\/wp-json\/wp\/v2\/product\/11777\/revisions\/13411"}],"wp:featuredmedia":[{"embeddable":true,"href":"https:\/\/casetti.wpevi.com\/en\/wp-json\/wp\/v2\/media\/13656"}],"wp:attachment":[{"href":"https:\/\/casetti.wpevi.com\/en\/wp-json\/wp\/v2\/media?parent=11777"}],"wp:term":[{"taxonomy":"product_brand","embeddable":true,"href":"https:\/\/casetti.wpevi.com\/en\/wp-json\/wp\/v2\/product_brand?post=11777"},{"taxonomy":"product_cat","embeddable":true,"href":"https:\/\/casetti.wpevi.com\/en\/wp-json\/wp\/v2\/product_cat?post=11777"},{"taxonomy":"product_tag","embeddable":true,"href":"https:\/\/casetti.wpevi.com\/en\/wp-json\/wp\/v2\/product_tag?post=11777"}],"curies":[{"name":"wp","href":"https:\/\/api.w.org\/{rel}","templated":true}]}}