{"id":11188,"date":"2026-02-21T16:11:05","date_gmt":"2026-02-21T13:11:05","guid":{"rendered":"https:\/\/casetti.wpevi.com\/aures-ikili-yan-sehpa\/"},"modified":"2026-02-28T13:42:15","modified_gmt":"2026-02-28T10:42:15","slug":"aures-ikili-yan-sehpa","status":"publish","type":"product","link":"https:\/\/casetti.wpevi.com\/en\/aures-ikili-yan-sehpa\/","title":{"rendered":"Aures Double Side Table"},"content":{"rendered":"<p>Heykelsi formdan ilham alan <strong>Casetti <\/strong>Aures modern dekorasyon anlay\u0131\u015f\u0131n\u0131 g\u00fc\u00e7l\u00fc bir tasar\u0131m diliyle yorumlar. Parlak metal y\u00fczeylerin \u0131\u015f\u0131\u011f\u0131 yans\u0131tan etkisi ve dengeli geometrik yap\u0131s\u0131, mek\u00e2nda sanatsal bir odak noktas\u0131 olu\u015fturur.<\/p>\n<p>Salon, ofis ve proje alanlar\u0131nda hem fonksiyonel hem estetik bir tamamlay\u0131c\u0131 olarak tasarlanm\u0131\u015ft\u0131r.<\/p>\n<p>\u00c7ap: 42 cm<br \/>&nbsp;Y\u00fckseklik: 49 cm &amp; 59 cm<\/p>","protected":false},"excerpt":{"rendered":"<p>Heykelsi formdan ilham alan Casetti Aures modern dekorasyon anlay\u0131\u015f\u0131n\u0131 g\u00fc\u00e7l\u00fc bir tasar\u0131m diliyle yorumlar. Parlak metal y\u00fczeylerin \u0131\u015f\u0131\u011f\u0131 yans\u0131tan etkisi ve dengeli geometrik yap\u0131s\u0131, mek\u00e2nda sanatsal bir odak noktas\u0131 olu\u015fturur. Salon, ofis ve proje alanlar\u0131nda hem fonksiyonel hem estetik bir tamamlay\u0131c\u0131 olarak tasarlanm\u0131\u015ft\u0131r. \u00c7ap: 42 cm&nbsp;Y\u00fckseklik: 49 cm &amp; 59 cm<\/p>","protected":false},"featured_media":13208,"comment_status":"open","ping_status":"closed","template":"","meta":[],"product_brand":[217],"product_cat":[159],"product_tag":[],"class_list":{"0":"post-11188","1":"product","2":"type-product","3":"status-publish","4":"has-post-thumbnail","6":"product_brand-casetti","7":"product_cat-metal-mobilya","10":"instock","11":"taxable","12":"shipping-taxable","13":"purchasable","14":"product-type-simple"},"_links":{"self":[{"href":"https:\/\/casetti.wpevi.com\/en\/wp-json\/wp\/v2\/product\/11188","targetHints":{"allow":["GET"]}}],"collection":[{"href":"https:\/\/casetti.wpevi.com\/en\/wp-json\/wp\/v2\/product"}],"about":[{"href":"https:\/\/casetti.wpevi.com\/en\/wp-json\/wp\/v2\/types\/product"}],"replies":[{"embeddable":true,"href":"https:\/\/casetti.wpevi.com\/en\/wp-json\/wp\/v2\/comments?post=11188"}],"version-history":[{"count":0,"href":"https:\/\/casetti.wpevi.com\/en\/wp-json\/wp\/v2\/product\/11188\/revisions"}],"wp:featuredmedia":[{"embeddable":true,"href":"https:\/\/casetti.wpevi.com\/en\/wp-json\/wp\/v2\/media\/13208"}],"wp:attachment":[{"href":"https:\/\/casetti.wpevi.com\/en\/wp-json\/wp\/v2\/media?parent=11188"}],"wp:term":[{"taxonomy":"product_brand","embeddable":true,"href":"https:\/\/casetti.wpevi.com\/en\/wp-json\/wp\/v2\/product_brand?post=11188"},{"taxonomy":"product_cat","embeddable":true,"href":"https:\/\/casetti.wpevi.com\/en\/wp-json\/wp\/v2\/product_cat?post=11188"},{"taxonomy":"product_tag","embeddable":true,"href":"https:\/\/casetti.wpevi.com\/en\/wp-json\/wp\/v2\/product_tag?post=11188"}],"curies":[{"name":"wp","href":"https:\/\/api.w.org\/{rel}","templated":true}]}}