{"id":11176,"date":"2026-02-21T15:32:04","date_gmt":"2026-02-21T12:32:04","guid":{"rendered":"https:\/\/casetti.wpevi.com\/beat-dog\/"},"modified":"2026-03-03T21:25:11","modified_gmt":"2026-03-03T18:25:11","slug":"beat-dog","status":"publish","type":"product","link":"https:\/\/casetti.wpevi.com\/en\/beat-dog\/","title":{"rendered":"Beat Dog"},"content":{"rendered":"<p>Modern pop-art esteti\u011fini teknoloji ile bulu\u015fturan Beat <strong>Dog<\/strong>, sadece bir dekor objesi de\u011fil, mek\u00e2n\u0131n atmosferini de\u011fi\u015ftiren interaktif bir tasar\u0131m par\u00e7as\u0131d\u0131r.<\/p>\n<p>80 cm y\u00fcksekli\u011findeki heykelsi formu, alt\u0131n tonlu servis tablas\u0131 ve g\u00f6\u011f\u00fcs k\u0131sm\u0131na entegre <strong>Bluetooth hoparl\u00f6r sistemi<\/strong> ile hem g\u00f6rsel hem i\u015fitsel bir deneyim sunar. \u015earjl\u0131 yap\u0131s\u0131 sayesinde kablosuz kullan\u0131m imk\u00e2n\u0131 sa\u011flar; salon, ofis ve proje alanlar\u0131nda dikkat \u00e7ekici bir odak noktas\u0131 olu\u015fturur.<\/p>\n<p>\ud83d\udd0a G\u00f6\u011f\u00fcs k\u0131sm\u0131nda entegre Bluetooth hoparl\u00f6r<br \/>\u015earjl\u0131 &amp; kablosuz kullan\u0131m<br \/>&nbsp;Y\u00fckseklik: 80 cm<br \/>&nbsp;Pop-art k\u0131rm\u0131z\u0131 g\u00f6vde &amp; gold detayl\u0131 servis tablas\u0131<br \/>&nbsp;Modern \u2013 E\u011flenceli \u2013 L\u00fcks dekor tasar\u0131m\u0131<\/p>\n<p><\/p>","protected":false},"excerpt":{"rendered":"<p>Modern pop-art esteti\u011fini teknoloji ile bulu\u015fturan Beat Dog, sadece bir dekor objesi de\u011fil, mek\u00e2n\u0131n atmosferini de\u011fi\u015ftiren interaktif bir tasar\u0131m par\u00e7as\u0131d\u0131r. 80 cm y\u00fcksekli\u011findeki heykelsi formu, alt\u0131n tonlu servis tablas\u0131 ve g\u00f6\u011f\u00fcs k\u0131sm\u0131na entegre Bluetooth hoparl\u00f6r sistemi ile hem g\u00f6rsel hem i\u015fitsel bir deneyim sunar. \u015earjl\u0131 yap\u0131s\u0131 sayesinde kablosuz kullan\u0131m imk\u00e2n\u0131 sa\u011flar; salon, ofis ve proje &hellip; <a href=\"https:\/\/casetti.wpevi.com\/en\/beat-dog\/\" class=\"more-link\">Continue reading <span class=\"screen-reader-text\">Beat Dog<\/span><\/a><\/p>","protected":false},"featured_media":13637,"comment_status":"open","ping_status":"closed","template":"","meta":[],"product_brand":[217],"product_cat":[207],"product_tag":[],"class_list":{"0":"post-11176","1":"product","2":"type-product","3":"status-publish","4":"has-post-thumbnail","6":"product_brand-casetti","7":"product_cat-heykeller-ve-bustler","10":"instock","11":"taxable","12":"shipping-taxable","13":"purchasable","14":"product-type-simple"},"_links":{"self":[{"href":"https:\/\/casetti.wpevi.com\/en\/wp-json\/wp\/v2\/product\/11176","targetHints":{"allow":["GET"]}}],"collection":[{"href":"https:\/\/casetti.wpevi.com\/en\/wp-json\/wp\/v2\/product"}],"about":[{"href":"https:\/\/casetti.wpevi.com\/en\/wp-json\/wp\/v2\/types\/product"}],"replies":[{"embeddable":true,"href":"https:\/\/casetti.wpevi.com\/en\/wp-json\/wp\/v2\/comments?post=11176"}],"version-history":[{"count":0,"href":"https:\/\/casetti.wpevi.com\/en\/wp-json\/wp\/v2\/product\/11176\/revisions"}],"wp:featuredmedia":[{"embeddable":true,"href":"https:\/\/casetti.wpevi.com\/en\/wp-json\/wp\/v2\/media\/13637"}],"wp:attachment":[{"href":"https:\/\/casetti.wpevi.com\/en\/wp-json\/wp\/v2\/media?parent=11176"}],"wp:term":[{"taxonomy":"product_brand","embeddable":true,"href":"https:\/\/casetti.wpevi.com\/en\/wp-json\/wp\/v2\/product_brand?post=11176"},{"taxonomy":"product_cat","embeddable":true,"href":"https:\/\/casetti.wpevi.com\/en\/wp-json\/wp\/v2\/product_cat?post=11176"},{"taxonomy":"product_tag","embeddable":true,"href":"https:\/\/casetti.wpevi.com\/en\/wp-json\/wp\/v2\/product_tag?post=11176"}],"curies":[{"name":"wp","href":"https:\/\/api.w.org\/{rel}","templated":true}]}}